{"id":92581,"date":"2026-04-04T10:06:51","date_gmt":"2026-04-04T09:06:51","guid":{"rendered":"https:\/\/pracek.si\/racunalniskatrgovina\/izdelek\/prenosnik-hp-elite-dragonfly-g4-i7-ram-16-gb-ssd-disk-135%e2%80%b3-wuxga\/"},"modified":"2026-04-04T10:06:54","modified_gmt":"2026-04-04T09:06:54","slug":"prenosnik-hp-elite-dragonfly-g4-i7-ram-16-gb-ssd-disk-135%e2%80%b3-wuxga","status":"publish","type":"product","link":"https:\/\/pracek.si\/racunalniskatrgovina\/izdelek\/prenosnik-hp-elite-dragonfly-g4-i7-ram-16-gb-ssd-disk-135%e2%80%b3-wuxga\/","title":{"rendered":"Prenosnik HP Elite Dragonfly G4 \/ i7 \/ RAM 16 GB \/ SSD Disk \/ 13,5\u2033 WUXGA"},"content":{"rendered":"<p>Eleganten in zmogljiv HP Elite Dragonfly G4 je vrhunski prenosnik, ki zdru\u017euje mo\u010d, prenosljivost in estetski dizajn. Ta prenosnik je popolno orodje za profesionalce, ki si \u017eelijo elegantno tehnologijo z izjemno zmogljivostjo.<\/p>\n<p><H2>Najve\u010dje prednosti<\/H2><br \/>\n<b>HP Elite Dragonfly G4<\/b> vas bo navdu\u0161il s svojo kombinacijo elegantnega dizajna in vrhunske zmogljivosti. Nekatere klju\u010dne prednosti vklju\u010dujejo:<br \/>\n<ul><br \/>\n    <li><b>Kompakten dizajn in velikost zaslona:<\/b> 34,3 cm (13,5\u2033) matiran zaslon WUXGA+ ponuja jasne slike brez ble\u0161\u010danja.<\/li><br \/>\n    <li><b>Zmogljiv procesor:<\/b> Idealno za zahtevne naloge in ve\u010dopravilnost.<\/li><br \/>\n    <li><b>Hitrost:<\/b> Vgrajen NVMe disk omogo\u010da hiter dostop do podatkov.<\/li><br \/>\n    <li><b>Napredna grafika:<\/b> Intel Iris Xe za jasne in teko\u010de vizualizacije.<\/li><br \/>\n<\/ul><\/p>\n<p><H2>Kdo kupuje ta izdelek<\/H2><br \/>\nTa prenosnik je kot nala\u0161\u010d za poslovne uporabnike, ki potrebujejo zanesljivo napravo za delo na terenu ali v pisarni. Prav tako je odli\u010dna izbira za kreativce, ki zahtevajo mo\u010dan stroj za obdelavo vizualnih vsebin, ter za vse, ki pogosto potujejo in potrebujejo zanesljivo prenosljivost.<\/p>\n<p><H2>Mo\u017enosti nadgradnje<\/H2><br \/>\nHP Elite Dragonfly G4 omogo\u010da <b>prilagodljive mo\u017enosti nadgradnje<\/b> diska in pomnilnika, kar pomeni, da lahko napravo vedno prilagodite nara\u0161\u010dajo\u010dim potrebam. Pred izvedbo nadgradnje se vedno posvetujte s strokovnjakom.<\/p>\n<p><H2>Zakaj izbrati obnovljeno napravo<\/H2><br \/>\nOdlo\u010ditev za obnovljeno napravo, kot je HP Elite Dragonfly G4, prina\u0161a \u0161tevilne prednosti. Obnovljene naprave so podvr\u017eene strogi strokovni storitvi obnove, kar zagotavlja visoko stopnjo kakovosti in zanesljivosti. Vsaka naprava prehaja skozi standardiziran sistem ocen kakovosti. S tem ne samo da dobite zmogljivo napravo po ugodnej\u0161i ceni, ampak tudi prispevate k trajnosti z zmanj\u0161evanjem elektronskih odpadkov in podalj\u0161anjem \u017eivljenjske dobe tehnologije.<h2>Odprta embala\u017ea<\/h2>&#13;<br \/>\n<p>Skoraj nobenih znakov obrabe. Tovarni\u0161ka kvaliteta. V ve\u010dini primerov gre za prese\u017eek proizvodnje in neprodane zaloge, pri katerih razlike v primerjavi z novimi napravami niso opazne.<\/p>&#13;<\/p>\n","protected":false},"excerpt":{"rendered":"<p>Intel\u00ae Core\u2122 i7-1355U \/ 1,7 &#8211; 3,7 GHz \/ 10-Cores (2C+8c\/12T) \/ Turbo Speed 5,0 GHz, 16 GB LPDDR5 ONBOARD, 512 GB NVME SSD, 34,3 cm (13,5\u2033), Matiran (AntiGlare, matt), WUXGA+ \/ 1920 x 1280, Intel\u00ae Iris\u00ae Xe Graphics, HDMI, Thunderbolt, 1x USB, Backlit keyboard, bluetooth, Microsoft Windows 11 Pro (64-bit)<\/p>\n","protected":false},"featured_media":92583,"template":"","meta":[],"product_brand":[26],"product_cat":[1296,1204,1297,1964,1959,1286],"product_tag":[1811],"class_list":{"0":"post-92581","1":"product","2":"type-product","3":"status-publish","4":"has-post-thumbnail","6":"product_brand-hewlett-packard","7":"product_cat-hp-prenosniki","8":"product_cat-prenosniki","9":"product_cat-prenosniki-i7","10":"product_cat-prenosniki-ultrabook","11":"product_cat-prenosniki-za-poslovno-uporabo","12":"product_cat-priljubljena-iskanja","13":"product_tag-pp","14":"pa_odgovorna-oseba-v-eu-hp-tehnicna-regulativna-ekipa","16":"first","17":"instock","18":"taxable","19":"shipping-taxable","20":"purchasable","21":"product-type-simple"},"_links":{"self":[{"href":"https:\/\/pracek.si\/racunalniskatrgovina\/wp-json\/wp\/v2\/product\/92581","targetHints":{"allow":["GET"]}}],"collection":[{"href":"https:\/\/pracek.si\/racunalniskatrgovina\/wp-json\/wp\/v2\/product"}],"about":[{"href":"https:\/\/pracek.si\/racunalniskatrgovina\/wp-json\/wp\/v2\/types\/product"}],"version-history":[{"count":1,"href":"https:\/\/pracek.si\/racunalniskatrgovina\/wp-json\/wp\/v2\/product\/92581\/revisions"}],"predecessor-version":[{"id":92582,"href":"https:\/\/pracek.si\/racunalniskatrgovina\/wp-json\/wp\/v2\/product\/92581\/revisions\/92582"}],"wp:featuredmedia":[{"embeddable":true,"href":"https:\/\/pracek.si\/racunalniskatrgovina\/wp-json\/wp\/v2\/media\/92583"}],"wp:attachment":[{"href":"https:\/\/pracek.si\/racunalniskatrgovina\/wp-json\/wp\/v2\/media?parent=92581"}],"wp:term":[{"taxonomy":"product_brand","embeddable":true,"href":"https:\/\/pracek.si\/racunalniskatrgovina\/wp-json\/wp\/v2\/product_brand?post=92581"},{"taxonomy":"product_cat","embeddable":true,"href":"https:\/\/pracek.si\/racunalniskatrgovina\/wp-json\/wp\/v2\/product_cat?post=92581"},{"taxonomy":"product_tag","embeddable":true,"href":"https:\/\/pracek.si\/racunalniskatrgovina\/wp-json\/wp\/v2\/product_tag?post=92581"}],"curies":[{"name":"wp","href":"https:\/\/api.w.org\/{rel}","templated":true}]}}