{"id":92663,"date":"2026-04-04T10:10:22","date_gmt":"2026-04-04T09:10:22","guid":{"rendered":"https:\/\/pracek.si\/racunalniskatrgovina\/izdelek\/prenosnik-hp-omnibook-5-flip-14-fp0007nl-core-5-120u-touch-5-ram-16-gb-ssd-disk-140%e2%80%b3-wuxga\/"},"modified":"2026-04-04T10:10:30","modified_gmt":"2026-04-04T09:10:30","slug":"prenosnik-hp-omnibook-5-flip-14-fp0007nl-core-5-120u-touch-5-ram-16-gb-ssd-disk-140%e2%80%b3-wuxga","status":"publish","type":"product","link":"https:\/\/pracek.si\/racunalniskatrgovina\/izdelek\/prenosnik-hp-omnibook-5-flip-14-fp0007nl-core-5-120u-touch-5-ram-16-gb-ssd-disk-140%e2%80%b3-wuxga\/","title":{"rendered":"Prenosnik HP OmniBook 5 Flip 14-fp0007nl | Core 5 120U | Touch \/ 5 \/ RAM 16 GB \/ SSD Disk \/ 14,0\u2033 WUXGA"},"content":{"rendered":"<p>HP OmniBook 5 Flip 14 je prenosnik, zasnovan za prilagodljivost in u\u010dinkovito delovanje. S stilskim dizajnom in sodobnimi komponentami izpolnjuje zahteve vsakdanjega in profesionalnega uporabnika. Z inovativnim zaslonom Multi-Touch je prava izbira za dinami\u010dne posameznike, ki \u017eelijo ve\u010djo interaktivnost.<\/p>\n<p><H2>Najve\u010dje prednosti<\/H2><br \/>\n<ul><br \/>\n  <li><b>Prilagodljiv zaslon:<\/b> 14,0&quot; ve\u010dkratni dotik omogo\u010da intuitivno upravljanje<\/li><br \/>\n  <li><b>Mo\u010dna zmogljivost:<\/b> I5 procesor zagotavlja teko\u010de delovanje razli\u010dnih aplikacij<\/li><br \/>\n  <li><b>Hiter NVMe SSD:<\/b> hiter dostop do podatkov za izbolj\u0161ano produktivnost<\/li><br \/>\n  <li><b>Povezljivost:<\/b> s HDMI 2.1 in ve\u010d USB-C vmesniki omogo\u010da enostavno raz\u0161iritev delovnega okolja<\/li><br \/>\n  <li><b>Zanesljiva povezava:<\/b> Wi-Fi 6 in Bluetooth 5.4 zagotavljata hitre in stabilne povezave<\/li><br \/>\n<\/ul><\/p>\n<p><H2>Kdo kupuje ta izdelek<\/H2><br \/>\nTa prenosnik je namenjen profesionalcem, ki potrebujejo zanesljivo in zmogljivo napravo za delo na poti, ter \u0161tudentom, ki i\u0161\u010dejo napravo, ki lahko preide iz na\u010dina tablice v prenosnik za ve\u010djo prilagodljivost pri u\u010denju. Kreativci bodo cenili interaktivni zaslon na dotik, idealen za skice in urejanje.<\/p>\n<p><H2>Mo\u017enosti nadgradnje<\/H2><br \/>\nHP OmniBook 5 Flip 14 prina\u0161a prilagodljivost za nadgradnje diska in pomnilnika, kar omogo\u010da, da napravo enostavno prilagodite svojim rasto\u010dim potrebam. Doslej vgrajeni hitri NVMe SSD pogon zagotavlja bliskovit dostop do va\u0161ih datotek. Pred izvedbo nadgradnje se vedno posvetujte s strokovnjakom.<\/p>\n<p><H2>Zakaj izbrati obnovljeno napravo<\/H2><br \/>\nObnovo napravo HP OmniBook 5 Flip 14 omogo\u010da posodobljena standardizirana ocena kakovosti po opravljenem strokovnem pregledu. Tak\u0161na izbira ponuja zanesljivo kakovost in obse\u017ene zmogljivosti za dostopno ceno. Poleg prihranka pomaga zmanj\u0161evati elektronski odpad, kar predstavlja pomemben korak v smeri trajnosti.<\/p>\n<p>Izberite HP OmniBook 5 Flip 14 kot svojo re\u0161itev za mobilno in fleksibilno ra\u010dunalni\u0161tvo. Ponuja vse potrebne funkcije za dana\u0161nji hitro spreminjajo\u010di se svet.<h2>Odprta embala\u017ea<\/h2>&#13;<br \/>\n<p>Skoraj nobenih znakov obrabe. Tovarni\u0161ka kvaliteta. V ve\u010dini primerov gre za prese\u017eek proizvodnje in neprodane zaloge, pri katerih razlike v primerjavi z novimi napravami niso opazne.<\/p>&#13;<\/p>\n","protected":false},"excerpt":{"rendered":"<p>Intel Core 5 120U (1,4\u00a0GHz), 16 GB LPDDR5-5200, SSD 512 GB M.2 PCIe NVMe,\u00a035,5 cm (14,0&#8243;) WUXGA (1920&#215;1200) Multi-Touch BV LED IPS 60 Hz,\u00a0Intel Graphics (IGP), HDMI 2.1, 2x USB-C 3.2 Gen2 (10Gbps &#8211; DisplayPort), 1x USB-A 3.2 Gen2 (10Gbps), 1x USB-A 3.2 Gen1 (5Gbps), Wi-Fi 6, Bluetooth 5.4, Backlit\u00a0Kbd, Webcam, Microsoft Windows 11 Home (64-bit)<\/p>\n","protected":false},"featured_media":92665,"template":"","meta":[],"product_brand":[26],"product_cat":[1296,1204,1964,1958,1286],"product_tag":[1811],"class_list":{"0":"post-92663","1":"product","2":"type-product","3":"status-publish","4":"has-post-thumbnail","6":"product_brand-hewlett-packard","7":"product_cat-hp-prenosniki","8":"product_cat-prenosniki","9":"product_cat-prenosniki-ultrabook","10":"product_cat-prenosniki-za-domaco-uporabo","11":"product_cat-priljubljena-iskanja","12":"product_tag-pp","13":"pa_odgovorna-oseba-v-eu-hp-tehnicna-regulativna-ekipa","15":"first","16":"instock","17":"taxable","18":"shipping-taxable","19":"purchasable","20":"product-type-simple"},"_links":{"self":[{"href":"https:\/\/pracek.si\/racunalniskatrgovina\/wp-json\/wp\/v2\/product\/92663","targetHints":{"allow":["GET"]}}],"collection":[{"href":"https:\/\/pracek.si\/racunalniskatrgovina\/wp-json\/wp\/v2\/product"}],"about":[{"href":"https:\/\/pracek.si\/racunalniskatrgovina\/wp-json\/wp\/v2\/types\/product"}],"version-history":[{"count":1,"href":"https:\/\/pracek.si\/racunalniskatrgovina\/wp-json\/wp\/v2\/product\/92663\/revisions"}],"predecessor-version":[{"id":92664,"href":"https:\/\/pracek.si\/racunalniskatrgovina\/wp-json\/wp\/v2\/product\/92663\/revisions\/92664"}],"wp:featuredmedia":[{"embeddable":true,"href":"https:\/\/pracek.si\/racunalniskatrgovina\/wp-json\/wp\/v2\/media\/92665"}],"wp:attachment":[{"href":"https:\/\/pracek.si\/racunalniskatrgovina\/wp-json\/wp\/v2\/media?parent=92663"}],"wp:term":[{"taxonomy":"product_brand","embeddable":true,"href":"https:\/\/pracek.si\/racunalniskatrgovina\/wp-json\/wp\/v2\/product_brand?post=92663"},{"taxonomy":"product_cat","embeddable":true,"href":"https:\/\/pracek.si\/racunalniskatrgovina\/wp-json\/wp\/v2\/product_cat?post=92663"},{"taxonomy":"product_tag","embeddable":true,"href":"https:\/\/pracek.si\/racunalniskatrgovina\/wp-json\/wp\/v2\/product_tag?post=92663"}],"curies":[{"name":"wp","href":"https:\/\/api.w.org\/{rel}","templated":true}]}}