{"id":93415,"date":"2026-04-04T10:06:51","date_gmt":"2026-04-04T09:06:51","guid":{"rendered":"https:\/\/pracek.si\/racunalniskatrgovina\/izdelek\/prenosnik-hp-elite-830-x360-g10-scr-one-dead-pixel-i5-ram-16-gb-ssd-disk-13%e2%80%b3-wuxga-2\/"},"modified":"2026-04-04T10:06:56","modified_gmt":"2026-04-04T09:06:56","slug":"prenosnik-hp-elite-830-x360-g10-scr-one-dead-pixel-i5-ram-16-gb-ssd-disk-13%e2%80%b3-wuxga","status":"publish","type":"product","link":"https:\/\/pracek.si\/racunalniskatrgovina\/izdelek\/prenosnik-hp-elite-830-x360-g10-scr-one-dead-pixel-i5-ram-16-gb-ssd-disk-13%e2%80%b3-wuxga\/","title":{"rendered":"Prenosnik HP Elite 830 x360 G10 &#8211; Scr: One Dead Pixel \/ i5 \/ RAM 16 GB \/ SSD Disk \/ 13\u2033 WUXGA"},"content":{"rendered":"<p>Prenosnik HP Elite 830 x360 G10 navdu\u0161uje z moderno zasnovo, vsestranskostjo in zmogljivostjo, ki je primerna za poslovne potrebe in vsakodnevna opravila. S svojo robustno izdelavo in prilagodljivostjo \u017ee v osnovi ponuja vrhunsko uporabni\u0161ko izku\u0161njo.<\/p>\n<p><H2>Najve\u010dje prednosti<\/H2><br \/>\nPrenosnik HP Elite 830 x360 G10 je opremljen z <b>osupljivim 13-pal\u010dnim zaslonom<\/b>, ki omogo\u010da interakcijo na dotik in zagotavlja jasnost ter \u017eivost prikaza zahvaljujo\u010d lo\u010dljivosti WUXGA. <b>Antirefleksni premaz<\/b> omogo\u010da udobnej\u0161e delo tudi v svetlih okoljih. S podporo za <b>I5 procesorje<\/b> ter <b>z integrirano grafiko<\/b> zagotavlja nemoteno delovanje zahtevnih aplikacij. Hitrost, ki jo omogo\u010da <b>NVMe SSD disk<\/b>, poskrbi za hitro nalaganje aplikacij in hitrej\u0161i zagon sistema. Povezljivosti prek <b>Thunderbolt<\/b>, <b>HDMI<\/b> ter <b>USB priklju\u010dkov<\/b> zagotavljajo popolno fleksibilnost pri povezovanju z drugimi napravami.<\/p>\n<p><H2>Kdo kupuje ta izdelek<\/H2><br \/>\nTa prenosnik je prava izbira za <b>poslovne uporabnike<\/b>, ki potrebujejo zanesljivo napravo za delo na terenu, <b>\u0161tudente<\/b>, ki \u017eelijo kombinacijo prenosljivosti in u\u010dinkovitosti, ter vse, ki cenijo prilagodljivost <b>zaslona na dotik<\/b>. Idealen je za tiste, ki cenijo visokokakovostne naprave in i\u0161\u010dejo ravnovesje med zmogljivostjo in elegantno obliko.<\/p>\n<p><H2>Mo\u017enosti nadgradnje<\/H2><br \/>\nHP Elite 830 x360 G10 omogo\u010da nadgradnjo klju\u010dnih komponent, kot sta <b>pomnilnik<\/b> in <b>disk<\/b>, kar omogo\u010da prilagajanje naprave specifi\u010dnim potrebam uporabnika. <i>Pred izvedbo nadgradnje se vedno posvetujte s strokovnjakom.<\/i><\/p>\n<p><H2>Zakaj izbrati obnovljeno napravo<\/H2><br \/>\nIzbira obnovljene naprave prina\u0161a \u0161tevilne prednosti. Poleg ugodnej\u0161e cene tak\u0161na naprava zagotavlja <b>zanesljivost<\/b> in <b>kakovost<\/b>, ki so rezultat strokovne obnove in standardiziranega sistema preverjanja kakovosti. S tem ne le var\u010dujete, temve\u010d tudi prispevate k zmanj\u0161anju elektronskih odpadkov, kar predstavlja odgovorno odlo\u010ditev do okolja.<h2>Odprta embala\u017ea<\/h2>&#13;<br \/>\n<p>Skoraj nobenih znakov obrabe. Tovarni\u0161ka kvaliteta. V ve\u010dini primerov gre za prese\u017eek proizvodnje in neprodane zaloge, pri katerih razlike v primerjavi z novimi napravami niso opazne.<\/p>&#13;<\/p>\n","protected":false},"excerpt":{"rendered":"<p>Intel\u00ae Core\u2122 i5-1345U \/ 1,6 &#8211; 3,5 GHz \/ 10-Cores (2C+8c\/12T) \/ Turbo Speed 4,7 GHz, 16 GB LPDDR5 ONBOARD, 256 GB NVME SSD, 33 cm (13\u2033), Matiran (AntiGlare, matt), Touch, WUXGA 1920 x 1200, Intel\u00ae Iris\u00ae Xe Graphics, HDMI, Thunderbolt, 2x USB, Backlit keyboard, bluetooth, Microsoft Windows 11 Pro (64-bit)<\/p>\n","protected":false},"featured_media":93474,"template":"","meta":[],"product_brand":[26],"product_cat":[1296,1204,1291,1964,1959,1286],"product_tag":[1811],"class_list":{"0":"post-93415","1":"product","2":"type-product","3":"status-publish","4":"has-post-thumbnail","6":"product_brand-hewlett-packard","7":"product_cat-hp-prenosniki","8":"product_cat-prenosniki","9":"product_cat-prenosniki-i5","10":"product_cat-prenosniki-ultrabook","11":"product_cat-prenosniki-za-poslovno-uporabo","12":"product_cat-priljubljena-iskanja","13":"product_tag-pp","14":"pa_odgovorna-oseba-v-eu-hp-tehnicna-regulativna-ekipa","16":"first","17":"instock","18":"taxable","19":"shipping-taxable","20":"purchasable","21":"product-type-simple"},"_links":{"self":[{"href":"https:\/\/pracek.si\/racunalniskatrgovina\/wp-json\/wp\/v2\/product\/93415","targetHints":{"allow":["GET"]}}],"collection":[{"href":"https:\/\/pracek.si\/racunalniskatrgovina\/wp-json\/wp\/v2\/product"}],"about":[{"href":"https:\/\/pracek.si\/racunalniskatrgovina\/wp-json\/wp\/v2\/types\/product"}],"version-history":[{"count":1,"href":"https:\/\/pracek.si\/racunalniskatrgovina\/wp-json\/wp\/v2\/product\/93415\/revisions"}],"predecessor-version":[{"id":93416,"href":"https:\/\/pracek.si\/racunalniskatrgovina\/wp-json\/wp\/v2\/product\/93415\/revisions\/93416"}],"wp:featuredmedia":[{"embeddable":true,"href":"https:\/\/pracek.si\/racunalniskatrgovina\/wp-json\/wp\/v2\/media\/93474"}],"wp:attachment":[{"href":"https:\/\/pracek.si\/racunalniskatrgovina\/wp-json\/wp\/v2\/media?parent=93415"}],"wp:term":[{"taxonomy":"product_brand","embeddable":true,"href":"https:\/\/pracek.si\/racunalniskatrgovina\/wp-json\/wp\/v2\/product_brand?post=93415"},{"taxonomy":"product_cat","embeddable":true,"href":"https:\/\/pracek.si\/racunalniskatrgovina\/wp-json\/wp\/v2\/product_cat?post=93415"},{"taxonomy":"product_tag","embeddable":true,"href":"https:\/\/pracek.si\/racunalniskatrgovina\/wp-json\/wp\/v2\/product_tag?post=93415"}],"curies":[{"name":"wp","href":"https:\/\/api.w.org\/{rel}","templated":true}]}}