{"id":9375,"date":"2025-06-05T11:08:32","date_gmt":"2025-06-05T10:08:32","guid":{"rendered":"https:\/\/pracek.si\/racunalniskatrgovina\/?post_type=product&#038;p=9375"},"modified":"2025-12-08T09:48:39","modified_gmt":"2025-12-08T08:48:39","slug":"mikrotik-hex-rb750gr3-5-portni-gigabit-usmerjevalnik","status":"publish","type":"product","link":"https:\/\/pracek.si\/racunalniskatrgovina\/izdelek\/mikrotik-hex-rb750gr3-5-portni-gigabit-usmerjevalnik\/","title":{"rendered":"Mikrotik hEX RB750Gr3 \u2013 5-portni Gigabit usmerjevalnik"},"content":{"rendered":"\n<p>Mikrotik hEX RB750Gr3 je kompakten, a zmogljiv \u017ei\u010dni usmerjevalnik, ki ponuja 5 gigabitnih Ethernet portov, dvojedrni 880 MHz procesor in 256 MB RAM-a. S svojo podporo za IPsec strojno \u0161ifriranje in RouterOS licenco L4 je idealen za uporabnike, ki potrebujejo hitro, varno in stabilno \u017ei\u010dno omre\u017eje. HEX je brez Wi-Fi funkcije, zato je primeren predvsem za lokacije, kjer je \u017ee name\u0161\u010dena lo\u010dena brez\u017ei\u010dna dostopna to\u010dka. Mikrotik kot znamka slovi po napredni konfigurabilnosti in odli\u010dnem razmerju med ceno in funkcionalnostjo.<\/p>\n\n\n\n<p>Zaloga je pri nas &#8211; izdelek je na voljo za po\u0161iljanje!<\/p>\n\n\n\n<p><strong>Potrebujete osnovno konfigurafijo?<\/strong><\/p>\n\n\n\n<p>V na\u0161em podjetju imamo MikroTikov MTCNA certifikat, zato smo prava izbira, v kolikor \u017eelite, da vam opravimo osnovno konfiguracijo routerja. Pi\u0161ite nam na <a href=\"mailto:bostjan@pracek.si\">bostjan@pracek.si<\/a> ter nam povejte va\u0161e \u017eelje. Cena za osnovne nastavitve je 15 EUR (z DDV).<\/p>\n\n\n\n<p><\/p>\n","protected":false},"excerpt":{"rendered":"<p><!-- wp:paragraph --><\/p>\n<p>Mikrotik hEX RB750Gr3 je kompakten, a zmogljiv \u017ei\u010dni usmerjevalnik, ki ponuja 5 gigabitnih Ethernet portov, dvojedrni 880 MHz procesor in 256 MB RAM-a. S svojo podporo za IPsec strojno \u0161ifriranje in RouterOS licenco L4 je idealen za uporabnike, ki potrebujejo hitro, varno in stabilno \u017ei\u010dno omre\u017eje. HEX je brez Wi-Fi funkcije, zato je primeren predvsem za lokacije, kjer je \u017ee name\u0161\u010dena lo\u010dena brez\u017ei\u010dna dostopna to\u010dka. Mikrotik kot znamka slovi po napredni konfigurabilnosti in odli\u010dnem razmerju med ceno in funkcionalnostjo.<\/p>\n<p><!-- \/wp:paragraph --><\/p>\n<p><!-- wp:paragraph --><\/p>\n<p>Zaloga je pri nas &#8211; izdelek je na voljo za po\u0161iljanje! Garancija: 2 leti.<\/p>\n<p><!-- \/wp:paragraph --><\/p>\n<p><!-- wp:paragraph --><\/p>\n<p><strong>Potrebujete osnovno konfigurafijo?<\/strong><\/p>\n<p><!-- \/wp:paragraph --><\/p>\n<p><!-- wp:paragraph --><\/p>\n<p>V na\u0161em podjetju imamo MikroTikov MTCNA certifikat, zato smo prava izbira, v kolikor \u017eelite, da vam opravimo osnovno konfiguracijo routerja. Pi\u0161ite nam na <a href=\"mailto:bostjan@pracek.si\">bostjan@pracek.si<\/a> ter nam povejte va\u0161e \u017eelje. Cena za osnovne nastavitve je 15 EUR (z DDV).<\/p>\n<p><!-- \/wp:paragraph --><\/p>\n<p><!-- wp:paragraph --><\/p>\n<p>&nbsp;<\/p>\n<p><!-- \/wp:paragraph --><\/p>\n","protected":false},"featured_media":9378,"template":"","meta":[],"product_brand":[1605],"product_cat":[1606],"product_tag":[],"class_list":{"0":"post-9375","1":"product","2":"type-product","3":"status-publish","4":"has-post-thumbnail","6":"product_brand-mikrotik","7":"product_cat-mrezna-oprema","9":"first","10":"outofstock","11":"taxable","12":"shipping-taxable","13":"purchasable","14":"product-type-simple"},"_links":{"self":[{"href":"https:\/\/pracek.si\/racunalniskatrgovina\/wp-json\/wp\/v2\/product\/9375","targetHints":{"allow":["GET"]}}],"collection":[{"href":"https:\/\/pracek.si\/racunalniskatrgovina\/wp-json\/wp\/v2\/product"}],"about":[{"href":"https:\/\/pracek.si\/racunalniskatrgovina\/wp-json\/wp\/v2\/types\/product"}],"version-history":[{"count":0,"href":"https:\/\/pracek.si\/racunalniskatrgovina\/wp-json\/wp\/v2\/product\/9375\/revisions"}],"wp:featuredmedia":[{"embeddable":true,"href":"https:\/\/pracek.si\/racunalniskatrgovina\/wp-json\/wp\/v2\/media\/9378"}],"wp:attachment":[{"href":"https:\/\/pracek.si\/racunalniskatrgovina\/wp-json\/wp\/v2\/media?parent=9375"}],"wp:term":[{"taxonomy":"product_brand","embeddable":true,"href":"https:\/\/pracek.si\/racunalniskatrgovina\/wp-json\/wp\/v2\/product_brand?post=9375"},{"taxonomy":"product_cat","embeddable":true,"href":"https:\/\/pracek.si\/racunalniskatrgovina\/wp-json\/wp\/v2\/product_cat?post=9375"},{"taxonomy":"product_tag","embeddable":true,"href":"https:\/\/pracek.si\/racunalniskatrgovina\/wp-json\/wp\/v2\/product_tag?post=9375"}],"curies":[{"name":"wp","href":"https:\/\/api.w.org\/{rel}","templated":true}]}}