{"id":9376,"date":"2025-06-05T11:18:49","date_gmt":"2025-06-05T10:18:49","guid":{"rendered":"https:\/\/pracek.si\/racunalniskatrgovina\/?post_type=product&#038;p=9376"},"modified":"2025-12-08T09:48:22","modified_gmt":"2025-12-08T08:48:22","slug":"mikrotik-hap-lite-rb941-2nd-tc-mini-wi-fi-usmerjevalnik-za-dom","status":"publish","type":"product","link":"https:\/\/pracek.si\/racunalniskatrgovina\/izdelek\/mikrotik-hap-lite-rb941-2nd-tc-mini-wi-fi-usmerjevalnik-za-dom\/","title":{"rendered":"Mikrotik hAP Lite RB941-2nD-TC \u2013 mini Wi-Fi usmerjevalnik za dom"},"content":{"rendered":"\n<p>Mikrotik hAP Lite RB941-2nD-TC je kompakten brez\u017ei\u010dni usmerjevalnik, primeren za doma\u010do rabo, \u0161tudentske sobe ali manj\u0161e pisarne. Ponuja 2.4 GHz Wi-Fi povezljivost (802.11b\/g\/n), \u0161tiri Ethernet priklju\u010dke in preprost dizajn za pokon\u010dno postavitev. Napajanje poteka preko microUSB vhoda. Kljub nizki ceni omogo\u010da vse klasi\u010dne Mikrotik funkcije \u2013 nadzor dostopa, DHCP, po\u017earni zid in \u0161e ve\u010d. Prava izbira za tiste, ki \u017eelijo preprosto re\u0161itev z Mikrotik kakovostjo.<\/p>\n\n\n\n<p>Zaloga je pri nas &#8211; izdelek je na voljo za po\u0161iljanje!<\/p>\n\n\n\n<p><strong>Potrebujete osnovno konfigurafijo?<\/strong><\/p>\n\n\n\n<p>V na\u0161em podjetju imamo MikroTikov MTCNA certifikat, zato smo prava izbira, v kolikor \u017eelite, da vam opravimo osnovno konfiguracijo routerja. Pi\u0161ite nam na <a href=\"mailto:bostjan@pracek.si\">bostjan@pracek.si<\/a> ter nam povejte va\u0161e \u017eelje. Cena za osnovne nastavitve je 15 EUR (z DDV).<\/p>\n","protected":false},"excerpt":{"rendered":"<p><!-- wp:paragraph --><\/p>\n<p>Mikrotik hAP Lite RB941-2nD-TC je kompakten brez\u017ei\u010dni usmerjevalnik, primeren za doma\u010do rabo, \u0161tudentske sobe ali manj\u0161e pisarne. Ponuja 2.4 GHz Wi-Fi povezljivost (802.11b\/g\/n), \u0161tiri Ethernet priklju\u010dke in preprost dizajn za pokon\u010dno postavitev. Napajanje poteka preko microUSB vhoda. Kljub nizki ceni omogo\u010da vse klasi\u010dne Mikrotik funkcije \u2013 nadzor dostopa, DHCP, po\u017earni zid in \u0161e ve\u010d. Prava izbira za tiste, ki \u017eelijo preprosto re\u0161itev z Mikrotik kakovostjo.<\/p>\n<p><!-- \/wp:paragraph --><\/p>\n<p><!-- wp:paragraph --><\/p>\n<p>Zaloga je pri nas &#8211; izdelek je na voljo za po\u0161iljanje! Garancija: 2 leti.<\/p>\n<p><!-- \/wp:paragraph --><\/p>\n<p><!-- wp:paragraph --><\/p>\n<p><strong>Potrebujete osnovno konfigurafijo?<\/strong><\/p>\n<p><!-- \/wp:paragraph --><\/p>\n<p><!-- wp:paragraph --><\/p>\n<p>V na\u0161em podjetju imamo MikroTikov MTCNA certifikat, zato smo prava izbira, v kolikor \u017eelite, da vam opravimo osnovno konfiguracijo routerja. Pi\u0161ite nam na <a href=\"mailto:bostjan@pracek.si\">bostjan@pracek.si<\/a> ter nam povejte va\u0161e \u017eelje. Cena za osnovne nastavitve je 15 EUR (z DDV).<\/p>\n<p><!-- \/wp:paragraph --><\/p>\n","protected":false},"featured_media":9381,"template":"","meta":[],"product_brand":[1605],"product_cat":[1606],"product_tag":[],"class_list":{"0":"post-9376","1":"product","2":"type-product","3":"status-publish","4":"has-post-thumbnail","6":"product_brand-mikrotik","7":"product_cat-mrezna-oprema","9":"first","10":"instock","11":"taxable","12":"shipping-taxable","13":"purchasable","14":"product-type-simple"},"_links":{"self":[{"href":"https:\/\/pracek.si\/racunalniskatrgovina\/wp-json\/wp\/v2\/product\/9376","targetHints":{"allow":["GET"]}}],"collection":[{"href":"https:\/\/pracek.si\/racunalniskatrgovina\/wp-json\/wp\/v2\/product"}],"about":[{"href":"https:\/\/pracek.si\/racunalniskatrgovina\/wp-json\/wp\/v2\/types\/product"}],"version-history":[{"count":0,"href":"https:\/\/pracek.si\/racunalniskatrgovina\/wp-json\/wp\/v2\/product\/9376\/revisions"}],"wp:featuredmedia":[{"embeddable":true,"href":"https:\/\/pracek.si\/racunalniskatrgovina\/wp-json\/wp\/v2\/media\/9381"}],"wp:attachment":[{"href":"https:\/\/pracek.si\/racunalniskatrgovina\/wp-json\/wp\/v2\/media?parent=9376"}],"wp:term":[{"taxonomy":"product_brand","embeddable":true,"href":"https:\/\/pracek.si\/racunalniskatrgovina\/wp-json\/wp\/v2\/product_brand?post=9376"},{"taxonomy":"product_cat","embeddable":true,"href":"https:\/\/pracek.si\/racunalniskatrgovina\/wp-json\/wp\/v2\/product_cat?post=9376"},{"taxonomy":"product_tag","embeddable":true,"href":"https:\/\/pracek.si\/racunalniskatrgovina\/wp-json\/wp\/v2\/product_tag?post=9376"}],"curies":[{"name":"wp","href":"https:\/\/api.w.org\/{rel}","templated":true}]}}