{"id":9379,"date":"2025-06-05T11:17:39","date_gmt":"2025-06-05T10:17:39","guid":{"rendered":"https:\/\/pracek.si\/racunalniskatrgovina\/?post_type=product&#038;p=9379"},"modified":"2025-12-08T09:48:28","modified_gmt":"2025-12-08T08:48:28","slug":"mikrotik-hap-ac-lite-rb952ui-5ac2nd-tc-dual-band-wi-fi-usmerjevalnik","status":"publish","type":"product","link":"https:\/\/pracek.si\/racunalniskatrgovina\/izdelek\/mikrotik-hap-ac-lite-rb952ui-5ac2nd-tc-dual-band-wi-fi-usmerjevalnik\/","title":{"rendered":"Mikrotik hAP ac lite RB952Ui-5ac2nD-TC \u2013 Dual-band Wi-Fi usmerjevalnik"},"content":{"rendered":"\n<p>Mikrotik hAP ac lite tower RB952Ui-5ac2nD-TC je brez\u017ei\u010dni usmerjevalnik s podporo za 2.4 GHz in 5 GHz omre\u017eja (802.11b\/g\/n\/ac). Ima pet Ethernet portov, USB priklju\u010dek za modem in PoE izhod na enem portu, kar omogo\u010da napajanje drugih naprav. Primeren je za uporabnike, ki \u017eelijo napreden nadzor nad svojim omre\u017ejem, z mo\u017enostjo oddaljenega dostopa, VLAN konfiguracij in ve\u010d. Mikrotik znova dokazuje, da tudi majhni usmerjevalniki lahko nudijo profesionalne funkcije.<\/p>\n\n\n\n<p>Zaloga je pri nas &#8211; izdelek je na voljo za po\u0161iljanje! Garancija: 2 leti.<\/p>\n\n\n\n<p><strong>Potrebujete osnovno konfigurafijo?<\/strong><\/p>\n\n\n\n<p>V na\u0161em podjetju imamo MikroTikov MTCNA certifikat, zato smo prava izbira, v kolikor \u017eelite, da vam opravimo osnovno konfiguracijo routerja. Pi\u0161ite nam na <a href=\"mailto:bostjan@pracek.si\">bostjan@pracek.si<\/a> ter nam povejte va\u0161e \u017eelje. Cena za osnovne nastavitve je 15 EUR (z DDV).<\/p>\n\n\n\n<p><\/p>\n","protected":false},"excerpt":{"rendered":"<p><!-- wp:paragraph --><\/p>\n<p>Mikrotik hAP ac lite tower RB952Ui-5ac2nD-TC je brez\u017ei\u010dni usmerjevalnik s podporo za 2.4 GHz in 5 GHz omre\u017eja (802.11b\/g\/n\/ac). Ima pet Ethernet portov, USB priklju\u010dek za modem in PoE izhod na enem portu, kar omogo\u010da napajanje drugih naprav. Primeren je za uporabnike, ki \u017eelijo napreden nadzor nad svojim omre\u017ejem, z mo\u017enostjo oddaljenega dostopa, VLAN konfiguracij in ve\u010d. Mikrotik znova dokazuje, da tudi majhni usmerjevalniki lahko nudijo profesionalne funkcije.<\/p>\n<p><!-- \/wp:paragraph --><\/p>\n<p><!-- wp:paragraph --><\/p>\n<p>Zaloga je pri nas &#8211; izdelek je na voljo za po\u0161iljanje! Garancija: 2 leti.<\/p>\n<p><!-- \/wp:paragraph --><\/p>\n<p><!-- wp:paragraph --><\/p>\n<p><strong>Potrebujete osnovno konfigurafijo?<\/strong><\/p>\n<p><!-- \/wp:paragraph --><\/p>\n<p><!-- wp:paragraph --><\/p>\n<p>V na\u0161em podjetju imamo MikroTikov MTCNA certifikat, zato smo prava izbira, v kolikor \u017eelite, da vam opravimo osnovno konfiguracijo routerja. Pi\u0161ite nam na <a href=\"mailto:bostjan@pracek.si\">bostjan@pracek.si<\/a> ter nam povejte va\u0161e \u017eelje. Cena za osnovne nastavitve je 15 EUR (z DDV).<\/p>\n<p><!-- \/wp:paragraph --><\/p>\n","protected":false},"featured_media":9380,"template":"","meta":[],"product_brand":[1605],"product_cat":[1606],"product_tag":[],"class_list":{"0":"post-9379","1":"product","2":"type-product","3":"status-publish","4":"has-post-thumbnail","6":"product_brand-mikrotik","7":"product_cat-mrezna-oprema","9":"first","10":"instock","11":"taxable","12":"shipping-taxable","13":"purchasable","14":"product-type-simple"},"_links":{"self":[{"href":"https:\/\/pracek.si\/racunalniskatrgovina\/wp-json\/wp\/v2\/product\/9379","targetHints":{"allow":["GET"]}}],"collection":[{"href":"https:\/\/pracek.si\/racunalniskatrgovina\/wp-json\/wp\/v2\/product"}],"about":[{"href":"https:\/\/pracek.si\/racunalniskatrgovina\/wp-json\/wp\/v2\/types\/product"}],"version-history":[{"count":0,"href":"https:\/\/pracek.si\/racunalniskatrgovina\/wp-json\/wp\/v2\/product\/9379\/revisions"}],"wp:featuredmedia":[{"embeddable":true,"href":"https:\/\/pracek.si\/racunalniskatrgovina\/wp-json\/wp\/v2\/media\/9380"}],"wp:attachment":[{"href":"https:\/\/pracek.si\/racunalniskatrgovina\/wp-json\/wp\/v2\/media?parent=9379"}],"wp:term":[{"taxonomy":"product_brand","embeddable":true,"href":"https:\/\/pracek.si\/racunalniskatrgovina\/wp-json\/wp\/v2\/product_brand?post=9379"},{"taxonomy":"product_cat","embeddable":true,"href":"https:\/\/pracek.si\/racunalniskatrgovina\/wp-json\/wp\/v2\/product_cat?post=9379"},{"taxonomy":"product_tag","embeddable":true,"href":"https:\/\/pracek.si\/racunalniskatrgovina\/wp-json\/wp\/v2\/product_tag?post=9379"}],"curies":[{"name":"wp","href":"https:\/\/api.w.org\/{rel}","templated":true}]}}