{"id":9388,"date":"2025-06-05T13:03:13","date_gmt":"2025-06-05T12:03:13","guid":{"rendered":"https:\/\/pracek.si\/racunalniskatrgovina\/?post_type=product&#038;p=9388"},"modified":"2025-06-05T13:27:26","modified_gmt":"2025-06-05T12:27:26","slug":"lenovo-thinkpad-x280-i5-8350u-8gb-256gb-nvme-fhd-win10","status":"publish","type":"product","link":"https:\/\/pracek.si\/racunalniskatrgovina\/izdelek\/lenovo-thinkpad-x280-i5-8350u-8gb-256gb-nvme-fhd-win10\/","title":{"rendered":"Lenovo ThinkPad X280: i5-8350U, 8GB, 256GB NVMe, FHD, Win10"},"content":{"rendered":"<p><strong>Garancija: 12 mesecev<\/strong><\/p>\n<p>Do\u017eivite vrhunsko u\u010dinkovitost v poslovnem svetu z na\u0161im Lenovo ThinkPad X280. Ta prenosnik je opremljen z zmogljivim procesorjem <strong>Intel Core i5-8350U<\/strong>, ki zagotavlja hitro ve\u010dopravilnost in gladko procesiranje. Z <strong>8 GB RAM<\/strong>-a lahko naprava hkrati obvladuje ve\u010d aplikacij in zavihkov brskalnika, kar je idealno za profesionalce, ki delajo na ve\u010d projektih.<\/p>\n<p>ThinkPad X280 ima <strong>256GB NVMe SSD<\/strong>, ki nudi izjemno hitro shranjevanje, bistveno zmanj\u0161a \u010dase nalaganja v primerjavi s tradicionalnimi trdimi diski in zagotavlja hitrej\u0161e zagon sistema, hitrej\u0161e pridobivanje podatkov in odli\u010dno splo\u0161no zmogljivost. S predname\u0161\u010denim Windows 11, ta prenosnik nudi znano in produktivno uporabni\u0161ko izku\u0161njo, ki jo izbolj\u0161a Microsoftov robustni ekosistem.<\/p>\n<p><strong>12,5-pal\u010dni zaslon Full HD<\/strong> zagotavlja jasne, ostre vizualije z \u017eivimi barvami, kar je popolno za predstavitve, detajlno delo in ve\u010dpredstavnost. \u010ceprav ta model ima zaslon brez dotika, ponuja prednost mat zaklju\u010dka, ki zmanj\u0161uje ble\u0161\u010danje in omogo\u010da la\u017eje gledanje v razli\u010dnih svetlobnih pogojih.<\/p>\n<p>Ta rabljeni, A-razred ThinkPad X280 je bil temeljito pregledan, da zagotovimo, da ustreza na\u0161im najvi\u0161jim standardom. Ne samo, da je trpe\u017een, saj je prestal MIL-SPEC teste za robustnost, vklju\u010duje tudi napredne varnostne funkcije, kot so \u010ditalnik prstnih odtisov in \u0161ifriranje dTPM, ki varujejo va\u0161e podatke.<\/p>\n<p>Kljub temu, da je rabljen, je ta prenosnik v odli\u010dnem stanju z minimalnimi znaki uporabe. Je izjemna izbira za poslovne strokovnjake, ki potrebujejo zanesljivo, varno in zmogljivo orodje za ra\u010dunalni\u0161tvo.<\/p>\n<p><strong>Prenosnik ima predname\u0161\u010den operacijski sistem Windows 11 (OEM licenca, aktivirana). Naprava je pripravljena za uporabo.<\/strong><\/p>\n","protected":false},"excerpt":{"rendered":"<p><strong>Garancija: 12 mesecev<\/strong><\/p>\n<p>Do\u017eivite vrhunsko u\u010dinkovitost v poslovnem svetu z na\u0161im Lenovo ThinkPad X280. Ta prenosnik je opremljen z zmogljivim procesorjem <strong>Intel Core i5-8350U<\/strong>, ki zagotavlja hitro ve\u010dopravilnost in gladko procesiranje. Z <strong>8 GB RAM<\/strong>-a lahko naprava hkrati obvladuje ve\u010d aplikacij in zavihkov brskalnika, kar je idealno za profesionalce, ki delajo na ve\u010d projektih.<\/p>\n<p>ThinkPad X280 ima <strong>256GB NVMe SSD<\/strong>, ki nudi izjemno hitro shranjevanje, bistveno zmanj\u0161a \u010dase nalaganja v primerjavi s tradicionalnimi trdimi diski in zagotavlja hitrej\u0161e zagon sistema, hitrej\u0161e pridobivanje podatkov in odli\u010dno splo\u0161no zmogljivost. S predname\u0161\u010denim Windows 11, ta prenosnik nudi znano in produktivno uporabni\u0161ko izku\u0161njo, ki jo izbolj\u0161a Microsoftov robustni ekosistem.<\/p>\n<p><strong>12,5-pal\u010dni zaslon Full HD<\/strong> zagotavlja jasne, ostre vizualije z \u017eivimi barvami, kar je popolno za predstavitve, detajlno delo in ve\u010dpredstavnost. \u010ceprav ta model ima zaslon brez dotika, ponuja prednost mat zaklju\u010dka, ki zmanj\u0161uje ble\u0161\u010danje in omogo\u010da la\u017eje gledanje v razli\u010dnih svetlobnih pogojih.<\/p>\n<p>Ta rabljeni, A-razred ThinkPad X280 je bil temeljito pregledan, da zagotovimo, da ustreza na\u0161im najvi\u0161jim standardom. Ne samo, da je trpe\u017een, saj je prestal MIL-SPEC teste za robustnost, vklju\u010duje tudi napredne varnostne funkcije, kot so \u010ditalnik prstnih odtisov in \u0161ifriranje dTPM, ki varujejo va\u0161e podatke.<\/p>\n<p>Kljub temu, da je rabljen, je ta prenosnik v odli\u010dnem stanju z minimalnimi znaki uporabe. Je izjemna izbira za poslovne strokovnjake, ki potrebujejo zanesljivo, varno in zmogljivo orodje za ra\u010dunalni\u0161tvo.<\/p>\n<p><strong>Prenosnik ima predname\u0161\u010den operacijski sistem Windows 11 (OEM licenca, aktivirana). Naprava je pripravljena za uporabo.<\/strong><\/p>\n","protected":false},"featured_media":9408,"template":"","meta":[],"product_brand":[18],"product_cat":[1607,1299,1224],"product_tag":[1620],"class_list":{"0":"post-9388","1":"product","2":"type-product","3":"status-publish","4":"has-post-thumbnail","6":"product_brand-lenovo","7":"product_cat-lenovo","8":"product_cat-lenovo-prenosniki","9":"product_cat-rabljeni-prenosniki","10":"product_tag-boreait","12":"first","13":"instock","14":"taxable","15":"shipping-taxable","16":"purchasable","17":"product-type-simple"},"_links":{"self":[{"href":"https:\/\/pracek.si\/racunalniskatrgovina\/wp-json\/wp\/v2\/product\/9388","targetHints":{"allow":["GET"]}}],"collection":[{"href":"https:\/\/pracek.si\/racunalniskatrgovina\/wp-json\/wp\/v2\/product"}],"about":[{"href":"https:\/\/pracek.si\/racunalniskatrgovina\/wp-json\/wp\/v2\/types\/product"}],"version-history":[{"count":0,"href":"https:\/\/pracek.si\/racunalniskatrgovina\/wp-json\/wp\/v2\/product\/9388\/revisions"}],"wp:featuredmedia":[{"embeddable":true,"href":"https:\/\/pracek.si\/racunalniskatrgovina\/wp-json\/wp\/v2\/media\/9408"}],"wp:attachment":[{"href":"https:\/\/pracek.si\/racunalniskatrgovina\/wp-json\/wp\/v2\/media?parent=9388"}],"wp:term":[{"taxonomy":"product_brand","embeddable":true,"href":"https:\/\/pracek.si\/racunalniskatrgovina\/wp-json\/wp\/v2\/product_brand?post=9388"},{"taxonomy":"product_cat","embeddable":true,"href":"https:\/\/pracek.si\/racunalniskatrgovina\/wp-json\/wp\/v2\/product_cat?post=9388"},{"taxonomy":"product_tag","embeddable":true,"href":"https:\/\/pracek.si\/racunalniskatrgovina\/wp-json\/wp\/v2\/product_tag?post=9388"}],"curies":[{"name":"wp","href":"https:\/\/api.w.org\/{rel}","templated":true}]}}