{"id":94074,"date":"2026-04-04T10:10:50","date_gmt":"2026-04-04T09:10:50","guid":{"rendered":"https:\/\/pracek.si\/racunalniskatrgovina\/izdelek\/monitor-lenovo-legion-r25i-30\/"},"modified":"2026-04-04T10:10:57","modified_gmt":"2026-04-04T09:10:57","slug":"lenovo-legion-r25i-30","status":"publish","type":"product","link":"https:\/\/pracek.si\/racunalniskatrgovina\/izdelek\/lenovo-legion-r25i-30\/","title":{"rendered":"Lenovo Legion R25i-30"},"content":{"rendered":"<p>60,96 cm (24&quot;), static contrast:  \/ dynamic contrast:<h2>Odprta embala\u017ea<\/h2>&#13;<br \/>\n<p>Skoraj nobenih znakov obrabe. Tovarni\u0161ka kvaliteta. V ve\u010dini primerov gre za prese\u017eek proizvodnje in neprodane zaloge, pri katerih razlike v primerjavi z novimi napravami niso opazne.<\/p>&#13;<\/p>\n","protected":false},"excerpt":{"rendered":"<p>60,96 cm (24&#8243;), static contrast:  \/ dynamic contrast: , 350 cd\/m2, 178\u00b0\/178\u00b0<\/p>\n","protected":false},"featured_media":94076,"template":"","meta":[],"product_brand":[18],"product_cat":[1149],"product_tag":[1811],"class_list":{"0":"post-94074","1":"product","2":"type-product","3":"status-publish","4":"has-post-thumbnail","6":"product_brand-lenovo","7":"product_cat-monitorji","8":"product_tag-pp","9":"pa_odgovorna-oseba-v-eu-lenovo-tehnicna-regulativna-ekipa","11":"first","12":"instock","13":"taxable","14":"shipping-taxable","15":"purchasable","16":"product-type-simple"},"_links":{"self":[{"href":"https:\/\/pracek.si\/racunalniskatrgovina\/wp-json\/wp\/v2\/product\/94074","targetHints":{"allow":["GET"]}}],"collection":[{"href":"https:\/\/pracek.si\/racunalniskatrgovina\/wp-json\/wp\/v2\/product"}],"about":[{"href":"https:\/\/pracek.si\/racunalniskatrgovina\/wp-json\/wp\/v2\/types\/product"}],"version-history":[{"count":2,"href":"https:\/\/pracek.si\/racunalniskatrgovina\/wp-json\/wp\/v2\/product\/94074\/revisions"}],"predecessor-version":[{"id":94774,"href":"https:\/\/pracek.si\/racunalniskatrgovina\/wp-json\/wp\/v2\/product\/94074\/revisions\/94774"}],"wp:featuredmedia":[{"embeddable":true,"href":"https:\/\/pracek.si\/racunalniskatrgovina\/wp-json\/wp\/v2\/media\/94076"}],"wp:attachment":[{"href":"https:\/\/pracek.si\/racunalniskatrgovina\/wp-json\/wp\/v2\/media?parent=94074"}],"wp:term":[{"taxonomy":"product_brand","embeddable":true,"href":"https:\/\/pracek.si\/racunalniskatrgovina\/wp-json\/wp\/v2\/product_brand?post=94074"},{"taxonomy":"product_cat","embeddable":true,"href":"https:\/\/pracek.si\/racunalniskatrgovina\/wp-json\/wp\/v2\/product_cat?post=94074"},{"taxonomy":"product_tag","embeddable":true,"href":"https:\/\/pracek.si\/racunalniskatrgovina\/wp-json\/wp\/v2\/product_tag?post=94074"}],"curies":[{"name":"wp","href":"https:\/\/api.w.org\/{rel}","templated":true}]}}