{"id":94689,"date":"2026-04-04T10:12:06","date_gmt":"2026-04-04T09:12:06","guid":{"rendered":"https:\/\/pracek.si\/racunalniskatrgovina\/izdelek\/prenosnik-microsoft-surface-laptop-go-i5-ram-16-gb-ssd-disk-124%e2%80%b3-1536x1024-4\/"},"modified":"2026-04-04T10:12:08","modified_gmt":"2026-04-04T09:12:08","slug":"prenosnik-microsoft-surface-laptop-go-i5-ram-16-gb-ssd-disk-124%e2%80%b3-1536x1024-3","status":"publish","type":"product","link":"https:\/\/pracek.si\/racunalniskatrgovina\/izdelek\/prenosnik-microsoft-surface-laptop-go-i5-ram-16-gb-ssd-disk-124%e2%80%b3-1536x1024-3\/","title":{"rendered":"Prenosnik Microsoft Surface Laptop Go \/ i5 \/ RAM 16 GB \/ SSD Disk \/ 12,4\u2033 1536&#215;1024"},"content":{"rendered":"<p>Microsoft Surface Laptop Go ponuja odli\u010dno uporabni\u0161ko izku\u0161njo z elegantnim dizajnom, prenosljivostjo in zmogljivostjo v kompaktnem ohi\u0161ju. Idealna izbira za vse, ki i\u0161\u010dejo zanesljivo napravo za vsakodnevno uporabo.<\/p>\n<p>&lt;H2&gt;Najve\u010dje prednosti&lt;\/H2&gt;<br \/>\n&lt;ul&gt;<br \/>\n    &lt;li&gt;Elegantna oblika z lahkim in tankim dizajnom.&lt;\/li&gt;<br \/>\n    &lt;li&gt;\u017divahen 12,4-pal\u010dni zaslon na dotik, ki omogo\u010da jasen prikaz.&lt;\/li&gt;<br \/>\n    &lt;li&gt;&lt;b&gt;Hitrost NVMe SSD&lt;\/b&gt;, ki poskrbi za hitro shranjevanje in dostop do podatkov.&lt;\/li&gt;<br \/>\n    &lt;li&gt;Mo\u017enost nadgradnje pomnilnika in diska.&lt;\/li&gt;<br \/>\n    &lt;li&gt;Povezljivost z USB-C in Bluetooth za enostavno povezovanje z drugimi napravami.&lt;\/li&gt;<br \/>\n&lt;\/ul&gt;<\/p>\n<p>&lt;H2&gt;Kdo kupuje ta izdelek&lt;\/H2&gt;<br \/>\nPrenosnik Microsoft Surface Laptop Go je popolna izbira za \u0161tudente, poslovne\u017ee in kreativne profesionalce, ki potrebujejo zanesljivo mobilno re\u0161itev. Uporabniki, ki cenijo kakovost in prenosljivost, bodo navdu\u0161eni nad njegovimi zmogljivostmi. Prav tako je primeren za vse, ki i\u0161\u010dejo napravo za produktivno delo na poti ali doma.<\/p>\n<p>&lt;H2&gt;Mo\u017enosti nadgradnje&lt;\/H2&gt;<br \/>\nS prenosnikom imate mo\u017enost nadgradnje tako pomnilnika kot SSD diska, kar vam omogo\u010da prilagoditev naprave va\u0161im potrebam. &lt;b&gt;Pred izvedbo nadgradnje se vedno posvetujte s strokovnjakom.&lt;\/b&gt;<\/p>\n<p>&lt;H2&gt;Zakaj izbrati obnovljeno napravo&lt;\/H2&gt;<br \/>\nIzbira obnovljenega prenosnika je odgovorna in pametna poteza, saj podpira trajnostni na\u010din uporabe tehnologije. Na\u0161a strokovna storitev obnove poskrbi, da vsak izdelek prestane temeljito obnovo po standardiziranem sistemu kakovostnih ocen. Tako dobite vrhunsko napravo po odli\u010dni ceni, obenem pa prispevate k zmanj\u0161anju elektronskih odpadkov.&lt;h2&gt;A- Kakovost&lt;\/h2&gt;&#13;<br \/>\n&lt;p&gt;Znaki obrabe. Najbolj\u0161e razmerje med kvaliteto in ceno. Ohi\u0161je lahko vsebuje manj\u0161e nepravilnosti, kot so vidne praske, ki pa ne vplivajo na delovanje naprave. Zasloni imajo lahko rahle nepravilnosti, ki so nekoliko opazne, vendar ne motijo uporabni\u0161ke izku\u0161nje.&lt;\/p&gt;<\/p>\n","protected":false},"excerpt":{"rendered":"<p>Intel\u00ae Core\u2122 i5-1035G1 \/ 1,0 GHz \/ Quad-Core (4C\/8T) \/ 3,6 GHz TurboBoost, 16 GB LPDDR4 ONBOARD, 256 GB NVME SSD, 31,6 cm (12,4\u2033), Sijajni (BrightView, gloss), Touch, 1536&#215;1024, Intel Iris Plus Graphics, USB-C, 1x USB, bluetooth, No OS Installed &#8211; Win10P COA, Mikrofon ne deluje.<\/p>\n","protected":false},"featured_media":94683,"template":"","meta":[],"product_brand":[2833],"product_cat":[1204,1291,1964,1958,1286,1224],"product_tag":[1811],"class_list":{"0":"post-94689","1":"product","2":"type-product","3":"status-publish","4":"has-post-thumbnail","6":"product_brand-microsoft","7":"product_cat-prenosniki","8":"product_cat-prenosniki-i5","9":"product_cat-prenosniki-ultrabook","10":"product_cat-prenosniki-za-domaco-uporabo","11":"product_cat-priljubljena-iskanja","12":"product_cat-rabljeni-prenosniki","13":"product_tag-pp","15":"first","16":"instock","17":"taxable","18":"shipping-taxable","19":"purchasable","20":"product-type-simple"},"_links":{"self":[{"href":"https:\/\/pracek.si\/racunalniskatrgovina\/wp-json\/wp\/v2\/product\/94689","targetHints":{"allow":["GET"]}}],"collection":[{"href":"https:\/\/pracek.si\/racunalniskatrgovina\/wp-json\/wp\/v2\/product"}],"about":[{"href":"https:\/\/pracek.si\/racunalniskatrgovina\/wp-json\/wp\/v2\/types\/product"}],"version-history":[{"count":1,"href":"https:\/\/pracek.si\/racunalniskatrgovina\/wp-json\/wp\/v2\/product\/94689\/revisions"}],"predecessor-version":[{"id":94690,"href":"https:\/\/pracek.si\/racunalniskatrgovina\/wp-json\/wp\/v2\/product\/94689\/revisions\/94690"}],"wp:featuredmedia":[{"embeddable":true,"href":"https:\/\/pracek.si\/racunalniskatrgovina\/wp-json\/wp\/v2\/media\/94683"}],"wp:attachment":[{"href":"https:\/\/pracek.si\/racunalniskatrgovina\/wp-json\/wp\/v2\/media?parent=94689"}],"wp:term":[{"taxonomy":"product_brand","embeddable":true,"href":"https:\/\/pracek.si\/racunalniskatrgovina\/wp-json\/wp\/v2\/product_brand?post=94689"},{"taxonomy":"product_cat","embeddable":true,"href":"https:\/\/pracek.si\/racunalniskatrgovina\/wp-json\/wp\/v2\/product_cat?post=94689"},{"taxonomy":"product_tag","embeddable":true,"href":"https:\/\/pracek.si\/racunalniskatrgovina\/wp-json\/wp\/v2\/product_tag?post=94689"}],"curies":[{"name":"wp","href":"https:\/\/api.w.org\/{rel}","templated":true}]}}