{"id":95690,"date":"2026-04-04T10:12:31","date_gmt":"2026-04-04T09:12:31","guid":{"rendered":"https:\/\/pracek.si\/racunalniskatrgovina\/izdelek\/tablica-lenovo-tab-plus-helio-g99-128-gb\/"},"modified":"2026-04-04T10:12:32","modified_gmt":"2026-04-04T09:12:32","slug":"tablica-lenovo-tab-plus-helio-g99-128-gb","status":"publish","type":"product","link":"https:\/\/pracek.si\/racunalniskatrgovina\/izdelek\/tablica-lenovo-tab-plus-helio-g99-128-gb\/","title":{"rendered":"Tablica Lenovo Tab Plus | Helio G99 | 128 GB"},"content":{"rendered":"<p>MediaTek Helio G99 (2x A76@2,2GHz + 6x A55@2,0GHz), 8 GB LPDDR4x, 128 GB UFS 2.2, ARM\u00a0Mali-G57 MC2 (IGP),\u00a0 29,2 cm (11,5&quot;) 2K (2000&#215;1200) IPS Touch 90 Hz, 1x USB-C 2.0,\u00a0Wi-Fi 5 (802.11ac), Bluetooth 5.2,\u00a0micro SD Card, 8MP+8MP Webcam, GPS,\u00a08600mAh LiPo,\u00a0Google Android 14&lt;h2&gt;Odprta embala\u017ea&lt;\/h2&gt;&#13;<br \/>\n&lt;p&gt;Skoraj nobenih znakov obrabe. Tovarni\u0161ka kvaliteta. V ve\u010dini primerov gre za prese\u017eek proizvodnje in neprodane zaloge, pri katerih razlike v primerjavi z novimi napravami niso opazne.&lt;\/p&gt;&#13;<\/p>\n","protected":false},"excerpt":{"rendered":"<p>MediaTek Helio G99 (2x A76@2,2GHz + 6x A55@2,0GHz), 8 GB LPDDR4x, 128 GB UFS 2.2, ARM\u00a0Mali-G57 MC2 (IGP),\u00a0 29,2 cm (11,5&#8243;) 2K (2000&#215;1200) IPS Touch 90 Hz, 1x USB-C 2.0,\u00a0Wi-Fi 5 (802.11ac), Bluetooth 5.2,\u00a0micro SD Card, 8MP+8MP Webcam, GPS,\u00a08600mAh LiPo,\u00a0Google Android 14, brez polnilca<\/p>\n","protected":false},"featured_media":95692,"template":"","meta":[],"product_brand":[18],"product_cat":[1238,1239],"product_tag":[1811],"class_list":{"0":"post-95690","1":"product","2":"type-product","3":"status-publish","4":"has-post-thumbnail","6":"product_brand-lenovo","7":"product_cat-tablice","8":"product_cat-tablice-in-telefoni","9":"product_tag-pp","10":"pa_odgovorna-oseba-v-eu-lenovo-tehnicna-regulativna-ekipa","12":"first","13":"instock","14":"taxable","15":"shipping-taxable","16":"purchasable","17":"product-type-simple"},"_links":{"self":[{"href":"https:\/\/pracek.si\/racunalniskatrgovina\/wp-json\/wp\/v2\/product\/95690","targetHints":{"allow":["GET"]}}],"collection":[{"href":"https:\/\/pracek.si\/racunalniskatrgovina\/wp-json\/wp\/v2\/product"}],"about":[{"href":"https:\/\/pracek.si\/racunalniskatrgovina\/wp-json\/wp\/v2\/types\/product"}],"version-history":[{"count":2,"href":"https:\/\/pracek.si\/racunalniskatrgovina\/wp-json\/wp\/v2\/product\/95690\/revisions"}],"predecessor-version":[{"id":95751,"href":"https:\/\/pracek.si\/racunalniskatrgovina\/wp-json\/wp\/v2\/product\/95690\/revisions\/95751"}],"wp:featuredmedia":[{"embeddable":true,"href":"https:\/\/pracek.si\/racunalniskatrgovina\/wp-json\/wp\/v2\/media\/95692"}],"wp:attachment":[{"href":"https:\/\/pracek.si\/racunalniskatrgovina\/wp-json\/wp\/v2\/media?parent=95690"}],"wp:term":[{"taxonomy":"product_brand","embeddable":true,"href":"https:\/\/pracek.si\/racunalniskatrgovina\/wp-json\/wp\/v2\/product_brand?post=95690"},{"taxonomy":"product_cat","embeddable":true,"href":"https:\/\/pracek.si\/racunalniskatrgovina\/wp-json\/wp\/v2\/product_cat?post=95690"},{"taxonomy":"product_tag","embeddable":true,"href":"https:\/\/pracek.si\/racunalniskatrgovina\/wp-json\/wp\/v2\/product_tag?post=95690"}],"curies":[{"name":"wp","href":"https:\/\/api.w.org\/{rel}","templated":true}]}}