{"id":95699,"date":"2026-04-04T10:12:31","date_gmt":"2026-04-04T09:12:31","guid":{"rendered":"https:\/\/pracek.si\/racunalniskatrgovina\/izdelek\/tablica-lenovo-tab-m10-plus-sdm-680-128-gb\/"},"modified":"2026-04-04T10:12:33","modified_gmt":"2026-04-04T09:12:33","slug":"tablica-lenovo-tab-m10-plus-sdm-680-128-gb","status":"publish","type":"product","link":"https:\/\/pracek.si\/racunalniskatrgovina\/izdelek\/tablica-lenovo-tab-m10-plus-sdm-680-128-gb\/","title":{"rendered":"Tablica Lenovo Tab M10 Plus | SDM 680 | 128 GB"},"content":{"rendered":"<p>Qualcomm\u00a0Snapdragon\u00a0SDM680 (8 Cores \/\u00a04x A73@2,4GHz + 4xA53@1,9GHz),\u00a06 GB LPDDR4x, 128 GB UFS 2.2, 26,9 cm (10,61\u2033) 2K (2000&#215;1200) Multi-Touch IPS 60 Hz,\u00a0Qualcomm\u00a0Adreno\u00a0610 (IGP), 1x USB-C 2.0, Wi-Fi 5, Bluetooth 5.1, 4G LTE WWAN,\u00a0microSD Card, 8MP+8MP Webcam, GPS, 7500 mAh LiPO, Google Android OS 14&lt;h2&gt;Odprta embala\u017ea&lt;\/h2&gt;&#13;<br \/>\n&lt;p&gt;Skoraj nobenih znakov obrabe. Tovarni\u0161ka kvaliteta. V ve\u010dini primerov gre za prese\u017eek proizvodnje in neprodane zaloge, pri katerih razlike v primerjavi z novimi napravami niso opazne.&lt;\/p&gt;&#13;<\/p>\n","protected":false},"excerpt":{"rendered":"<p>Qualcomm\u00a0Snapdragon\u00a0SDM680 (8 Cores \/\u00a04x A73@2,4GHz + 4xA53@1,9GHz),\u00a06 GB LPDDR4x, 128 GB UFS 2.2, 26,9 cm (10,61\u2033) 2K (2000&#215;1200) Multi-Touch IPS 60 Hz,\u00a0Qualcomm\u00a0Adreno\u00a0610 (IGP), 1x USB-C 2.0, Wi-Fi 5, Bluetooth 5.1, 4G LTE WWAN,\u00a0microSD Card, 8MP+8MP Webcam, GPS, 7500 mAh LiPO, Google Android OS 14, pen+etui<\/p>\n","protected":false},"featured_media":95753,"template":"","meta":[],"product_brand":[18],"product_cat":[1238,1239],"product_tag":[1811],"class_list":{"0":"post-95699","1":"product","2":"type-product","3":"status-publish","4":"has-post-thumbnail","6":"product_brand-lenovo","7":"product_cat-tablice","8":"product_cat-tablice-in-telefoni","9":"product_tag-pp","10":"pa_odgovorna-oseba-v-eu-lenovo-tehnicna-regulativna-ekipa","12":"first","13":"instock","14":"taxable","15":"shipping-taxable","16":"purchasable","17":"product-type-simple"},"_links":{"self":[{"href":"https:\/\/pracek.si\/racunalniskatrgovina\/wp-json\/wp\/v2\/product\/95699","targetHints":{"allow":["GET"]}}],"collection":[{"href":"https:\/\/pracek.si\/racunalniskatrgovina\/wp-json\/wp\/v2\/product"}],"about":[{"href":"https:\/\/pracek.si\/racunalniskatrgovina\/wp-json\/wp\/v2\/types\/product"}],"version-history":[{"count":2,"href":"https:\/\/pracek.si\/racunalniskatrgovina\/wp-json\/wp\/v2\/product\/95699\/revisions"}],"predecessor-version":[{"id":95752,"href":"https:\/\/pracek.si\/racunalniskatrgovina\/wp-json\/wp\/v2\/product\/95699\/revisions\/95752"}],"wp:featuredmedia":[{"embeddable":true,"href":"https:\/\/pracek.si\/racunalniskatrgovina\/wp-json\/wp\/v2\/media\/95753"}],"wp:attachment":[{"href":"https:\/\/pracek.si\/racunalniskatrgovina\/wp-json\/wp\/v2\/media?parent=95699"}],"wp:term":[{"taxonomy":"product_brand","embeddable":true,"href":"https:\/\/pracek.si\/racunalniskatrgovina\/wp-json\/wp\/v2\/product_brand?post=95699"},{"taxonomy":"product_cat","embeddable":true,"href":"https:\/\/pracek.si\/racunalniskatrgovina\/wp-json\/wp\/v2\/product_cat?post=95699"},{"taxonomy":"product_tag","embeddable":true,"href":"https:\/\/pracek.si\/racunalniskatrgovina\/wp-json\/wp\/v2\/product_tag?post=95699"}],"curies":[{"name":"wp","href":"https:\/\/api.w.org\/{rel}","templated":true}]}}