{"id":95956,"date":"2026-04-04T10:12:31","date_gmt":"2026-04-04T09:12:31","guid":{"rendered":"https:\/\/pracek.si\/racunalniskatrgovina\/izdelek\/monitor-hp-omen-27u-686-cm-27%e2%80%b3-4k-uhd-ips-led-hdr-144-hz-freesync\/"},"modified":"2026-04-04T10:12:36","modified_gmt":"2026-04-04T09:12:36","slug":"monitor-hp-omen-27u-686-cm-27%e2%80%b3-4k-uhd-ips-led-hdr-144-hz-freesync","status":"publish","type":"product","link":"https:\/\/pracek.si\/racunalniskatrgovina\/izdelek\/monitor-hp-omen-27u-686-cm-27%e2%80%b3-4k-uhd-ips-led-hdr-144-hz-freesync\/","title":{"rendered":"Monitor HP OMEN 27u 68,6 cm (27\u2033) 4K UHD IPS LED HDR 144 Hz FreeSync"},"content":{"rendered":"<p>68,6 cm (27\u2033), 3840 x 2160, 1 ms, 2x HDMi, DisplayPort, USB 3.2 Gen2 (10Gbps), static contrast: 1000:1 \/ dynamic contrast: , 450 cd\/m2, 178\u00b0\/178\u00b0&lt;h2&gt;Odprta embala\u017ea&lt;\/h2&gt;&#13;<br \/>\n&lt;p&gt;Skoraj nobenih znakov obrabe. Tovarni\u0161ka kvaliteta. V ve\u010dini primerov gre za prese\u017eek proizvodnje in neprodane zaloge, pri katerih razlike v primerjavi z novimi napravami niso opazne.&lt;\/p&gt;&#13;<\/p>\n","protected":false},"excerpt":{"rendered":"<p>68,6 cm (27\u2033), 3840 x 2160, 1 ms, 2x HDMi, DisplayPort, USB 3.2 Gen2 (10Gbps), s: 1000:1 \/ d: , 450 cd\/m2, 178\u00b0\/178\u00b0<\/p>\n","protected":false},"featured_media":95958,"template":"","meta":[],"product_brand":[26],"product_cat":[1149],"product_tag":[1811],"class_list":{"0":"post-95956","1":"product","2":"type-product","3":"status-publish","4":"has-post-thumbnail","6":"product_brand-hewlett-packard","7":"product_cat-monitorji","8":"product_tag-pp","9":"pa_odgovorna-oseba-v-eu-hp-tehnicna-regulativna-ekipa","11":"first","12":"instock","13":"taxable","14":"shipping-taxable","15":"purchasable","16":"product-type-simple"},"_links":{"self":[{"href":"https:\/\/pracek.si\/racunalniskatrgovina\/wp-json\/wp\/v2\/product\/95956","targetHints":{"allow":["GET"]}}],"collection":[{"href":"https:\/\/pracek.si\/racunalniskatrgovina\/wp-json\/wp\/v2\/product"}],"about":[{"href":"https:\/\/pracek.si\/racunalniskatrgovina\/wp-json\/wp\/v2\/types\/product"}],"version-history":[{"count":2,"href":"https:\/\/pracek.si\/racunalniskatrgovina\/wp-json\/wp\/v2\/product\/95956\/revisions"}],"predecessor-version":[{"id":96073,"href":"https:\/\/pracek.si\/racunalniskatrgovina\/wp-json\/wp\/v2\/product\/95956\/revisions\/96073"}],"wp:featuredmedia":[{"embeddable":true,"href":"https:\/\/pracek.si\/racunalniskatrgovina\/wp-json\/wp\/v2\/media\/95958"}],"wp:attachment":[{"href":"https:\/\/pracek.si\/racunalniskatrgovina\/wp-json\/wp\/v2\/media?parent=95956"}],"wp:term":[{"taxonomy":"product_brand","embeddable":true,"href":"https:\/\/pracek.si\/racunalniskatrgovina\/wp-json\/wp\/v2\/product_brand?post=95956"},{"taxonomy":"product_cat","embeddable":true,"href":"https:\/\/pracek.si\/racunalniskatrgovina\/wp-json\/wp\/v2\/product_cat?post=95956"},{"taxonomy":"product_tag","embeddable":true,"href":"https:\/\/pracek.si\/racunalniskatrgovina\/wp-json\/wp\/v2\/product_tag?post=95956"}],"curies":[{"name":"wp","href":"https:\/\/api.w.org\/{rel}","templated":true}]}}