{"id":96945,"date":"2026-04-03T14:06:18","date_gmt":"2026-04-03T13:06:18","guid":{"rendered":"https:\/\/pracek.si\/racunalniskatrgovina\/izdelek\/prenosnik-hp-probook-440-g7-i5-ram-8-gb-ssd-disk-140%e2%80%b3-fhd\/"},"modified":"2026-04-03T14:06:19","modified_gmt":"2026-04-03T13:06:19","slug":"prenosnik-hp-probook-440-g7-i5-ram-8-gb-ssd-disk-140%e2%80%b3-fhd","status":"publish","type":"product","link":"https:\/\/pracek.si\/racunalniskatrgovina\/izdelek\/prenosnik-hp-probook-440-g7-i5-ram-8-gb-ssd-disk-140%e2%80%b3-fhd\/","title":{"rendered":"Prenosnik HP Probook 440 G7 \/ i5 \/ RAM 8 GB \/ SSD Disk \/ 14,0\u2033 FHD"},"content":{"rendered":"<p>Prenosnik HP Probook 440 G7 prina\u0161a u\u010dinkovitost in zanesljivost v elegantnem ohi\u0161ju. Z ergonomskim dizajnom in matiranim 14-pal\u010dnim zaslonom ponuja optimalno delovno izku\u0161njo, ne glede na to, kje ga uporabljate. Idealna izbira tako za profesionalce kot za \u0161tudente.<\/p>\n<p>&lt;H2&gt;Najve\u010dje prednosti&lt;\/H2&gt;<br \/>\n&lt;ul&gt;<br \/>\n  &lt;li&gt;Visoka zmogljivost z &lt;b&gt;procesorjem i5&lt;\/b&gt; zagotavlja nemoteno delovanje ve\u010dopravilnosti.&lt;\/li&gt;<br \/>\n  &lt;li&gt;&lt;b&gt;Nadpovpre\u010dna grafi\u010dna mo\u010d&lt;\/b&gt; z vgrajeno Intelovo grafiko za izbolj\u0161ano vizualno izku\u0161njo.&lt;\/li&gt;<br \/>\n  &lt;li&gt;Matiran &lt;b&gt;14,0\u2033 FHD zaslon&lt;\/b&gt; zmanj\u0161uje odseve in pove\u010duje udobje pri dolgotrajni uporabi.&lt;\/li&gt;<br \/>\n  &lt;li&gt;&lt;b&gt;NVMe SSD disk&lt;\/b&gt; omogo\u010da hitro nalaganje podatkov in aplikacij.&lt;\/li&gt;<br \/>\n  &lt;li&gt;Opremljen s \u0161tevilnimi priklju\u010dki, vklju\u010dno z USB-C in HDMI, za popolno povezljivost.&lt;\/li&gt;<br \/>\n&lt;\/ul&gt;<\/p>\n<p>&lt;H2&gt;Kdo kupuje ta izdelek&lt;\/H2&gt;<br \/>\nHP Probook 440 G7 je odli\u010dna izbira za poslovne\u017ee in \u0161tudente, ki potrebujejo zanesljiv prenosnik za vsakodnevne izzive. Zaradi svoje robustne zasnove in zmogljivosti je priljubljen med uporabniki, ki potrebujejo mobilnost in mo\u010d na poti.<\/p>\n<p>&lt;H2&gt;Mo\u017enosti nadgradnje&lt;\/H2&gt;<br \/>\nHP Probook 440 G7 omogo\u010da enostavno nadgradnjo delovnega pomnilnika in diska za \u0161e bolj\u0161e prilagajanje va\u0161im potrebam. Pred izvedbo nadgradnje se vedno posvetujte s strokovnjakom.<\/p>\n<p>&lt;H2&gt;Zakaj izbrati obnovljeno napravo&lt;\/H2&gt;<br \/>\nIzbor obnovljenega HP Probook 440 G7 pomeni odlo\u010ditev za ekolo\u0161ko in ekonomsko vrednost. Napravo je strokovno obnovila skupina usposobljenih strokovnjakov, pri \u010demer so bili uporabljeni standardizirani sistemi kakovostnih ocen, kar zagotavlja vrhunsko delovanje. Izbira obnovljenih naprav prispeva tudi k trajnostnej\u0161i porabi in bolj\u0161emu izkoristku virov.&lt;h2&gt;A Kakovost&lt;\/h2&gt;&#13;<br \/>\n&lt;p&gt;Rahli znaki obrabe. Nadpovpre\u010dna kvaliteta. Ohi\u0161je lahko vsebuje minimalne nepravilnosti, kot je praska, ki je nevidna na razdalji 50 cm (pribli\u017eno dol\u017eina roke) ali ve\u010d. Zasloni so v delujo\u010dem stanju brezhibni.&lt;\/p&gt;&#13;<\/p>\n","protected":false},"excerpt":{"rendered":"<p>Intel Core i5 10210U \/ 1,6 GHz \/ Quad-Core \/ 4,2 GHz TurboBoost, 8 GB DDR4 SODIMM, 256 GB NVME SSD, 35,6 cm (14,0\u2033), Matiran (AntiGlare, matt), FHD 1920 x 1080, Intel UHD Graphics 630, HDMI, USB-C, 3x USB, backlit_kb, Card reader, bluetooth, No OS Installed &#8211; Win10P COA<\/p>\n","protected":false},"featured_media":96947,"template":"","meta":[],"product_brand":[26],"product_cat":[1296,1204,1291,1964,1958,1959,1286,1224],"product_tag":[1811],"class_list":{"0":"post-96945","1":"product","2":"type-product","3":"status-publish","4":"has-post-thumbnail","6":"product_brand-hewlett-packard","7":"product_cat-hp-prenosniki","8":"product_cat-prenosniki","9":"product_cat-prenosniki-i5","10":"product_cat-prenosniki-ultrabook","11":"product_cat-prenosniki-za-domaco-uporabo","12":"product_cat-prenosniki-za-poslovno-uporabo","13":"product_cat-priljubljena-iskanja","14":"product_cat-rabljeni-prenosniki","15":"product_tag-pp","16":"pa_odgovorna-oseba-v-eu-hp-tehnicna-regulativna-ekipa","18":"first","19":"instock","20":"taxable","21":"shipping-taxable","22":"purchasable","23":"product-type-simple"},"_links":{"self":[{"href":"https:\/\/pracek.si\/racunalniskatrgovina\/wp-json\/wp\/v2\/product\/96945","targetHints":{"allow":["GET"]}}],"collection":[{"href":"https:\/\/pracek.si\/racunalniskatrgovina\/wp-json\/wp\/v2\/product"}],"about":[{"href":"https:\/\/pracek.si\/racunalniskatrgovina\/wp-json\/wp\/v2\/types\/product"}],"version-history":[{"count":1,"href":"https:\/\/pracek.si\/racunalniskatrgovina\/wp-json\/wp\/v2\/product\/96945\/revisions"}],"predecessor-version":[{"id":96946,"href":"https:\/\/pracek.si\/racunalniskatrgovina\/wp-json\/wp\/v2\/product\/96945\/revisions\/96946"}],"wp:featuredmedia":[{"embeddable":true,"href":"https:\/\/pracek.si\/racunalniskatrgovina\/wp-json\/wp\/v2\/media\/96947"}],"wp:attachment":[{"href":"https:\/\/pracek.si\/racunalniskatrgovina\/wp-json\/wp\/v2\/media?parent=96945"}],"wp:term":[{"taxonomy":"product_brand","embeddable":true,"href":"https:\/\/pracek.si\/racunalniskatrgovina\/wp-json\/wp\/v2\/product_brand?post=96945"},{"taxonomy":"product_cat","embeddable":true,"href":"https:\/\/pracek.si\/racunalniskatrgovina\/wp-json\/wp\/v2\/product_cat?post=96945"},{"taxonomy":"product_tag","embeddable":true,"href":"https:\/\/pracek.si\/racunalniskatrgovina\/wp-json\/wp\/v2\/product_tag?post=96945"}],"curies":[{"name":"wp","href":"https:\/\/api.w.org\/{rel}","templated":true}]}}