{"id":97159,"date":"2026-04-03T20:08:41","date_gmt":"2026-04-03T19:08:41","guid":{"rendered":"https:\/\/pracek.si\/racunalniskatrgovina\/izdelek\/rabljen-prenosnik-lenovo-thinkpad-t14s-g1-3\/"},"modified":"2026-04-03T20:08:44","modified_gmt":"2026-04-03T19:08:44","slug":"prenosnik-lenovo-thinkpad-t14s-g1-i5-ram-16-gb-ssd-disk-140%e2%80%b3-fhd","status":"publish","type":"product","link":"https:\/\/pracek.si\/racunalniskatrgovina\/izdelek\/prenosnik-lenovo-thinkpad-t14s-g1-i5-ram-16-gb-ssd-disk-140%e2%80%b3-fhd\/","title":{"rendered":"Prenosnik Lenovo ThinkPad T14S G1 \/ i5 \/ RAM 16 GB \/ SSD Disk \/ 14,0\u2033 FHD"},"content":{"rendered":"<p>Glinast Lenovo ThinkPad T14S G1 je prava izbira za vse, ki potrebujejo zanesljivo in zmogljivo napravo za vsakodnevne naloge. S svojo prepoznavno kombinacijo vrhunske ergonomije in elegantne zasnove zdru\u017euje funkcionalnost in estetiko. Opremljen je z visoko zmogljivim procesorjem I5, ki uporabniku omogo\u010da brezhibno delovanje in produktivnost.<\/p>\n<p>&lt;H2&gt;Najve\u010dje prednosti&lt;\/H2&gt;<br \/>\n&lt;ul&gt;<br \/>\n  &lt;li&gt;&lt;b&gt;Visoka zmogljivost&lt;\/b&gt; &#8211; Procesor I5 zagotavlja gladko ve\u010dopravilnost.&lt;\/li&gt;<br \/>\n  &lt;li&gt;&lt;b&gt;Ostrina slike&lt;\/b&gt; &#8211; FHD zaslon z mat povr\u0161ino prepre\u010duje odseve in omogo\u010da dolgotrajno udobno uporabo.&lt;\/li&gt;<br \/>\n  &lt;li&gt;&lt;b&gt;Hitrost&lt;\/b&gt; &#8211; NVMe shranjevanje zagotavlja hitro nalaganje aplikacij in sistemskih datotek.&lt;\/li&gt;<br \/>\n  &lt;li&gt;&lt;b&gt;Povezljivost&lt;\/b&gt; &#8211; Opremljen s HDMI, USB-C in Thunderbolt vrati, kar omogo\u010da \u0161irok nabor povezovalnih mo\u017enosti.&lt;\/li&gt;<br \/>\n  &lt;li&gt;&lt;b&gt;Osupljiva osvetlitev&lt;\/b&gt; &#8211; Osvetljena tipkovnica omogo\u010da delo tudi v temnej\u0161ih okoljih.&lt;\/li&gt;<br \/>\n&lt;\/ul&gt;<\/p>\n<p>&lt;H2&gt;Kdo kupuje ta izdelek&lt;\/H2&gt;<br \/>\nTa ThinkPad je idealna izbira za profesionalce, ki potrebujejo mo\u010dno, prenosno napravo za delo na poti, ne da bi \u017ertvovali zmogljivost. Prav tako je odli\u010dna re\u0161itev za \u0161tudente in doma\u010de uporabnike, ki cenijo hitro delovanje in zanesljivost.<\/p>\n<p>&lt;H2&gt;Mo\u017enosti nadgradnje&lt;\/H2&gt;<br \/>\nTa prenosnik omogo\u010da prilagoditev s \u0161irjenjem prostora za shranjevanje in pomnilnika, da lahko napravo prilagodite svojim potrebam. Pred izvedbo nadgradnje se vedno posvetujte s strokovnjakom.<\/p>\n<p>&lt;H2&gt;Zakaj izbrati obnovljeno napravo&lt;\/H2&gt;<br \/>\nIzbrati obnovljeno napravo pomeni pametno ravnanje tako s finan\u010dnega kot z okoljskega vidika. Prenosnik je obnovljen s strani strokovnjakov, pri \u010demer se upo\u0161tevajo najvi\u0161ji standardi kakovosti, da zagotovimo brezhibno delovanje. To prina\u0161a kakovostne naprave po dostopni ceni, hkrati pa prispeva k zmanj\u0161anju e-odpadkov in obremenitev okolja. Na\u0161a skrb za nadzor kakovosti zagotavlja zanesljivost in zadovoljstvo ob nakupu.<\/p>\n<p>Odkrijte svet u\u010dinkovitosti in brezhibnega delovanja z Lenovo ThinkPad T14S G1 ter ga izkoristite kot svojo vsakodnevno oporo v svetu digitalnih re\u0161itev.&lt;h2&gt;A Kakovost&lt;\/h2&gt;&#13;<br \/>\n&lt;p&gt;Rahli znaki obrabe. Nadpovpre\u010dna kvaliteta. Ohi\u0161je lahko vsebuje minimalne nepravilnosti, kot je praska, ki je nevidna na razdalji 50 cm (pribli\u017eno dol\u017eina roke) ali ve\u010d. Zasloni so v delujo\u010dem stanju brezhibni.&lt;\/p&gt;&#13;<\/p>\n","protected":false},"excerpt":{"rendered":"<p>Intel\u00ae Core\u2122 i5-10310U \/ 1,7 GHz \/ Quad-Core \/ Turbo Speed 4,4 GHz, 16 GB DDR4 SODIMM, 512 GB NVME SSD, 35,6 cm (14,0\u2033), Matiran (AntiGlare, matt), Touch, FHD 1920 x 1080, Intel UHD Graphics, HDMI, USB-C, Thunderbolt, 2x USB, backlit_kb, bluetooth, No OS Installed &#8211; Win10P COA<\/p>\n","protected":false},"featured_media":87425,"template":"","meta":[],"product_brand":[18],"product_cat":[1299,1204,1291,1964,1959,1286,1224],"product_tag":[1811],"class_list":{"0":"post-97159","1":"product","2":"type-product","3":"status-publish","4":"has-post-thumbnail","6":"product_brand-lenovo","7":"product_cat-lenovo-prenosniki","8":"product_cat-prenosniki","9":"product_cat-prenosniki-i5","10":"product_cat-prenosniki-ultrabook","11":"product_cat-prenosniki-za-poslovno-uporabo","12":"product_cat-priljubljena-iskanja","13":"product_cat-rabljeni-prenosniki","14":"product_tag-pp","15":"pa_odgovorna-oseba-v-eu-lenovo-tehnicna-regulativna-ekipa","17":"first","18":"instock","19":"taxable","20":"shipping-taxable","21":"purchasable","22":"product-type-simple"},"_links":{"self":[{"href":"https:\/\/pracek.si\/racunalniskatrgovina\/wp-json\/wp\/v2\/product\/97159","targetHints":{"allow":["GET"]}}],"collection":[{"href":"https:\/\/pracek.si\/racunalniskatrgovina\/wp-json\/wp\/v2\/product"}],"about":[{"href":"https:\/\/pracek.si\/racunalniskatrgovina\/wp-json\/wp\/v2\/types\/product"}],"version-history":[{"count":3,"href":"https:\/\/pracek.si\/racunalniskatrgovina\/wp-json\/wp\/v2\/product\/97159\/revisions"}],"predecessor-version":[{"id":99833,"href":"https:\/\/pracek.si\/racunalniskatrgovina\/wp-json\/wp\/v2\/product\/97159\/revisions\/99833"}],"wp:featuredmedia":[{"embeddable":true,"href":"https:\/\/pracek.si\/racunalniskatrgovina\/wp-json\/wp\/v2\/media\/87425"}],"wp:attachment":[{"href":"https:\/\/pracek.si\/racunalniskatrgovina\/wp-json\/wp\/v2\/media?parent=97159"}],"wp:term":[{"taxonomy":"product_brand","embeddable":true,"href":"https:\/\/pracek.si\/racunalniskatrgovina\/wp-json\/wp\/v2\/product_brand?post=97159"},{"taxonomy":"product_cat","embeddable":true,"href":"https:\/\/pracek.si\/racunalniskatrgovina\/wp-json\/wp\/v2\/product_cat?post=97159"},{"taxonomy":"product_tag","embeddable":true,"href":"https:\/\/pracek.si\/racunalniskatrgovina\/wp-json\/wp\/v2\/product_tag?post=97159"}],"curies":[{"name":"wp","href":"https:\/\/api.w.org\/{rel}","templated":true}]}}