{"id":97663,"date":"2026-04-03T21:02:30","date_gmt":"2026-04-03T20:02:30","guid":{"rendered":"https:\/\/pracek.si\/racunalniskatrgovina\/izdelek\/prenosnik-hp-elitebook-845-g8-amd-ryzen-5-ram-16-gb-ssd-disk-140%e2%80%b3-fhd\/"},"modified":"2026-04-03T21:02:34","modified_gmt":"2026-04-03T20:02:34","slug":"prenosnik-hp-elitebook-845-g8-amd-ryzen-5-ram-16-gb-ssd-disk-140%e2%80%b3-fhd","status":"publish","type":"product","link":"https:\/\/pracek.si\/racunalniskatrgovina\/izdelek\/prenosnik-hp-elitebook-845-g8-amd-ryzen-5-ram-16-gb-ssd-disk-140%e2%80%b3-fhd\/","title":{"rendered":"Prenosnik HP Elitebook 845 G8 \/ AMD Ryzen\u2122 5 \/ RAM 16 GB \/ SSD Disk \/ 14,0\u2033 FHD"},"content":{"rendered":"<p>HP EliteBook 845 G8 je eleganten in zmogljiv prenosni ra\u010dunalnik, ki je popoln za dinami\u010dno delovno okolje. Ta prenosnik zdru\u017euje privla\u010den dizajn, visoko zmogljivost in prakti\u010dnost za profesionalne in osebne potrebe. <\/p>\n<p>&lt;H2&gt;Najve\u010dje prednosti&lt;\/H2&gt;<br \/>\n&lt;ul&gt;<br \/>\n    &lt;li&gt;Opremljen s procesorjem Ryzen\u2122 5, ki zagotavlja hitro in u\u010dinkovito delovanje&lt;\/li&gt;<br \/>\n    &lt;li&gt;16 GB RAM za gladko ve\u010dopravilnost&lt;\/li&gt;<br \/>\n    &lt;li&gt;Hitri NVMe SSD disk za takoj\u0161en dostop do podatkov&lt;\/li&gt;<br \/>\n    &lt;li&gt;14,0&quot; AntiGlare FHD zaslon za jasen prikaz tudi v svetlih okoljih&lt;\/li&gt;<br \/>\n    &lt;li&gt;Vgrajena AMD Radeon Vega grafika za izvrsten vizualni prikaz&lt;\/li&gt;<br \/>\n    &lt;li&gt;Mo\u017enosti povezljivosti vklju\u010dujejo HDMI in USB&lt;\/li&gt;<br \/>\n    &lt;li&gt;Osvetljena tipkovnica za udobno tipkanje v nevarostalih razmerah&lt;\/li&gt;<br \/>\n&lt;\/ul&gt;<\/p>\n<p>&lt;H2&gt;Kdo kupuje ta izdelek&lt;\/H2&gt;<br \/>\nPrenosnik HP EliteBook 845 G8 je idealen za poslovne\u017ee, \u0161tudente in vse, ki \u017eelijo zanesljivo napravo za vsakodnevna opravila. Z dolgoletno zanesljivostjo in prvovrstno izdelavo je primeren za uporabo v pisarni, doma ali na poti. <\/p>\n<p>&lt;H2&gt;Mo\u017enosti nadgradnje&lt;\/H2&gt;<br \/>\nHP EliteBook 845 G8 omogo\u010da enostavne nadgradnje, kar vklju\u010duje mo\u017enosti za pove\u010danje pomnilnika in diska. Ta fleksibilnost omogo\u010da uporabnikom, da prilagodijo sistem svojim potrebam po pove\u010dani zmogljivosti ali skladi\u0161\u010denju. &lt;b&gt;Pred izvedbo nadgradnje se vedno posvetujte s strokovnjakom.&lt;\/b&gt;<\/p>\n<p>&lt;H2&gt;Zakaj izbrati obnovljeno napravo&lt;\/H2&gt;<br \/>\nIzbira obnovljene naprave pomeni trajnostno odlo\u010ditev, saj spodbuja ponovno uporabo kakovostnih naprav. EliteBook 845 G8 je strokovno obnovljen, kar zagotavlja, da izdelek ustreza visokim standardom kakovosti. Ta postopek obsega temeljito pregledovanje, testiranje in posodobitev, tako da dobite enako zmogljivost kot pri novi napravi, a po ugodnej\u0161i ceni.  <\/p>\n<p>Pri izbiri HP EliteBook 845 G8 si zagotovite robustno in zanesljivo napravo, ki bo zadostila vsem va\u0161im zahtevam in hkrati prispevala k bolj odgovornemu odnosu do okolja.&lt;h2&gt;A- Kakovost&lt;\/h2&gt;&#13;<br \/>\n&lt;p&gt;Znaki obrabe. Najbolj\u0161e razmerje med kvaliteto in ceno. Ohi\u0161je lahko vsebuje manj\u0161e nepravilnosti, kot so vidne praske, ki pa ne vplivajo na delovanje naprave. Zasloni imajo lahko rahle nepravilnosti, ki so nekoliko opazne, vendar ne motijo uporabni\u0161ke izku\u0161nje.&lt;\/p&gt;<\/p>\n","protected":false},"excerpt":{"rendered":"<p>AMD Ryzen\u2122 5 PRO 5650U \/ 2,3 GHz \/ Hexa-Core (6C\/12T) \/ Turbo Speed 4,2 GHz, 16 GB DDR4 SODIMM, 256 GB NVME SSD, 35,6 cm (14,0\u2033), Matiran (AntiGlare, matt), FHD 1920 x 1080, AMD Radeon Graphics, HDMI, 2x USB, bluetooth, No OS Installed &#8211; Win10P COA<\/p>\n","protected":false},"featured_media":97665,"template":"","meta":[],"product_brand":[26],"product_cat":[1296,1204,1964,1959,1286,1224],"product_tag":[1811],"class_list":{"0":"post-97663","1":"product","2":"type-product","3":"status-publish","4":"has-post-thumbnail","6":"product_brand-hewlett-packard","7":"product_cat-hp-prenosniki","8":"product_cat-prenosniki","9":"product_cat-prenosniki-ultrabook","10":"product_cat-prenosniki-za-poslovno-uporabo","11":"product_cat-priljubljena-iskanja","12":"product_cat-rabljeni-prenosniki","13":"product_tag-pp","14":"pa_odgovorna-oseba-v-eu-hp-reg-23010","16":"first","17":"instock","18":"taxable","19":"shipping-taxable","20":"purchasable","21":"product-type-simple"},"_links":{"self":[{"href":"https:\/\/pracek.si\/racunalniskatrgovina\/wp-json\/wp\/v2\/product\/97663","targetHints":{"allow":["GET"]}}],"collection":[{"href":"https:\/\/pracek.si\/racunalniskatrgovina\/wp-json\/wp\/v2\/product"}],"about":[{"href":"https:\/\/pracek.si\/racunalniskatrgovina\/wp-json\/wp\/v2\/types\/product"}],"version-history":[{"count":1,"href":"https:\/\/pracek.si\/racunalniskatrgovina\/wp-json\/wp\/v2\/product\/97663\/revisions"}],"predecessor-version":[{"id":97664,"href":"https:\/\/pracek.si\/racunalniskatrgovina\/wp-json\/wp\/v2\/product\/97663\/revisions\/97664"}],"wp:featuredmedia":[{"embeddable":true,"href":"https:\/\/pracek.si\/racunalniskatrgovina\/wp-json\/wp\/v2\/media\/97665"}],"wp:attachment":[{"href":"https:\/\/pracek.si\/racunalniskatrgovina\/wp-json\/wp\/v2\/media?parent=97663"}],"wp:term":[{"taxonomy":"product_brand","embeddable":true,"href":"https:\/\/pracek.si\/racunalniskatrgovina\/wp-json\/wp\/v2\/product_brand?post=97663"},{"taxonomy":"product_cat","embeddable":true,"href":"https:\/\/pracek.si\/racunalniskatrgovina\/wp-json\/wp\/v2\/product_cat?post=97663"},{"taxonomy":"product_tag","embeddable":true,"href":"https:\/\/pracek.si\/racunalniskatrgovina\/wp-json\/wp\/v2\/product_tag?post=97663"}],"curies":[{"name":"wp","href":"https:\/\/api.w.org\/{rel}","templated":true}]}}