{"id":97893,"date":"2026-04-04T10:14:07","date_gmt":"2026-04-04T09:14:07","guid":{"rendered":"https:\/\/pracek.si\/racunalniskatrgovina\/izdelek\/prenosnik-lenovo-thinkpad-t14s-g1-i5-ram-8-gb-ssd-disk-140%e2%80%b3-fhd-3\/"},"modified":"2026-04-04T10:14:16","modified_gmt":"2026-04-04T09:14:16","slug":"prenosnik-lenovo-thinkpad-t14s-g1-i5-ram-8-gb-ssd-disk-140%e2%80%b3-fhd-2","status":"publish","type":"product","link":"https:\/\/pracek.si\/racunalniskatrgovina\/izdelek\/prenosnik-lenovo-thinkpad-t14s-g1-i5-ram-8-gb-ssd-disk-140%e2%80%b3-fhd-2\/","title":{"rendered":"Prenosnik Lenovo ThinkPad T14s G1 \/ i5 \/ RAM 8 GB \/ SSD Disk \/ 14,0\u2033 FHD"},"content":{"rendered":"<p>Lenovo ThinkPad T14s G1 je izvrstna naprava, ki zdru\u017euje eleganco in zmogljivost. Zasnovan je za tiste, ki potrebujejo zanesljiv prenosnik za delo in vsakodnevne naloge, ponuja pa tudi \u0161tevilne mo\u017enosti prilagoditve in nadgradnje.<\/p>\n<p>&lt;H2&gt;Najve\u010dje prednosti&lt;\/H2&gt;<br \/>\nPrenosnik je opremljen z zmogljivim procesorjem I5, ki zagotavlja optimalno delovanje pri \u0161irokem spektru nalog. Njegov 14,0-pal\u010dni mat zaslon FHD (1920 x 1080) omogo\u010da &lt;b&gt;jasno in ostro sliko&lt;\/b&gt;, hkrati pa zmanj\u0161a ble\u0161\u010danje zahvaljujo\u010d protible\u0161\u010dalnemu sloju. &lt;b&gt;Ozek in lahek dizajn&lt;\/b&gt; omogo\u010da enostavno prena\u0161anje, kar je idealno za delo na poti.<\/p>\n<p>&lt;H2&gt;Kdo kupuje ta izdelek&lt;\/H2&gt;<br \/>\nThinkPad T14s G1 je popolna izbira za poslovne\u017ee, \u0161tudente in freelancerje, ki potrebujejo zanesljivo napravo, ki lahko hitro in u\u010dinkovito opravi \u0161tevilne naloge. Taj uporabnikom omogo\u010da, da ostanejo produktivni kjerkoli.<\/p>\n<p>&lt;H2&gt;Mo\u017enosti nadgradnje&lt;\/H2&gt;<br \/>\nPrenosnik nudi mo\u017enost nadgradnje pomnilnika in diska, kar omogo\u010da hitrej\u0161e delovanje in ve\u010d prostora za shranjevanje potrebnih dokumentov in programov. Napredna NVMe tehnologija omogo\u010da &lt;b&gt;izjemno hitro delovanje&lt;\/b&gt;, kar je odli\u010dna lastnost za dodatne nadgradnje shrambe. Pred izvedbo nadgradnje se vedno posvetujte s strokovnjakom.<\/p>\n<p>&lt;H2&gt;Zakaj izbrati obnovljeno napravo&lt;\/H2&gt;<br \/>\nIzbor obnovljene naprave ni le okolju prijazen, temve\u010d tudi pametna finan\u010dna odlo\u010ditev. Obnovljeni prenosniki so strokovno pregledani, o\u010di\u0161\u010deni in testirani po standardiziranem sistemu kakovostnih ocen, kar zagotavlja njihovo zanesljivost in zmogljivost primerljivo z novimi napravami. Tako dobite vrhunski izdelek po dostopni ceni.<\/p>\n<p>Lenovo ThinkPad T14s G1 predstavlja idealno ravnote\u017eje med zmogljivostjo, prenosljivostjo in cenovno vrednostjo. Izberite ga in do\u017eivite vrhunsko ra\u010dunalni\u0161ko izku\u0161njo, ki se prilagaja va\u0161im potrebam.&lt;h2&gt;A- Kakovost&lt;\/h2&gt;&#13;<br \/>\n&lt;p&gt;Znaki obrabe. Najbolj\u0161e razmerje med kvaliteto in ceno. Ohi\u0161je lahko vsebuje manj\u0161e nepravilnosti, kot so vidne praske, ki pa ne vplivajo na delovanje naprave. Zasloni imajo lahko rahle nepravilnosti, ki so nekoliko opazne, vendar ne motijo uporabni\u0161ke izku\u0161nje.&lt;\/p&gt;<\/p>\n","protected":false},"excerpt":{"rendered":"<p>Intel\u00ae Core\u2122 i5-10210U \/ 1.60 GHz \/ Quad-Core \/ 4.20 GHz TurboBoost, 8 GB DDR4 SODIMM, 256 GB NVME SSD, 35,6 cm (14,0\u2033), Matiran (AntiGlare, matt), FHD 1920 x 1080, Intel UHD Graphics, HDMI, USB-C, Thunderbolt, 2x USB, backlit_kb, bluetooth, No OS Installed &#8211; Win10P COA<\/p>\n","protected":false},"featured_media":87425,"template":"","meta":[],"product_brand":[18],"product_cat":[1299,1204,1291,1964,1959,1286,1224],"product_tag":[1811],"class_list":{"0":"post-97893","1":"product","2":"type-product","3":"status-publish","4":"has-post-thumbnail","6":"product_brand-lenovo","7":"product_cat-lenovo-prenosniki","8":"product_cat-prenosniki","9":"product_cat-prenosniki-i5","10":"product_cat-prenosniki-ultrabook","11":"product_cat-prenosniki-za-poslovno-uporabo","12":"product_cat-priljubljena-iskanja","13":"product_cat-rabljeni-prenosniki","14":"product_tag-pp","15":"pa_odgovorna-oseba-v-eu-lenovo-tehnicna-regulativna-ekipa","17":"first","18":"instock","19":"taxable","20":"shipping-taxable","21":"purchasable","22":"product-type-simple"},"_links":{"self":[{"href":"https:\/\/pracek.si\/racunalniskatrgovina\/wp-json\/wp\/v2\/product\/97893","targetHints":{"allow":["GET"]}}],"collection":[{"href":"https:\/\/pracek.si\/racunalniskatrgovina\/wp-json\/wp\/v2\/product"}],"about":[{"href":"https:\/\/pracek.si\/racunalniskatrgovina\/wp-json\/wp\/v2\/types\/product"}],"version-history":[{"count":1,"href":"https:\/\/pracek.si\/racunalniskatrgovina\/wp-json\/wp\/v2\/product\/97893\/revisions"}],"predecessor-version":[{"id":97894,"href":"https:\/\/pracek.si\/racunalniskatrgovina\/wp-json\/wp\/v2\/product\/97893\/revisions\/97894"}],"wp:featuredmedia":[{"embeddable":true,"href":"https:\/\/pracek.si\/racunalniskatrgovina\/wp-json\/wp\/v2\/media\/87425"}],"wp:attachment":[{"href":"https:\/\/pracek.si\/racunalniskatrgovina\/wp-json\/wp\/v2\/media?parent=97893"}],"wp:term":[{"taxonomy":"product_brand","embeddable":true,"href":"https:\/\/pracek.si\/racunalniskatrgovina\/wp-json\/wp\/v2\/product_brand?post=97893"},{"taxonomy":"product_cat","embeddable":true,"href":"https:\/\/pracek.si\/racunalniskatrgovina\/wp-json\/wp\/v2\/product_cat?post=97893"},{"taxonomy":"product_tag","embeddable":true,"href":"https:\/\/pracek.si\/racunalniskatrgovina\/wp-json\/wp\/v2\/product_tag?post=97893"}],"curies":[{"name":"wp","href":"https:\/\/api.w.org\/{rel}","templated":true}]}}