{"id":97919,"date":"2026-04-04T10:04:58","date_gmt":"2026-04-04T09:04:58","guid":{"rendered":"https:\/\/pracek.si\/racunalniskatrgovina\/izdelek\/prenosnik-lenovo-thinkpad-l14-g2-i7-ram-8-gb-ssd-disk-140%e2%80%b3-fhd-4\/"},"modified":"2026-04-04T10:05:12","modified_gmt":"2026-04-04T09:05:12","slug":"prenosnik-lenovo-thinkpad-l14-g2-i7-ram-8-gb-ssd-disk-140%e2%80%b3-fhd-4","status":"publish","type":"product","link":"https:\/\/pracek.si\/racunalniskatrgovina\/izdelek\/prenosnik-lenovo-thinkpad-l14-g2-i7-ram-8-gb-ssd-disk-140%e2%80%b3-fhd-4\/","title":{"rendered":"Prenosnik Lenovo ThinkPad L14 G2 \/ i7 \/ RAM 8 GB \/ SSD Disk \/ 14,0\u2033 FHD"},"content":{"rendered":"<p>Elegantno oblikovan in kompaktno zasnovan prenosnik Lenovo ThinkPad L14 G2 nudi zanesljivo zmogljivost, vsebine prikazuje pa razlo\u010dno in jasno. Kombinacija zmogljivega procesorja in vrhunskih grafi\u010dnih zmogljivosti bo zagotovila teko\u010de delovanje pri razli\u010dnih nalogah. <\/p>\n<p>&lt;H2&gt;Najve\u010dje prednosti&lt;\/H2&gt;<br \/>\nLenovo ThinkPad L14 G2 se pona\u0161a z vrsto funkcij, ki delajo vsakodnevno uporabo preprosto in prijetno.<br \/>\n&lt;ul&gt;<br \/>\n  &lt;li&gt;&lt;b&gt;Kakovosten 14-pal\u010dni zaslon&lt;\/b&gt;: Matirano povr\u0161ino prepre\u010duje ble\u0161\u010danje in zagotavlja prijetno izku\u0161njo gledanja tudi v svetlej\u0161ih prostorih.&lt;\/li&gt;<br \/>\n  &lt;li&gt;&lt;b&gt;Hitra povezljivost&lt;\/b&gt;: Opremljen z USB-C, Thunderbolt in HDMI, olaj\u0161a povezovanje z drugimi napravami za kar najbolj\u0161o povezljivost.&lt;\/li&gt;<br \/>\n  &lt;li&gt;&lt;b&gt;Osvetljena tipkovnica&lt;\/b&gt;: Delo v temnej\u0161ih okoljih \u0161e nikoli ni bilo tako preprosto in u\u010dinkovito.&lt;\/li&gt;<br \/>\n  &lt;li&gt;&lt;b&gt;Karti\u010dni \u010ditalec in Bluetooth&lt;\/b&gt;: Raz\u0161irite mo\u017enosti povezovanja ter izmenjave podatkov.&lt;\/li&gt;<br \/>\n&lt;\/ul&gt;<\/p>\n<p>&lt;H2&gt;Kdo kupuje ta izdelek&lt;\/H2&gt;<br \/>\nTa prenosnik je idealen za poslovne uporabnike in \u0161tudente, ki potrebujejo zanesljivo napravo za delovne naloge, ki zahtevajo ve\u010dopravilnost. Prav tako je primeren za tiste, ki cenijo udobje tipkanja na osvetljeni tipkovnici in vse, ki \u017eelijo napravo z zanesljivo dolgo \u017eivljenjsko dobo.<\/p>\n<p>&lt;H2&gt;Mo\u017enosti nadgradnje&lt;\/H2&gt;<br \/>\nThinkPad L14 G2 ponuja mo\u017enost nadgradnje pomnilnika in prostora za shranjevanje preko NVMe standarda, kar zagotavlja hitrej\u0161e branje in zapisovanje podatkov. &lt;b&gt;Pred izvedbo nadgradnje se vedno posvetujte s strokovnjakom.&lt;\/b&gt;<\/p>\n<p>&lt;H2&gt;Zakaj izbrati obnovljeno napravo&lt;\/H2&gt;<br \/>\nIzbira obnovljenega prenosnika je ekolo\u0161ko ozave\u0161\u010dena odlo\u010ditev brez kompromisov na kakovosti. Predmet je strokovno obnovljen in pre\u0161el skozi sistem standardiziranega ocenjevanja kakovosti, kar zagotavlja delovanje kot novo. Prav tako predstavlja &lt;b&gt;odli\u010dno vrednost glede na vlo\u017eeno ceno&lt;\/b&gt; in je podprt z zagotovilom kakovosti.<\/p>\n<p>S tem prenosnikom boste prejeli zdru\u017eljivost, prakti\u010dnost in zanesljivost, ki jih potrebujete za u\u010dinkovito in produktivno delo.&lt;h2&gt;A Kakovost&lt;\/h2&gt;&#13;<br \/>\n&lt;p&gt;Rahli znaki obrabe. Nadpovpre\u010dna kvaliteta. Ohi\u0161je lahko vsebuje minimalne nepravilnosti, kot je praska, ki je nevidna na razdalji 50 cm (pribli\u017eno dol\u017eina roke) ali ve\u010d. Zasloni so v delujo\u010dem stanju brezhibni.&lt;\/p&gt;&#13;<\/p>\n","protected":false},"excerpt":{"rendered":"<p>Intel\u00ae Core\u2122 i7-1185G7 \/ 1,2 &#8211; 3,0 GHz \/ Quad-Core (4C\/8T) \/ Turbo Speed 4,8 GHz, 8 GB DDR4 SODIMM, 256 GB NVME SSD, 35,6 cm (14,0\u2033), Matiran (AntiGlare, matt), Touch, FHD 1920 x 1080, Intel Iris Xe Graphics, HDMI, USB-C, Thunderbolt, 2x USB, backlit_kb, Card reader, No OS Installed &#8211; Win10P COA<\/p>\n","protected":false},"featured_media":101180,"template":"","meta":[],"product_brand":[18],"product_cat":[1299,1204,1297,1958,1959,1286,1224],"product_tag":[1811],"class_list":{"0":"post-97919","1":"product","2":"type-product","3":"status-publish","4":"has-post-thumbnail","6":"product_brand-lenovo","7":"product_cat-lenovo-prenosniki","8":"product_cat-prenosniki","9":"product_cat-prenosniki-i7","10":"product_cat-prenosniki-za-domaco-uporabo","11":"product_cat-prenosniki-za-poslovno-uporabo","12":"product_cat-priljubljena-iskanja","13":"product_cat-rabljeni-prenosniki","14":"product_tag-pp","15":"pa_odgovorna-oseba-v-eu-lenovo-tehnicna-regulativna-ekipa","17":"first","18":"instock","19":"taxable","20":"shipping-taxable","21":"purchasable","22":"product-type-simple"},"_links":{"self":[{"href":"https:\/\/pracek.si\/racunalniskatrgovina\/wp-json\/wp\/v2\/product\/97919","targetHints":{"allow":["GET"]}}],"collection":[{"href":"https:\/\/pracek.si\/racunalniskatrgovina\/wp-json\/wp\/v2\/product"}],"about":[{"href":"https:\/\/pracek.si\/racunalniskatrgovina\/wp-json\/wp\/v2\/types\/product"}],"version-history":[{"count":1,"href":"https:\/\/pracek.si\/racunalniskatrgovina\/wp-json\/wp\/v2\/product\/97919\/revisions"}],"predecessor-version":[{"id":97920,"href":"https:\/\/pracek.si\/racunalniskatrgovina\/wp-json\/wp\/v2\/product\/97919\/revisions\/97920"}],"wp:featuredmedia":[{"embeddable":true,"href":"https:\/\/pracek.si\/racunalniskatrgovina\/wp-json\/wp\/v2\/media\/101180"}],"wp:attachment":[{"href":"https:\/\/pracek.si\/racunalniskatrgovina\/wp-json\/wp\/v2\/media?parent=97919"}],"wp:term":[{"taxonomy":"product_brand","embeddable":true,"href":"https:\/\/pracek.si\/racunalniskatrgovina\/wp-json\/wp\/v2\/product_brand?post=97919"},{"taxonomy":"product_cat","embeddable":true,"href":"https:\/\/pracek.si\/racunalniskatrgovina\/wp-json\/wp\/v2\/product_cat?post=97919"},{"taxonomy":"product_tag","embeddable":true,"href":"https:\/\/pracek.si\/racunalniskatrgovina\/wp-json\/wp\/v2\/product_tag?post=97919"}],"curies":[{"name":"wp","href":"https:\/\/api.w.org\/{rel}","templated":true}]}}