{"id":97925,"date":"2026-04-04T10:14:18","date_gmt":"2026-04-04T09:14:18","guid":{"rendered":"https:\/\/pracek.si\/racunalniskatrgovina\/izdelek\/prenosnik-lenovo-thinkpad-l14-g2-i5-ram-8-gb-ssd-disk-140%e2%80%b3-fhd\/"},"modified":"2026-04-04T10:14:22","modified_gmt":"2026-04-04T09:14:22","slug":"prenosnik-lenovo-thinkpad-l14-g2-i5-ram-8-gb-ssd-disk-140%e2%80%b3-fhd","status":"publish","type":"product","link":"https:\/\/pracek.si\/racunalniskatrgovina\/izdelek\/prenosnik-lenovo-thinkpad-l14-g2-i5-ram-8-gb-ssd-disk-140%e2%80%b3-fhd\/","title":{"rendered":"Prenosnik Lenovo ThinkPad L14 G2 \/ i5 \/ RAM 8 GB \/ SSD Disk \/ 14,0\u2033 FHD"},"content":{"rendered":"<p>Lenovo ThinkPad L14 G2 je zmogljiv in zanesljiv prenosnik, ki je idealen za profesionalce in \u0161tudente. Njegova eleganca in funkcionalnost se zdru\u017eujeta v napravo, ki ponuja \u0161tevilne mo\u017enosti povezovanja in raz\u0161iritev, vse to pa ohranja uporabniku prijazen vmesnik.<\/p>\n<p>&lt;H2&gt;Najve\u010dje prednosti&lt;\/H2&gt;<br \/>\nPrenosnik ponuja izjemno mobilnost zaradi kompaktne velikosti z 14-pal\u010dnim matiranim zaslonom FHD tehnologije, ki zmanj\u0161uje ble\u0161\u010danje in omogo\u010da dolgotrajno uporabo brez obremenjevanja o\u010di.<br \/>\n&lt;ul&gt;<br \/>\n  &lt;li&gt;&lt;b&gt;Procesor I5&lt;\/b&gt;, ki zagotavlja gladko delovanje tudi pri zahtevnih aplikacijah.&lt;\/li&gt;<br \/>\n  &lt;li&gt;&lt;b&gt;Hiter NVMe SSD&lt;\/b&gt;, ki skraj\u0161a \u010das nalaganja aplikacij in pospe\u0161i dostop do podatkov.&lt;\/li&gt;<br \/>\n  &lt;li&gt;Ve\u010d vrata za povezovanje, vklju\u010dno z USB-C, Thunderbolt in HDMI.&lt;\/li&gt;<br \/>\n  &lt;li&gt;Vgrajeni \u010ditalec kartic za enostaven prenos datotek z drugih naprav.&lt;\/li&gt;<br \/>\n&lt;\/ul&gt;<\/p>\n<p>&lt;H2&gt;Kdo kupuje ta izdelek&lt;\/H2&gt;<br \/>\nThinkPad L14 G2 je priljubljena izbira med poslovnimi uporabniki, ki potrebujejo robustno in u\u010dinkovito delovno orodje, ter \u0161tudenti, ki i\u0161\u010dejo zanesljivega partnerja za u\u010denje. Zaradi svoje zmo\u017enosti obdelovanja kompleksnih nalog ter mo\u017enosti prilagoditve razli\u010dnim potrebam, je primeren tudi za kreativce in analitike.<\/p>\n<p>&lt;H2&gt;Mo\u017enosti nadgradnje&lt;\/H2&gt;<br \/>\nTa prenosnik omogo\u010da enostavno nadgradnjo pomnilnika in diska, kar vam omogo\u010da, da ga prilagodite nara\u0161\u010dajo\u010dim potrebam. &lt;b&gt;Pred izvedbo nadgradnje se vedno posvetujte s strokovnjakom.&lt;\/b&gt; Tako boste zagotovili, da bo va\u0161a naprava optimalno delovala tudi v prihodnje.<\/p>\n<p>&lt;H2&gt;Zakaj izbrati obnovljeno napravo&lt;\/H2&gt;<br \/>\nNakup obnovljenega Lenovo ThinkPada je odli\u010dna odlo\u010ditev za tiste, ki \u017eelijo visokokakovostno napravo po dostopni ceni. Strokovna obnova zagotavlja, da vsak prenosnik ustreza strogim standardom kakovosti, kar pomeni, da prejmete napravo, ki je bila temeljito preizku\u0161ena in deluje kot nova. Izbira obnovljenih naprav pomeni tudi prispevek k zmanj\u0161evanju odpadkov in ohranjanju okolja, kar vedno bolj postaja prednostna naloga za sodobne uporabnike.&lt;h2&gt;A Kakovost&lt;\/h2&gt;&#13;<br \/>\n&lt;p&gt;Rahli znaki obrabe. Nadpovpre\u010dna kvaliteta. Ohi\u0161je lahko vsebuje minimalne nepravilnosti, kot je praska, ki je nevidna na razdalji 50 cm (pribli\u017eno dol\u017eina roke) ali ve\u010d. Zasloni so v delujo\u010dem stanju brezhibni.&lt;\/p&gt;&#13;<\/p>\n","protected":false},"excerpt":{"rendered":"<p>Intel Core i5 -1135G7 Processor 2.4 GHz (8M Cache, up to 4.2 GHz, 4 cores), 8 GB DDR4 SODIMM, 256 GB NVME SSD, 35,6 cm (14,0\u2033), Matiran (AntiGlare, matt), FHD 1920 x 1080, Intel Iris Xe Graphics, HDMI, USB-C, Thunderbolt, 2x USB, Card reader, No OS Installed &#8211; Win10P COA<\/p>\n","protected":false},"featured_media":101180,"template":"","meta":[],"product_brand":[18],"product_cat":[1299,1204,1291,1958,1959,1286,1224],"product_tag":[1811],"class_list":{"0":"post-97925","1":"product","2":"type-product","3":"status-publish","4":"has-post-thumbnail","6":"product_brand-lenovo","7":"product_cat-lenovo-prenosniki","8":"product_cat-prenosniki","9":"product_cat-prenosniki-i5","10":"product_cat-prenosniki-za-domaco-uporabo","11":"product_cat-prenosniki-za-poslovno-uporabo","12":"product_cat-priljubljena-iskanja","13":"product_cat-rabljeni-prenosniki","14":"product_tag-pp","15":"pa_odgovorna-oseba-v-eu-lenovo-tehnicna-regulativna-ekipa","17":"first","18":"instock","19":"taxable","20":"shipping-taxable","21":"purchasable","22":"product-type-simple"},"_links":{"self":[{"href":"https:\/\/pracek.si\/racunalniskatrgovina\/wp-json\/wp\/v2\/product\/97925","targetHints":{"allow":["GET"]}}],"collection":[{"href":"https:\/\/pracek.si\/racunalniskatrgovina\/wp-json\/wp\/v2\/product"}],"about":[{"href":"https:\/\/pracek.si\/racunalniskatrgovina\/wp-json\/wp\/v2\/types\/product"}],"version-history":[{"count":1,"href":"https:\/\/pracek.si\/racunalniskatrgovina\/wp-json\/wp\/v2\/product\/97925\/revisions"}],"predecessor-version":[{"id":97926,"href":"https:\/\/pracek.si\/racunalniskatrgovina\/wp-json\/wp\/v2\/product\/97925\/revisions\/97926"}],"wp:featuredmedia":[{"embeddable":true,"href":"https:\/\/pracek.si\/racunalniskatrgovina\/wp-json\/wp\/v2\/media\/101180"}],"wp:attachment":[{"href":"https:\/\/pracek.si\/racunalniskatrgovina\/wp-json\/wp\/v2\/media?parent=97925"}],"wp:term":[{"taxonomy":"product_brand","embeddable":true,"href":"https:\/\/pracek.si\/racunalniskatrgovina\/wp-json\/wp\/v2\/product_brand?post=97925"},{"taxonomy":"product_cat","embeddable":true,"href":"https:\/\/pracek.si\/racunalniskatrgovina\/wp-json\/wp\/v2\/product_cat?post=97925"},{"taxonomy":"product_tag","embeddable":true,"href":"https:\/\/pracek.si\/racunalniskatrgovina\/wp-json\/wp\/v2\/product_tag?post=97925"}],"curies":[{"name":"wp","href":"https:\/\/api.w.org\/{rel}","templated":true}]}}