{"id":97998,"date":"2026-04-04T10:14:37","date_gmt":"2026-04-04T09:14:37","guid":{"rendered":"https:\/\/pracek.si\/racunalniskatrgovina\/izdelek\/prenosnik-hp-omnibook-7-ai-14-fr0433nc-u5-225u-2-8k-oled-ultra-5-ram-16-gb-ssd-disk-140%e2%80%b3-2-8k\/"},"modified":"2026-04-04T10:14:42","modified_gmt":"2026-04-04T09:14:42","slug":"prenosnik-hp-omnibook-7-ai-14-fr0433nc-u5-225u-2-8k-oled-ultra-5-ram-16-gb-ssd-disk-140%e2%80%b3-2-8k","status":"publish","type":"product","link":"https:\/\/pracek.si\/racunalniskatrgovina\/izdelek\/prenosnik-hp-omnibook-7-ai-14-fr0433nc-u5-225u-2-8k-oled-ultra-5-ram-16-gb-ssd-disk-140%e2%80%b3-2-8k\/","title":{"rendered":"Prenosnik HP OmniBook 7 AI 14-fr0433nc | U5-225U | 2.8K OLED \/ Ultra 5 \/ RAM 16 GB \/ SSD Disk \/ 14,0\u2033 2.8K"},"content":{"rendered":"<p>Prenosnik HP OmniBook 7 AI 14-fr0433nc je vrhunska naprava, zasnovana za tiste, ki i\u0161\u010dejo zmogljivost in izjemno vizualno izku\u0161njo v lahkem in elegantnem ohi\u0161ju. S 14-pal\u010dnih 2.8K OLED zaslonom, boste u\u017eivali v \u017eivahnih barvah in ostri sliki, idealno za delo, ustvarjanje ali zabavo.<\/p>\n<p>&lt;H2&gt;Najve\u010dje prednosti&lt;\/H2&gt;<br \/>\n&lt;b&gt;Izjemen zaslon&lt;\/b&gt;: 14-pal\u010dni 2.8K OLED zaslon z 2880&#215;1800 lo\u010dljivostjo in 120 Hz osve\u017eevalno hitrostjo zagotavlja najvi\u0161jo raven podrobnosti in gladke prehode med slikami<br \/>\n&lt;b&gt;Hitro delovanje&lt;\/b&gt;: Vgrajen I5 procesor in NVMe SSD zagotavljata hitro in odzivno delo<br \/>\n&lt;b&gt;Prilagodljivost povezljivosti&lt;\/b&gt;: Opremljen s priklju\u010dki HDMI 2.1, Thunderbolt 4 in ve\u010d USB vrata za povezljivost z vsemi va\u0161imi napravami<br \/>\n&lt;b&gt;Brezhibna obnovitev&lt;\/b&gt;: Naprave so strokovno obnovljene s standardiziranimi sistemi kakovostnih ocen za zagotavljanje odli\u010dne uporabni\u0161ke izku\u0161nje<\/p>\n<p>&lt;H2&gt;Kdo kupuje ta izdelek&lt;\/H2&gt;<br \/>\nTa prenosnik je idealen za profesionalce, ki potrebujejo zanesljivo orodje za delo na poti ali v pisarni. Bodisi za ustvarjalce vsebin, ki i\u0161\u010dejo odli\u010dne grafi\u010dne mo\u017enosti, bodisi za podjetnike, ki cenijo hitrost in u\u010dinkovitost. Zaradi svoje majhne te\u017ee in elegantnega dizajna je primeren tudi za \u0161tudente.<\/p>\n<p>&lt;H2&gt;Mo\u017enosti nadgradnje&lt;\/H2&gt;<br \/>\nPrilagodljivost tega prenosnika omogo\u010da nadgradnjo diska in pomnilnika, kar pomeni, da lahko napravo prilagodite svojim potrebam za prihodnje projekte in zahteve. &lt;b&gt;Pred izvedbo nadgradnje se vedno posvetujte s strokovnjakom.&lt;\/b&gt;<\/p>\n<p>&lt;H2&gt;Zakaj izbrati obnovljeno napravo&lt;\/H2&gt;<br \/>\nIzbira strokovno obnovljenega prenosnika pomeni, da dobite visokokakovostno napravo po dostopnej\u0161i ceni. Obnovljene naprave izpolnjujejo strogo preverjanje kakovosti, kar zagotavlja brezhibno delovanje. Poleg tega s tem podpirate trajnostno uporabo elektronike in zmanj\u0161ujete okoljski vpliv. Odlo\u010ditev za obnovljeno napravo je pametna investicija v kakovost in trajnost.&lt;h2&gt;Odprta embala\u017ea&lt;\/h2&gt;&#13;<br \/>\n&lt;p&gt;Skoraj nobenih znakov obrabe. Tovarni\u0161ka kvaliteta. V ve\u010dini primerov gre za prese\u017eek proizvodnje in neprodane zaloge, pri katerih razlike v primerjavi z novimi napravami niso opazne.&lt;\/p&gt;&#13;<\/p>\n","protected":false},"excerpt":{"rendered":"<p>Intel Core Ultra 5 225U (1,5 GHz),16 GB LPDDR5-7467, SSD 1 TB M.2 PCIe NVMe, 35,56 cm (14,0\u2033)\u00a02.8K (2880&#215;1800) Bright View OLED 120 Hz, Intel Graphics (IGP), HDMI 2.1, 1x Thunderbolt 4 (USB-C\/DisplayPort &#8211; 40Gbps), 1x USB-C 3.2 Gen2 (DisplayPort &#8211; 10Gbps), 1x USB-A 3.2 Gen1 (5Gbps),\u00a01x USB-A 3.2 Gen2 (10Gbps), Wi-Fi 7\u00a0BE201 (2&#215;2), Bluetooth 5.4,\u00a0Backlit Kbd, Webcam, Microsoft Windows 11 Home (64-bit)<\/p>\n","protected":false},"featured_media":98000,"template":"","meta":[],"product_brand":[26],"product_cat":[1296,1204,1964,1958,1286],"product_tag":[1811],"class_list":{"0":"post-97998","1":"product","2":"type-product","3":"status-publish","4":"has-post-thumbnail","6":"product_brand-hewlett-packard","7":"product_cat-hp-prenosniki","8":"product_cat-prenosniki","9":"product_cat-prenosniki-ultrabook","10":"product_cat-prenosniki-za-domaco-uporabo","11":"product_cat-priljubljena-iskanja","12":"product_tag-pp","13":"pa_odgovorna-oseba-v-eu-hp-tehnicna-regulativna-ekipa","15":"first","16":"instock","17":"taxable","18":"shipping-taxable","19":"purchasable","20":"product-type-simple"},"_links":{"self":[{"href":"https:\/\/pracek.si\/racunalniskatrgovina\/wp-json\/wp\/v2\/product\/97998","targetHints":{"allow":["GET"]}}],"collection":[{"href":"https:\/\/pracek.si\/racunalniskatrgovina\/wp-json\/wp\/v2\/product"}],"about":[{"href":"https:\/\/pracek.si\/racunalniskatrgovina\/wp-json\/wp\/v2\/types\/product"}],"version-history":[{"count":1,"href":"https:\/\/pracek.si\/racunalniskatrgovina\/wp-json\/wp\/v2\/product\/97998\/revisions"}],"predecessor-version":[{"id":97999,"href":"https:\/\/pracek.si\/racunalniskatrgovina\/wp-json\/wp\/v2\/product\/97998\/revisions\/97999"}],"wp:featuredmedia":[{"embeddable":true,"href":"https:\/\/pracek.si\/racunalniskatrgovina\/wp-json\/wp\/v2\/media\/98000"}],"wp:attachment":[{"href":"https:\/\/pracek.si\/racunalniskatrgovina\/wp-json\/wp\/v2\/media?parent=97998"}],"wp:term":[{"taxonomy":"product_brand","embeddable":true,"href":"https:\/\/pracek.si\/racunalniskatrgovina\/wp-json\/wp\/v2\/product_brand?post=97998"},{"taxonomy":"product_cat","embeddable":true,"href":"https:\/\/pracek.si\/racunalniskatrgovina\/wp-json\/wp\/v2\/product_cat?post=97998"},{"taxonomy":"product_tag","embeddable":true,"href":"https:\/\/pracek.si\/racunalniskatrgovina\/wp-json\/wp\/v2\/product_tag?post=97998"}],"curies":[{"name":"wp","href":"https:\/\/api.w.org\/{rel}","templated":true}]}}