{"id":98187,"date":"2026-04-04T10:14:44","date_gmt":"2026-04-04T09:14:44","guid":{"rendered":"https:\/\/pracek.si\/racunalniskatrgovina\/izdelek\/prenosnik-hp-victus-gaming-15-fb2933nc-rtx-4060-8-gb-amd-ryzen-5-ram-16-gb-ssd-disk-156%e2%80%b3-fhd\/"},"modified":"2026-04-04T10:14:48","modified_gmt":"2026-04-04T09:14:48","slug":"prenosnik-hp-victus-gaming-15-fb2933nc-rtx-4060-8-gb-amd-ryzen-5-ram-16-gb-ssd-disk-156%e2%80%b3-fhd","status":"publish","type":"product","link":"https:\/\/pracek.si\/racunalniskatrgovina\/izdelek\/prenosnik-hp-victus-gaming-15-fb2933nc-rtx-4060-8-gb-amd-ryzen-5-ram-16-gb-ssd-disk-156%e2%80%b3-fhd\/","title":{"rendered":"Prenosnik HP Victus Gaming 15-fb2933nc | RTX 4060 (8 GB) \/ AMD Ryzen\u2122 5 \/ RAM 16 GB \/ SSD Disk \/ 15,6\u2033 FHD"},"content":{"rendered":"<p>Izkusite superiorno igralno zmogljivost z zanesljivim prenosnikom HP Victus Gaming 15-fb2933nc. Ta naprava zdru\u017euje vrhunsko tehnologijo in zmogljivost v elegantni obliki ter zagotavlja izjemno izku\u0161njo igranja iger in druge zahtevne naloge. Za\u017eivi svet va\u0161ih najljub\u0161ih iger na 15,6 pal\u010dnem FHD zaslonu, ki ga odlikuje izjemna ostrina in gladkost, zahvaljujo\u010d obnovitveni frekvenci 144 Hz.<\/p>\n<p>&lt;H2&gt;Najve\u010dje prednosti&lt;\/H2&gt;<br \/>\n&lt;ul&gt;<br \/>\n  &lt;li&gt;&lt;b&gt;Visoka zmogljivost&lt;\/b&gt; &#8211; Naprava je opremljena z zmogljivo grafi\u010dno kartico RTX 4060, ki zagotavlja vrhunske vizualne u\u010dinke.&lt;\/li&gt;<br \/>\n  &lt;li&gt;&lt;b&gt;Hiter prenos podatkov&lt;\/b&gt; &#8211; SSD disk z NVMe tehnologijo prina\u0161a izjemne hitrosti, ki skraj\u0161ajo \u010dakanje in pove\u010dajo produktivnost.&lt;\/li&gt;<br \/>\n  &lt;li&gt;&lt;b&gt;Prilagodljiva povezljivost&lt;\/b&gt; &#8211; Ve\u010d priklju\u010dkov, vklju\u010dno z USB-C in HDMI, zagotavlja \u0161iroke mo\u017enosti povezovanja z drugimi napravami.&lt;\/li&gt;<br \/>\n&lt;\/ul&gt;<\/p>\n<p>&lt;H2&gt;Kdo kupuje ta izdelek&lt;\/H2&gt;<br \/>\nTa prenosnik je idealna izbira za strastne igralce iger, ki potrebujejo zanesljivo in zmogljivo napravo za teko\u010de igranje najnovej\u0161ih naslovov. Prav tako je odli\u010dna izbira za profesionalce, ki se ukvarjajo z zahtevnimi programskimi orodji, kot je obdelava videa.<\/p>\n<p>&lt;H2&gt;Mo\u017enosti nadgradnje&lt;\/H2&gt;<br \/>\nPove\u010dajte zmogljivost naprave z mo\u017enostmi nadgradnje diska in pomnilnika, kar vam omogo\u010da shranjevanje ve\u010d podatkov in hitrej\u0161o obdelavo. Pred izvedbo nadgradnje se vedno posvetujte s strokovnjakom.<\/p>\n<p>&lt;H2&gt;Zakaj izbrati obnovljeno napravo&lt;\/H2&gt;<br \/>\nObnovljen prenosnik prina\u0161a \u0161tevilne prednosti, med drugim odli\u010dno vzdr\u017eevanje preko standardiziranih sistemov kakovostnih ocen, kar zagotavlja, da vsak izdelek deluje brezhibno. Strokovna storitev obnove poskrbi za zanesljivost naprave in nudi izjemno vrednost, kar omogo\u010da dostop do vrhunske tehnologije po ugodnej\u0161i ceni. Izbira obnovljenih naprav prispeva tudi k trajnostni prihodnosti, saj s tem zmanj\u0161ujete elektronske odpadke.&lt;h2&gt;Odprta embala\u017ea&lt;\/h2&gt;&#13;<br \/>\n&lt;p&gt;Skoraj nobenih znakov obrabe. Tovarni\u0161ka kvaliteta. V ve\u010dini primerov gre za prese\u017eek proizvodnje in neprodane zaloge, pri katerih razlike v primerjavi z novimi napravami niso opazne.&lt;\/p&gt;&#13;<\/p>\n","protected":false},"excerpt":{"rendered":"<p>AMD Ryzen 5\u00a08645HS (4,3 GHz), 16 GB (2x8GB) DDR5-5600, SSD 1 TB M.2 PCie NVMe, 39,6 cm (15,6\u2033) FHD (1920&#215;1080) AG LED 144 Hz, NVIDIA GeForce RTX 4060\u00a0(8\u00a0GB GDDR6), HDMI 2.1, 1x USB-C 3.2 Gen1 (5 Gbps &#8211; DisplayPort), 2x USB-A 3.2 Gen1 (5 Gbps), Wi-Fi 6 (2&#215;2), Bluetooth 5.4, Webcam, SD CardReader, Backlit Kbd., Microsoft Windows 11 Home\u00a0(64-bit)<\/p>\n","protected":false},"featured_media":98189,"template":"","meta":[],"product_brand":[26],"product_cat":[1296,1204,1301,1958,1962,1286],"product_tag":[1811],"class_list":{"0":"post-98187","1":"product","2":"type-product","3":"status-publish","4":"has-post-thumbnail","6":"product_brand-hewlett-packard","7":"product_cat-hp-prenosniki","8":"product_cat-prenosniki","9":"product_cat-prenosniki-15-palcni","10":"product_cat-prenosniki-za-domaco-uporabo","11":"product_cat-prenosniki-za-igranje-iger-gaming-prenosniki","12":"product_cat-priljubljena-iskanja","13":"product_tag-pp","14":"pa_odgovorna-oseba-v-eu-hp-tehnicna-regulativna-ekipa","16":"first","17":"instock","18":"taxable","19":"shipping-taxable","20":"purchasable","21":"product-type-simple"},"_links":{"self":[{"href":"https:\/\/pracek.si\/racunalniskatrgovina\/wp-json\/wp\/v2\/product\/98187","targetHints":{"allow":["GET"]}}],"collection":[{"href":"https:\/\/pracek.si\/racunalniskatrgovina\/wp-json\/wp\/v2\/product"}],"about":[{"href":"https:\/\/pracek.si\/racunalniskatrgovina\/wp-json\/wp\/v2\/types\/product"}],"version-history":[{"count":1,"href":"https:\/\/pracek.si\/racunalniskatrgovina\/wp-json\/wp\/v2\/product\/98187\/revisions"}],"predecessor-version":[{"id":98188,"href":"https:\/\/pracek.si\/racunalniskatrgovina\/wp-json\/wp\/v2\/product\/98187\/revisions\/98188"}],"wp:featuredmedia":[{"embeddable":true,"href":"https:\/\/pracek.si\/racunalniskatrgovina\/wp-json\/wp\/v2\/media\/98189"}],"wp:attachment":[{"href":"https:\/\/pracek.si\/racunalniskatrgovina\/wp-json\/wp\/v2\/media?parent=98187"}],"wp:term":[{"taxonomy":"product_brand","embeddable":true,"href":"https:\/\/pracek.si\/racunalniskatrgovina\/wp-json\/wp\/v2\/product_brand?post=98187"},{"taxonomy":"product_cat","embeddable":true,"href":"https:\/\/pracek.si\/racunalniskatrgovina\/wp-json\/wp\/v2\/product_cat?post=98187"},{"taxonomy":"product_tag","embeddable":true,"href":"https:\/\/pracek.si\/racunalniskatrgovina\/wp-json\/wp\/v2\/product_tag?post=98187"}],"curies":[{"name":"wp","href":"https:\/\/api.w.org\/{rel}","templated":true}]}}