{"id":98195,"date":"2026-04-04T10:14:44","date_gmt":"2026-04-04T09:14:44","guid":{"rendered":"https:\/\/pracek.si\/racunalniskatrgovina\/izdelek\/prenosnik-hp-victus-gaming-15-fb3770ng-r7-350-rtx-5060-8-gb-amd-ryzen-ai-7-ram-16-gb-ssd-disk-156%e2%80%b3-fhd\/"},"modified":"2026-04-04T10:14:49","modified_gmt":"2026-04-04T09:14:49","slug":"prenosnik-hp-victus-gaming-15-fb3770ng-r7-350-rtx-5060-8-gb-amd-ryzen-ai-7-ram-16-gb-ssd-disk-156%e2%80%b3-fhd","status":"publish","type":"product","link":"https:\/\/pracek.si\/racunalniskatrgovina\/izdelek\/prenosnik-hp-victus-gaming-15-fb3770ng-r7-350-rtx-5060-8-gb-amd-ryzen-ai-7-ram-16-gb-ssd-disk-156%e2%80%b3-fhd\/","title":{"rendered":"Prenosnik HP Victus Gaming 15-fb3770ng | R7 350 | RTX 5060 (8 GB) \/ AMD Ryzen\u2122 AI 7 \/ RAM 16 GB \/ SSD Disk \/ 15,6\u2033 FHD"},"content":{"rendered":"<p>Prenosnik HP Victus Gaming 15-fb3770ng vas bo navdu\u0161il s svojo zmogljivostjo in elegantnim dizajnom. Omogo\u010da izvrstno igralno izku\u0161njo v kombinaciji s kristalno \u010distim zaslonom visoke lo\u010dljivosti, saj prina\u0161a vse, kar potrebujete za brezhibno ra\u010dunalni\u0161ko izku\u0161njo.<\/p>\n<p>&lt;H2&gt;Najve\u010dje prednosti&lt;\/H2&gt;<br \/>\n&lt;ul&gt;<br \/>\n&lt;li&gt;&lt;b&gt;Izjemna grafika:&lt;\/b&gt; Z NVIDIA GeForce RTX 5060 boste u\u017eivali v dih jemajo\u010dih vizualnih efektih.&lt;\/li&gt;<br \/>\n&lt;li&gt;&lt;b&gt;Hitro delovanje:&lt;\/b&gt; Procesor AMD Ryzen 7 zagotavlja brezhibno delovanje in ve\u010dopravilnost.&lt;\/li&gt;<br \/>\n&lt;li&gt;&lt;b&gt;Hitri pomnilnik in shranjevanje:&lt;\/b&gt; NVMe pogon ponuja izjemno hitrost podatkovnega prenosa, kar omogo\u010da hitro nalaganje iger in aplikacij.&lt;\/li&gt;<br \/>\n&lt;li&gt;&lt;b&gt;Kakovostna povezljivost:&lt;\/b&gt; S podporo za Wi-Fi 6 in Bluetooth 5.4 boste vedno povezani.&lt;\/li&gt;<br \/>\n&lt;li&gt;&lt;b&gt;Ergonomija:&lt;\/b&gt; Osvetljena tipkovnica omogo\u010da udobno tipkanje tudi v temnej\u0161ih okoljih.&lt;\/li&gt;<br \/>\n&lt;\/ul&gt;<\/p>\n<p>&lt;H2&gt;Kdo kupuje ta izdelek&lt;\/H2&gt;<br \/>\nTa prenosnik je idealen za &lt;b&gt;igralce iger&lt;\/b&gt;, ki \u017eelijo izjemno grafi\u010dno izku\u0161njo na poti, kot tudi za &lt;b&gt;digitalne ustvarjalce&lt;\/b&gt;, ki potrebujejo zmogljivo napravo za urejanje videov in grafi\u010dno oblikovanje. Uporablja ga tudi &lt;b&gt;poslovni uporabniki&lt;\/b&gt;, ki i\u0161\u010dejo zanesljivo, hitro in u\u010dinkovito napravo za zahtevnej\u0161a opravila.<\/p>\n<p>&lt;H2&gt;Mo\u017enosti nadgradnje&lt;\/H2&gt;<br \/>\nPrenosnik dovoljuje enostavno nadgradnjo pomnilnika in diska, kar pomeni, da lahko svoje naprave prilagodite svojim potrebam in si zagotovite tudi ve\u010djo zmogljivost v prihodnosti. &lt;b&gt;Pred izvedbo nadgradnje se vedno posvetujte s strokovnjakom.&lt;\/b&gt;<\/p>\n<p>&lt;H2&gt;Zakaj izbrati obnovljeno napravo&lt;\/H2&gt;<br \/>\nObnova vklju\u010duje &lt;b&gt;strokovno storitev prenove&lt;\/b&gt;, kjer so naprave testirane in obnovljene v skladu s standardiziranim sistemom kakovostnih ocen. Izberite obnovljen izdelek, da zmanj\u0161ate impact na okolje in prihranite pri stro\u0161kih, medtem ko dobite napravo, ki izgleda in deluje kot nova. Bodite prepri\u010dani, da obnovljeni izdelki ponujajo &lt;b&gt;odli\u010dno vrednost za va\u0161 denar&lt;\/b&gt; brez kompromisov glede kakovosti.&lt;h2&gt;Odprta embala\u017ea&lt;\/h2&gt;&#13;<br \/>\n&lt;p&gt;Skoraj nobenih znakov obrabe. Tovarni\u0161ka kvaliteta. V ve\u010dini primerov gre za prese\u017eek proizvodnje in neprodane zaloge, pri katerih razlike v primerjavi z novimi napravami niso opazne.&lt;\/p&gt;&#13;<\/p>\n","protected":false},"excerpt":{"rendered":"<p>AMD Ryzen 7\u00a0350\u00a0(2,0\u00a0GHz), 16 GB\u00a0DDR5-5600, SSD 1 TB M.2 PCie NVMe, 39,6 cm (15,6\u2033) FHD (1920&#215;1080) AG LED 144 Hz, NVIDIA GeForce RTX 5060\u00a0(8\u00a0GB GDDR7), HDMI 2.1, 1x USB-C 3.2 Gen1 (5 Gbps &#8211; DisplayPort 2.1), 2x USB-A 3.2 Gen1 (5 Gbps), Wi-Fi 6 (2&#215;2), Bluetooth 5.4,\u00a0Gb LAN, Backlit Kbd.,\u00a0Webcam, Microsoft Windows 11 Home\u00a0(64-bit)<\/p>\n","protected":false},"featured_media":98197,"template":"","meta":[],"product_brand":[26],"product_cat":[1296,1204,1301,1958,1962,1286],"product_tag":[1811],"class_list":{"0":"post-98195","1":"product","2":"type-product","3":"status-publish","4":"has-post-thumbnail","6":"product_brand-hewlett-packard","7":"product_cat-hp-prenosniki","8":"product_cat-prenosniki","9":"product_cat-prenosniki-15-palcni","10":"product_cat-prenosniki-za-domaco-uporabo","11":"product_cat-prenosniki-za-igranje-iger-gaming-prenosniki","12":"product_cat-priljubljena-iskanja","13":"product_tag-pp","14":"pa_odgovorna-oseba-v-eu-hp-tehnicna-regulativna-ekipa","16":"first","17":"instock","18":"taxable","19":"shipping-taxable","20":"purchasable","21":"product-type-simple"},"_links":{"self":[{"href":"https:\/\/pracek.si\/racunalniskatrgovina\/wp-json\/wp\/v2\/product\/98195","targetHints":{"allow":["GET"]}}],"collection":[{"href":"https:\/\/pracek.si\/racunalniskatrgovina\/wp-json\/wp\/v2\/product"}],"about":[{"href":"https:\/\/pracek.si\/racunalniskatrgovina\/wp-json\/wp\/v2\/types\/product"}],"version-history":[{"count":1,"href":"https:\/\/pracek.si\/racunalniskatrgovina\/wp-json\/wp\/v2\/product\/98195\/revisions"}],"predecessor-version":[{"id":98196,"href":"https:\/\/pracek.si\/racunalniskatrgovina\/wp-json\/wp\/v2\/product\/98195\/revisions\/98196"}],"wp:featuredmedia":[{"embeddable":true,"href":"https:\/\/pracek.si\/racunalniskatrgovina\/wp-json\/wp\/v2\/media\/98197"}],"wp:attachment":[{"href":"https:\/\/pracek.si\/racunalniskatrgovina\/wp-json\/wp\/v2\/media?parent=98195"}],"wp:term":[{"taxonomy":"product_brand","embeddable":true,"href":"https:\/\/pracek.si\/racunalniskatrgovina\/wp-json\/wp\/v2\/product_brand?post=98195"},{"taxonomy":"product_cat","embeddable":true,"href":"https:\/\/pracek.si\/racunalniskatrgovina\/wp-json\/wp\/v2\/product_cat?post=98195"},{"taxonomy":"product_tag","embeddable":true,"href":"https:\/\/pracek.si\/racunalniskatrgovina\/wp-json\/wp\/v2\/product_tag?post=98195"}],"curies":[{"name":"wp","href":"https:\/\/api.w.org\/{rel}","templated":true}]}}