{"id":98241,"date":"2026-04-04T10:10:58","date_gmt":"2026-04-04T09:10:58","guid":{"rendered":"https:\/\/pracek.si\/racunalniskatrgovina\/izdelek\/prenosnik-dell-vostro-15-3510-i5-ram-8-gb-ssd-disk-156%e2%80%b3-fhd-3\/"},"modified":"2026-04-04T10:10:59","modified_gmt":"2026-04-04T09:10:59","slug":"prenosnik-dell-vostro-15-3510-i5-ram-8-gb-ssd-disk-156%e2%80%b3-fhd","status":"publish","type":"product","link":"https:\/\/pracek.si\/racunalniskatrgovina\/izdelek\/prenosnik-dell-vostro-15-3510-i5-ram-8-gb-ssd-disk-156%e2%80%b3-fhd\/","title":{"rendered":"Prenosnik Dell Vostro 15 3510 \/ i5 \/ RAM 8 GB \/ SSD Disk \/ 15,6\u2033 FHD"},"content":{"rendered":"<p>Prenosnik Dell Vostro 15 3510 je zanesljiva in zmogljiva naprava, ki vam nudi odli\u010dno izku\u0161njo pri delu in prostem \u010dasu. Opremljen je s procesorjem I5, ki zagotavlja teko\u010de delovanje pri ve\u010dopravilnosti, ter &lt;b&gt;visokolo\u010dljivostnim 15,6&quot; zaslonom&lt;\/b&gt; z mat povr\u0161ino za zmanj\u0161anje ble\u0161\u010danja. Dovolj prostoren pomnilnik in hiter NVMe SSD disk omogo\u010data hitrej\u0161e odpravljanje vsakodnevnih nalog.<\/p>\n<p>&lt;H2&gt;Najve\u010dje prednosti&lt;\/H2&gt;<br \/>\n&lt;ul&gt;<br \/>\n  &lt;li&gt;&lt;b&gt;Visokozmogljiv procesor&lt;\/b&gt; za u\u010dinkovito ve\u010dopravilnost.&lt;\/li&gt;<br \/>\n  &lt;li&gt;&lt;b&gt;Pomnilnik in hiter NVMe SSD&lt;\/b&gt; za izjemne hitrosti delovanja in odzivnosti.&lt;\/li&gt;<br \/>\n  &lt;li&gt;&lt;b&gt;15,6&quot; antirefleksni zaslon&lt;\/b&gt; FHD za izjemno kakovost slike in za\u0161\u010dito o\u010di.&lt;\/li&gt;<br \/>\n  &lt;li&gt;&lt;b&gt;Vgrajeni vmesniki&lt;\/b&gt; HDMI, USB-C, in Bluetooth omogo\u010dajo prilagodljivost povezovanja.&lt;\/li&gt;<br \/>\n&lt;\/ul&gt;<\/p>\n<p>&lt;H2&gt;Kdo kupuje ta izdelek&lt;\/H2&gt;<br \/>\nTa prenosnik je idealen za tiste, ki i\u0161\u010dejo zanesljivost in zmogljivost v pisarni\u0161kem okolju ali doma. Prav tako je primeren za \u0161tudente, ki potrebujejo robustno napravo za u\u010denje in raziskave, ter za podjetja, ki potrebujejo zmogljive ra\u010dunalni\u0161ke re\u0161itve za svoje zaposlene.<\/p>\n<p>&lt;H2&gt;Mo\u017enosti nadgradnje&lt;\/H2&gt;<br \/>\n\u010ceprav \u017ee sam po sebi ponuja odli\u010dne zmogljivosti, je ta prenosnik mogo\u010de dodatno prilagoditi va\u0161im potrebam z nadgradnjo diska in pomnilnika. &lt;b&gt;Nadgradnja diska&lt;\/b&gt; in pomnilnika lahko \u0161e pove\u010da zmogljivost va\u0161e naprave. Pred izvedbo nadgradnje se vedno posvetujte s strokovnjakom.<\/p>\n<p>&lt;H2&gt;Zakaj izbrati obnovljeno napravo&lt;\/H2&gt;<br \/>\nObnovljene naprave so preverjene in preizku\u0161ene s strani strokovnjakov, kar zagotavlja visoko kakovost po ugodnej\u0161i ceni. Obnova je izvedena s standardiziranim sistemom kakovostnih ocen, kar zagotavlja, da naprava izpolnjuje najvi\u0161je standarde. Tak\u0161na izbira predstavlja &lt;b&gt;odli\u010dno razmerje med ceno in kakovostjo&lt;\/b&gt; ter je odli\u010dna za tiste, ki \u017eelijo zmanj\u0161ati svoj okoljski odtis. <\/p>\n<p>Dell Vostro 15 3510 je tako va\u0161a najbolj\u0161a izbira, \u010de i\u0161\u010dete zanesljiv in zmogljiv prenosnik, ki vas ne bo razo\u010daral.&lt;h2&gt;A- Kakovost&lt;\/h2&gt;&#13;<br \/>\n&lt;p&gt;Znaki obrabe. Najbolj\u0161e razmerje med kvaliteto in ceno. Ohi\u0161je lahko vsebuje manj\u0161e nepravilnosti, kot so vidne praske, ki pa ne vplivajo na delovanje naprave. Zasloni imajo lahko rahle nepravilnosti, ki so nekoliko opazne, vendar ne motijo uporabni\u0161ke izku\u0161nje.&lt;\/p&gt;<\/p>\n","protected":false},"excerpt":{"rendered":"<p>Intel\u00ae Core\u2122 i5-1035G1 \/ 1,0 GHz \/ Quad-Core (4C\/8T) \/ 3,6 GHz TurboBoost, 8 GB DDR4 SODIMM, 256 GB NVME SSD, 39,6 cm (15,6\u2033), Matiran (AntiGlare, matt), FHD 1920 x 1080, Intel\u00ae Iris\u00ae Xe Graphics, HDMI, USB-C, 3x USB, bluetooth, No OS Installed &#8211; Win10P COA<\/p>\n","protected":false},"featured_media":101042,"template":"","meta":[],"product_brand":[21],"product_cat":[1290,1204,1301,1291,1958,1959,1286,1224],"product_tag":[1811],"class_list":{"0":"post-98241","1":"product","2":"type-product","3":"status-publish","4":"has-post-thumbnail","6":"product_brand-dell","7":"product_cat-dell-prenosniki","8":"product_cat-prenosniki","9":"product_cat-prenosniki-15-palcni","10":"product_cat-prenosniki-i5","11":"product_cat-prenosniki-za-domaco-uporabo","12":"product_cat-prenosniki-za-poslovno-uporabo","13":"product_cat-priljubljena-iskanja","14":"product_cat-rabljeni-prenosniki","15":"product_tag-pp","16":"pa_odgovorna-oseba-v-eu-dell-tehnicna-regulativna-ekipa","18":"first","19":"instock","20":"taxable","21":"shipping-taxable","22":"purchasable","23":"product-type-simple"},"_links":{"self":[{"href":"https:\/\/pracek.si\/racunalniskatrgovina\/wp-json\/wp\/v2\/product\/98241","targetHints":{"allow":["GET"]}}],"collection":[{"href":"https:\/\/pracek.si\/racunalniskatrgovina\/wp-json\/wp\/v2\/product"}],"about":[{"href":"https:\/\/pracek.si\/racunalniskatrgovina\/wp-json\/wp\/v2\/types\/product"}],"version-history":[{"count":1,"href":"https:\/\/pracek.si\/racunalniskatrgovina\/wp-json\/wp\/v2\/product\/98241\/revisions"}],"predecessor-version":[{"id":98242,"href":"https:\/\/pracek.si\/racunalniskatrgovina\/wp-json\/wp\/v2\/product\/98241\/revisions\/98242"}],"wp:featuredmedia":[{"embeddable":true,"href":"https:\/\/pracek.si\/racunalniskatrgovina\/wp-json\/wp\/v2\/media\/101042"}],"wp:attachment":[{"href":"https:\/\/pracek.si\/racunalniskatrgovina\/wp-json\/wp\/v2\/media?parent=98241"}],"wp:term":[{"taxonomy":"product_brand","embeddable":true,"href":"https:\/\/pracek.si\/racunalniskatrgovina\/wp-json\/wp\/v2\/product_brand?post=98241"},{"taxonomy":"product_cat","embeddable":true,"href":"https:\/\/pracek.si\/racunalniskatrgovina\/wp-json\/wp\/v2\/product_cat?post=98241"},{"taxonomy":"product_tag","embeddable":true,"href":"https:\/\/pracek.si\/racunalniskatrgovina\/wp-json\/wp\/v2\/product_tag?post=98241"}],"curies":[{"name":"wp","href":"https:\/\/api.w.org\/{rel}","templated":true}]}}