{"id":98387,"date":"2026-04-04T10:04:58","date_gmt":"2026-04-04T09:04:58","guid":{"rendered":"https:\/\/pracek.si\/racunalniskatrgovina\/izdelek\/prenosnik-lenovo-thinkpad-t490-i5-ram-16-gb-ssd-disk-140%e2%80%b3-fhd\/"},"modified":"2026-04-04T10:05:10","modified_gmt":"2026-04-04T09:05:10","slug":"prenosnik-lenovo-thinkpad-t490-i5-ram-16-gb-ssd-disk-140%e2%80%b3-fhd","status":"publish","type":"product","link":"https:\/\/pracek.si\/racunalniskatrgovina\/izdelek\/prenosnik-lenovo-thinkpad-t490-i5-ram-16-gb-ssd-disk-140%e2%80%b3-fhd\/","title":{"rendered":"Prenosnik Lenovo ThinkPad T490 \/ i5 \/ RAM 16 GB \/ SSD Disk \/ 14,0\u2033 FHD"},"content":{"rendered":"<p>ThinkPad T490 je tanek, lahek in zmogljiv prenosnik, zasnovan za profesionalno uporabo na poti. U\u017eivajte v zanesljivosti, ki jo ponuja, in v privla\u010dni kombinaciji zmogljivosti in funkcionalnosti, ki zadovolji potrebe sodobnih uporabnikov.<\/p>\n<p>&lt;H2&gt;Najve\u010dje prednosti&lt;\/H2&gt;<br \/>\nThinkPad T490 ponuja ve\u010d klju\u010dnih prednosti:<br \/>\n&lt;ul&gt;<br \/>\n    &lt;li&gt;Zmogljiv procesor &lt;b&gt;I5&lt;\/b&gt; za teko\u010de delo z aplikacijami in ve\u010dopravilnost.&lt;\/li&gt;<br \/>\n    &lt;li&gt;Pomnilnik omogo\u010da hitro in u\u010dinkovito delo tudi z najzahtevnej\u0161imi nalogami.&lt;\/li&gt;<br \/>\n    &lt;li&gt;Ultra hiter &lt;b&gt;NVMe SSD&lt;\/b&gt; za hitro nalaganje aplikacij in operacij.&lt;\/li&gt;<br \/>\n    &lt;li&gt;14,0&quot; zaslon s &lt;b&gt;FHD&lt;\/b&gt; lo\u010dljivostjo in mat povr\u0161ino za zmanj\u0161ano odsevnost.&lt;\/li&gt;<br \/>\n    &lt;li&gt;\u0160iroka povezanost z &lt;b&gt;HDMI&lt;\/b&gt;, &lt;b&gt;USB-C&lt;\/b&gt;, &lt;b&gt;Thunderbolt&lt;\/b&gt; in drugimi priklju\u010dki.&lt;\/li&gt;<br \/>\n    &lt;li&gt;Osvetljena tipkovnica za udobno delo v temnej\u0161ih pogojih.&lt;\/li&gt;<br \/>\n&lt;\/ul&gt;<\/p>\n<p>&lt;H2&gt;Kdo kupuje ta izdelek&lt;\/H2&gt;<br \/>\nThinkPad T490 je idealen za profesionalce, ki potrebujejo zanesljivo napravo za delo na potovanjih ali oddaljenih lokacijah. Prav tako je primeren za \u0161tudente, ki potrebujejo zmogljivo napravo za kompleksne projekte in raziskave. Zaradi svoje robustnosti je prav tako priljubljen pri uporabnikih, ki cenijo dolgoro\u010dno vzdr\u017eljivost naprav.<\/p>\n<p>&lt;H2&gt;Mo\u017enosti nadgradnje&lt;\/H2&gt;<br \/>\nThinkPad T490 omogo\u010da prilagoditev naprav va\u0161im potrebam z nadgradnjo pomnilnika in diska. Pred izvedbo nadgradnje se vedno posvetujte s strokovnjakom. To zagotavlja, da je nadgradnja izvedena pravilno in optimalno.<\/p>\n<p>&lt;H2&gt;Zakaj izbrati obnovljeno napravo&lt;\/H2&gt;<br \/>\nIzbira obnovljene naprave prina\u0161a ve\u010d koristi. Strokovno obnovljena naprava zagotavlja enako zanesljivost in zmogljivost kot nova, vendar po dostopnej\u0161i ceni. Poleg tega obnovljene naprave prispevajo k trajnostni rabi virov in zmanj\u0161ujejo okoljski odtis. Standardiziran sistem kakovostnih ocen zagotavlja, da naprava ustreza visokim standardom kakovosti.&lt;h2&gt;A- Kakovost&lt;\/h2&gt;&#13;<br \/>\n&lt;p&gt;Znaki obrabe. Najbolj\u0161e razmerje med kvaliteto in ceno. Ohi\u0161je lahko vsebuje manj\u0161e nepravilnosti, kot so vidne praske, ki pa ne vplivajo na delovanje naprave. Zasloni imajo lahko rahle nepravilnosti, ki so nekoliko opazne, vendar ne motijo uporabni\u0161ke izku\u0161nje.&lt;\/p&gt;<\/p>\n","protected":false},"excerpt":{"rendered":"<p>Intel\u00ae Core\u2122 i5-8365U \/ 1,6 GHz \/ Quad-Core (4C\/8T) \/ 4,1 GHz TurboBoost, 16 GB DDR4 SODIMM, 256 GB NVME SSD, 35,6 cm (14,0\u2033), Matiran (AntiGlare, matt), FHD 1920 x 1080, Intel UHD Graphics 620, HDMI, USB-C, Thunderbolt, 2x USB, backlit_kb, Card reader, bluetooth, No OS Installed &#8211; Win10P COA<\/p>\n","protected":false},"featured_media":101144,"template":"","meta":[],"product_brand":[18],"product_cat":[1299,1204,1291,1958,1959,1286,1224],"product_tag":[1811],"class_list":{"0":"post-98387","1":"product","2":"type-product","3":"status-publish","4":"has-post-thumbnail","6":"product_brand-lenovo","7":"product_cat-lenovo-prenosniki","8":"product_cat-prenosniki","9":"product_cat-prenosniki-i5","10":"product_cat-prenosniki-za-domaco-uporabo","11":"product_cat-prenosniki-za-poslovno-uporabo","12":"product_cat-priljubljena-iskanja","13":"product_cat-rabljeni-prenosniki","14":"product_tag-pp","15":"pa_odgovorna-oseba-v-eu-lenovo-tehnicna-regulativna-ekipa","17":"first","18":"instock","19":"taxable","20":"shipping-taxable","21":"purchasable","22":"product-type-simple"},"_links":{"self":[{"href":"https:\/\/pracek.si\/racunalniskatrgovina\/wp-json\/wp\/v2\/product\/98387","targetHints":{"allow":["GET"]}}],"collection":[{"href":"https:\/\/pracek.si\/racunalniskatrgovina\/wp-json\/wp\/v2\/product"}],"about":[{"href":"https:\/\/pracek.si\/racunalniskatrgovina\/wp-json\/wp\/v2\/types\/product"}],"version-history":[{"count":2,"href":"https:\/\/pracek.si\/racunalniskatrgovina\/wp-json\/wp\/v2\/product\/98387\/revisions"}],"predecessor-version":[{"id":99276,"href":"https:\/\/pracek.si\/racunalniskatrgovina\/wp-json\/wp\/v2\/product\/98387\/revisions\/99276"}],"wp:featuredmedia":[{"embeddable":true,"href":"https:\/\/pracek.si\/racunalniskatrgovina\/wp-json\/wp\/v2\/media\/101144"}],"wp:attachment":[{"href":"https:\/\/pracek.si\/racunalniskatrgovina\/wp-json\/wp\/v2\/media?parent=98387"}],"wp:term":[{"taxonomy":"product_brand","embeddable":true,"href":"https:\/\/pracek.si\/racunalniskatrgovina\/wp-json\/wp\/v2\/product_brand?post=98387"},{"taxonomy":"product_cat","embeddable":true,"href":"https:\/\/pracek.si\/racunalniskatrgovina\/wp-json\/wp\/v2\/product_cat?post=98387"},{"taxonomy":"product_tag","embeddable":true,"href":"https:\/\/pracek.si\/racunalniskatrgovina\/wp-json\/wp\/v2\/product_tag?post=98387"}],"curies":[{"name":"wp","href":"https:\/\/api.w.org\/{rel}","templated":true}]}}