{"id":98540,"date":"2026-04-04T10:14:44","date_gmt":"2026-04-04T09:14:44","guid":{"rendered":"https:\/\/pracek.si\/racunalniskatrgovina\/izdelek\/prenosnik-victus-gaming-15-fa2721nc-i5-13420h-rtx-4050-6gb-i5-ram-16-gb-ssd-disk-156%e2%80%b3-fhd\/"},"modified":"2026-04-04T10:14:45","modified_gmt":"2026-04-04T09:14:45","slug":"prenosnik-victus-gaming-15-fa2721nc-i5-13420h-rtx-4050-6gb-i5-ram-16-gb-ssd-disk-156%e2%80%b3-fhd","status":"publish","type":"product","link":"https:\/\/pracek.si\/racunalniskatrgovina\/izdelek\/prenosnik-victus-gaming-15-fa2721nc-i5-13420h-rtx-4050-6gb-i5-ram-16-gb-ssd-disk-156%e2%80%b3-fhd\/","title":{"rendered":"Prenosnik Victus Gaming 15-fa2721nc | i5-13420H | RTX 4050 (6GB) \/ i5 \/ RAM 16 GB \/ SSD Disk \/ 15,6\u2033 FHD"},"content":{"rendered":"<p>Victus Gaming 15 je idealen prenosnik za navdu\u0161ene igralce iger in ustvarjalne profesionalce, ki i\u0161\u010dejo zmogljivost in zanesljivost. S stilskim in robustnim dizajnom ter osupljivim 15,6-pal\u010dnim zaslonom zagotavlja izvrstno izku\u0161njo pri igranju iger, obdelavi ve\u010dpredstavnosti ali vsakdanjih opravilih.<\/p>\n<p>&lt;H2&gt;Najve\u010dje prednosti&lt;\/H2&gt;<br \/>\n&lt;ul&gt;<br \/>\n  &lt;li&gt;Opremljen z &lt;b&gt;naprednim procesorjem&lt;\/b&gt;, ki omogo\u010da gladko izvajanje ve\u010d aplikacij hkrati&lt;\/li&gt;<br \/>\n  &lt;li&gt;Vgrajena &lt;b&gt;grafi\u010dna kartica&lt;\/b&gt; za izjemno vizualno izku\u0161njo v igrah in drugih grafikah intenzivnih aplikacijah&lt;\/li&gt;<br \/>\n  &lt;li&gt;Velik, visokokakovosten &lt;b&gt;IPS zaslon&lt;\/b&gt; z lo\u010dljivostjo FHD za ostre in \u017eivahne slike&lt;\/li&gt;<br \/>\n  &lt;li&gt;Hitro in zanesljivo shranjevanje zahvaljujo\u010d &lt;b&gt;SSD disku&lt;\/b&gt;, optimiziranem s tehnologijo NVMe za bliskovite hitrosti prenosa podatkov&lt;\/li&gt;<br \/>\n&lt;\/ul&gt;<\/p>\n<p>&lt;H2&gt;Kdo kupuje ta izdelek&lt;\/H2&gt;<br \/>\nPrenosnik Victus Gaming 15 je idealen za igralce iger, ki zahtevajo visoko zmogljivost pri igranju zahtevanih naslovov, ter za profesionalce, kot so oblikovalci, video uredniki in in\u017eenirji, ki potrebujejo zmogljiv prenosnik za obdelavo te\u017ekih datotek in aplikacij. Primeren je tudi za vse, ki si \u017eelijo mo\u010dnej\u0161i prenosnik za vsakodnevno uporabo z mo\u017enostjo prihodnjega nadgrajevanja.<\/p>\n<p>&lt;H2&gt;Mo\u017enosti nadgradnje&lt;\/H2&gt;<br \/>\nVictus Gaming 15 ponuja mo\u017enost nadgradnje diska in pomnilnika. S tem lahko napravo prilagodite nara\u0161\u010dajo\u010dim potrebam po zmogljivosti in shranjevanju, s \u010dimer \u0161e podalj\u0161ate njeno \u017eivljenjsko dobo. &lt;b&gt;Pred izvedbo nadgradnje se vedno posvetujte s strokovnjakom.&lt;\/b&gt;<\/p>\n<p>&lt;H2&gt;Zakaj izbrati obnovljeno napravo&lt;\/H2&gt;<br \/>\nIzbira obnovljene naprave prina\u0161a izjemne prednosti. Te naprave so dele\u017ene strokovne obnove, kar zagotavlja, da ustrezajo visokim standardom kakovosti. Poleg tega ob nakupu tovrstnih naprav prispevate k ohranjanju okolja, saj s tem zmanj\u0161ujete elektronski odpad. Obnovljeni prenosniki, kot je Victus Gaming 15, tako nudijo odli\u010dno vrednost in zanesljivost po ni\u017eji ceni.&lt;h2&gt;Odprta embala\u017ea&lt;\/h2&gt;&#13;<br \/>\n&lt;p&gt;Skoraj nobenih znakov obrabe. Tovarni\u0161ka kvaliteta. V ve\u010dini primerov gre za prese\u017eek proizvodnje in neprodane zaloge, pri katerih razlike v primerjavi z novimi napravami niso opazne.&lt;\/p&gt;&#13;<\/p>\n","protected":false},"excerpt":{"rendered":"<p>Intel Core i5-13420H (2,1\u00a0GHz), 16 GB DDR4-3200, SSD 512 GB M.2 PCie NVMe, 39,6 cm (15,6\u2033) FHD (1920&#215;1080) UWVA AG LED IPS\u00a0144 Hz, NVIDIA GeForce RTX 4050 (6\u00a0GB GDDR6), HDMI 2.0, 1x USB-C 3.2\u00a0 Gen1\u00a0(5Gbps), 2x USB-A 3.2 Gen1 (5Gbps), Wi-Fi 6 (2&#215;2), Bluetooth 5.4, Webcam, Backlit Kbd., Microsoft Windows 11 Home\u00a0(64-bit)<\/p>\n","protected":false},"featured_media":98542,"template":"","meta":[],"product_brand":[26],"product_cat":[1296,1204,1301,1291,1958,1962,1286],"product_tag":[1811],"class_list":{"0":"post-98540","1":"product","2":"type-product","3":"status-publish","4":"has-post-thumbnail","6":"product_brand-hewlett-packard","7":"product_cat-hp-prenosniki","8":"product_cat-prenosniki","9":"product_cat-prenosniki-15-palcni","10":"product_cat-prenosniki-i5","11":"product_cat-prenosniki-za-domaco-uporabo","12":"product_cat-prenosniki-za-igranje-iger-gaming-prenosniki","13":"product_cat-priljubljena-iskanja","14":"product_tag-pp","15":"pa_odgovorna-oseba-v-eu-hp-tehnicna-regulativna-ekipa","17":"first","18":"instock","19":"taxable","20":"shipping-taxable","21":"purchasable","22":"product-type-simple"},"_links":{"self":[{"href":"https:\/\/pracek.si\/racunalniskatrgovina\/wp-json\/wp\/v2\/product\/98540","targetHints":{"allow":["GET"]}}],"collection":[{"href":"https:\/\/pracek.si\/racunalniskatrgovina\/wp-json\/wp\/v2\/product"}],"about":[{"href":"https:\/\/pracek.si\/racunalniskatrgovina\/wp-json\/wp\/v2\/types\/product"}],"version-history":[{"count":1,"href":"https:\/\/pracek.si\/racunalniskatrgovina\/wp-json\/wp\/v2\/product\/98540\/revisions"}],"predecessor-version":[{"id":98541,"href":"https:\/\/pracek.si\/racunalniskatrgovina\/wp-json\/wp\/v2\/product\/98540\/revisions\/98541"}],"wp:featuredmedia":[{"embeddable":true,"href":"https:\/\/pracek.si\/racunalniskatrgovina\/wp-json\/wp\/v2\/media\/98542"}],"wp:attachment":[{"href":"https:\/\/pracek.si\/racunalniskatrgovina\/wp-json\/wp\/v2\/media?parent=98540"}],"wp:term":[{"taxonomy":"product_brand","embeddable":true,"href":"https:\/\/pracek.si\/racunalniskatrgovina\/wp-json\/wp\/v2\/product_brand?post=98540"},{"taxonomy":"product_cat","embeddable":true,"href":"https:\/\/pracek.si\/racunalniskatrgovina\/wp-json\/wp\/v2\/product_cat?post=98540"},{"taxonomy":"product_tag","embeddable":true,"href":"https:\/\/pracek.si\/racunalniskatrgovina\/wp-json\/wp\/v2\/product_tag?post=98540"}],"curies":[{"name":"wp","href":"https:\/\/api.w.org\/{rel}","templated":true}]}}