{"id":98842,"date":"2026-04-04T10:14:58","date_gmt":"2026-04-04T09:14:58","guid":{"rendered":"https:\/\/pracek.si\/racunalniskatrgovina\/izdelek\/prenosnik-hp-elitebook-840-g7-i5-ram-16-gb-ssd-disk-140%e2%80%b3-fhd-2\/"},"modified":"2026-04-04T10:15:08","modified_gmt":"2026-04-04T09:15:08","slug":"prenosnik-hp-elitebook-840-g7-i5-ram-16-gb-ssd-disk-140%e2%80%b3-fhd-2","status":"publish","type":"product","link":"https:\/\/pracek.si\/racunalniskatrgovina\/izdelek\/prenosnik-hp-elitebook-840-g7-i5-ram-16-gb-ssd-disk-140%e2%80%b3-fhd-2\/","title":{"rendered":"Prenosnik HP EliteBook 840 G7 \/ i5 \/ RAM 16 GB \/ SSD Disk \/ 14,0\u2033 FHD"},"content":{"rendered":"<p>HP EliteBook 840 G7 je visokozmogljiv prenosnik, zasnovan za osebe, ki potrebujejo zanesljivo napravo za vsakodnevne naloge in profesionalno uporabo. V kombinaciji s privla\u010dno obliko, odlikuje ga izjemna funkcionalnost v kompaktnem formatu, zaradi \u010desar postane idealen spremljevalec v pisarni ali na poti.<\/p>\n<p><H2>Najve\u010dje prednosti<\/H2><br \/>\n<ul><br \/>\n  <li><b>Ekran AntiGlare:<\/b> 14-pal\u010dni zaslon FHD zmanj\u0161a ble\u0161\u010danje in izbolj\u0161a udobje gledanja tudi pri mo\u010dnej\u0161i svetlobi.<\/li><br \/>\n  <li><b>Visoka u\u010dinkovitost:<\/b> Srce naprave je procesor I5, katerega zmogljivost omogo\u010da nemoten potek ve\u010dopravilnosti in u\u010dinkovito obdelavo informacij.<\/li><br \/>\n  <li><b>Hiter NVMe SSD:<\/b> Shranjevanje podatkov je hitrej\u0161e, saj NVMe SSD zagotavlja hitro branje in pisanje podatkov, kar pove\u010da produktivnost.<\/li><br \/>\n<\/ul><\/p>\n<p><H2>Kdo kupuje ta izdelek<\/H2><br \/>\nTa prenosnik je popolna izbira za poslovne uporabnike, ki i\u0161\u010dejo zanesljivo delovno orodje za u\u010dinkovito upravljanje vsakodnevnih opravkov in projektov. Poleg tega je odli\u010dna izbira za \u0161tudente in uporabnike, ki potrebujejo prenosno in zmogljivo napravo za doma\u010do uporabo.<\/p>\n<p><H2>Mo\u017enosti nadgradnje<\/H2><br \/>\nPrenosnik omogo\u010da preprosto nadgradnjo klju\u010dnih komponent, da bi zadostil va\u0161im posebnim potrebam po zmogljivosti:<br \/>\n<ul><br \/>\n  <li>Nadgradite pomnilnik za bolj\u0161o ve\u010dopravilnost.<\/li><br \/>\n  <li>Pove\u010dajte kapaciteto diska, da shranite ve\u010d datotek in programov.<\/li><br \/>\n<\/ul><br \/>\nPred izvedbo nadgradnje se vedno posvetujte s strokovnjakom.<\/p>\n<p><H2>Zakaj izbrati obnovljeno napravo<\/H2><br \/>\nZ izbiro obnovljene naprave prispevate k trajnostni rabi tehnologije in zmanj\u0161evanju elektronskih odpadkov. Vsak obnovljeni prenosnik postopoma preide skozi strokovno obnovo, ki zagotavlja delovanje v skladu z najvi\u0161jimi standardi kakovosti. Ta prenosnik ni le finan\u010dno ugodna izbira, ampak tudi stavi na zanesljivost in visok standard obnovljivih storitev. Ponuja vrednost, ki jo je te\u017eko spregledati pri iskanju u\u010dinkovite in okolju prijazne tehnologije.<h2>A- Kakovost<\/h2>&#13;<br \/>\n<p>Znaki obrabe. Najbolj\u0161e razmerje med kvaliteto in ceno. Ohi\u0161je lahko vsebuje manj\u0161e nepravilnosti, kot so vidne praske, ki pa ne vplivajo na delovanje naprave. Zasloni imajo lahko rahle nepravilnosti, ki so nekoliko opazne, vendar ne motijo uporabni\u0161ke izku\u0161nje.<\/p><\/p>\n","protected":false},"excerpt":{"rendered":"<p>Intel\u00ae Core\u2122 i5-10210U \/ 1.60 GHz \/ Quad-Core \/ 4.20 GHz TurboBoost, 16 GB DDR4 SODIMM, 256 GB NVMe SSD, 35,6 cm (14\u2033), Matiran (AntiGlare, matt), FHD \/ 1920 x 1080, Intel UHD Graphics, HDMI, Thunderbolt, 2x USB, backlit_kb, bluetooth, No OS Installed &#8211; Win10P COA<\/p>\n","protected":false},"featured_media":98731,"template":"","meta":[],"product_brand":[26],"product_cat":[1296,1204,1291,1964,1959,1286,1224],"product_tag":[1811],"class_list":{"0":"post-98842","1":"product","2":"type-product","3":"status-publish","4":"has-post-thumbnail","6":"product_brand-hewlett-packard","7":"product_cat-hp-prenosniki","8":"product_cat-prenosniki","9":"product_cat-prenosniki-i5","10":"product_cat-prenosniki-ultrabook","11":"product_cat-prenosniki-za-poslovno-uporabo","12":"product_cat-priljubljena-iskanja","13":"product_cat-rabljeni-prenosniki","14":"product_tag-pp","15":"pa_odgovorna-oseba-v-eu-hp-tehnicna-regulativna-ekipa","17":"first","18":"instock","19":"taxable","20":"shipping-taxable","21":"purchasable","22":"product-type-simple"},"_links":{"self":[{"href":"https:\/\/pracek.si\/racunalniskatrgovina\/wp-json\/wp\/v2\/product\/98842","targetHints":{"allow":["GET"]}}],"collection":[{"href":"https:\/\/pracek.si\/racunalniskatrgovina\/wp-json\/wp\/v2\/product"}],"about":[{"href":"https:\/\/pracek.si\/racunalniskatrgovina\/wp-json\/wp\/v2\/types\/product"}],"version-history":[{"count":2,"href":"https:\/\/pracek.si\/racunalniskatrgovina\/wp-json\/wp\/v2\/product\/98842\/revisions"}],"predecessor-version":[{"id":99402,"href":"https:\/\/pracek.si\/racunalniskatrgovina\/wp-json\/wp\/v2\/product\/98842\/revisions\/99402"}],"wp:featuredmedia":[{"embeddable":true,"href":"https:\/\/pracek.si\/racunalniskatrgovina\/wp-json\/wp\/v2\/media\/98731"}],"wp:attachment":[{"href":"https:\/\/pracek.si\/racunalniskatrgovina\/wp-json\/wp\/v2\/media?parent=98842"}],"wp:term":[{"taxonomy":"product_brand","embeddable":true,"href":"https:\/\/pracek.si\/racunalniskatrgovina\/wp-json\/wp\/v2\/product_brand?post=98842"},{"taxonomy":"product_cat","embeddable":true,"href":"https:\/\/pracek.si\/racunalniskatrgovina\/wp-json\/wp\/v2\/product_cat?post=98842"},{"taxonomy":"product_tag","embeddable":true,"href":"https:\/\/pracek.si\/racunalniskatrgovina\/wp-json\/wp\/v2\/product_tag?post=98842"}],"curies":[{"name":"wp","href":"https:\/\/api.w.org\/{rel}","templated":true}]}}