{"id":98872,"date":"2026-04-04T10:16:06","date_gmt":"2026-04-04T09:16:06","guid":{"rendered":"https:\/\/pracek.si\/racunalniskatrgovina\/izdelek\/prenosnik-lenovo-thinkpad-t490s-i5-ram-8-gb-ssd-disk-140%e2%80%b3-fhd\/"},"modified":"2026-04-04T10:16:08","modified_gmt":"2026-04-04T09:16:08","slug":"prenosnik-lenovo-thinkpad-t490s-i5-ram-8-gb-ssd-disk-140%e2%80%b3-fhd","status":"publish","type":"product","link":"https:\/\/pracek.si\/racunalniskatrgovina\/izdelek\/prenosnik-lenovo-thinkpad-t490s-i5-ram-8-gb-ssd-disk-140%e2%80%b3-fhd\/","title":{"rendered":"Prenosnik Lenovo ThinkPad T490s \/ i5 \/ RAM 8 GB \/ SSD Disk \/ 14,0\u2033 FHD"},"content":{"rendered":"<p>Prenosnik Lenovo ThinkPad T490s je odli\u010dna kombinacija elegantne zasnove, zmogljivosti in vsestranskosti. S svojo kompaktno velikostjo in kakovostnim zaslonom nudi izjemno uporabni\u0161ko izku\u0161njo, ki je prilagojena potrebam poslovnih uporabnikov in \u0161tudentov.<\/p>\n<p>&lt;H2&gt;Najve\u010dje prednosti&lt;\/H2&gt;<br \/>\n&lt;ul&gt;<br \/>\n&lt;li&gt;&lt;b&gt;Visoka zmogljivost&lt;\/b&gt; z Intel i5 procesorjem za teko\u010de izvajanje vsakodnevnih nalog.&lt;\/li&gt;<br \/>\n&lt;li&gt;&lt;b&gt;Izjemna prenosljivost&lt;\/b&gt; zaradi svoje tanke in lahke zasnove ter 14-pal\u010dnega matiranega zaslona, ki deluje v polni visoki lo\u010dljivosti (FHD).&lt;\/li&gt;<br \/>\n&lt;li&gt;&lt;b&gt;Raz\u0161irljivost in vsestranskost&lt;\/b&gt; s \u0161tevilnimi priklju\u010dki, vklju\u010dno z USB-C, HDMI in Thunderbolt.&lt;\/li&gt;<br \/>\n&lt;li&gt;&lt;b&gt;Hitrost&lt;\/b&gt; zahvaljujo\u010d NVMe SSD disku, ki omogo\u010da bliskovito hitro shranjevanje in dostop do podatkov.&lt;\/li&gt;<br \/>\n&lt;\/ul&gt;<\/p>\n<p>&lt;H2&gt;Kdo kupuje ta izdelek&lt;\/H2&gt;<br \/>\nPrenosnik Lenovo ThinkPad T490s je idealna izbira za profesionalce, ki potrebujejo zanesljiv in zmogljiv delovni pripomo\u010dek, kot tudi za \u0161tudente, ki i\u0161\u010dejo prenosno napravo za vsakodnevno uporabo. Prav tako je primeren za poslovne uporabnike, ki cenijo robustno izdelavo in varnostne funkcije, ki so del serije ThinkPad.<\/p>\n<p>&lt;H2&gt;Mo\u017enosti nadgradnje&lt;\/H2&gt;<br \/>\nPrenosnik omogo\u010da nadgradnjo pomnilnika in diska, kar zagotavlja dolgotrajno uporabnost in prilagodljivost glede na va\u0161e potrebe. Pred izvedbo nadgradnje se vedno posvetujte s strokovnjakom.<\/p>\n<p>&lt;H2&gt;Zakaj izbrati obnovljeno napravo&lt;\/H2&gt;<br \/>\nIzbira obnovljene naprave prina\u0161a \u0161tevilne prednosti. Na ta na\u010din pridobite visoko kakovostno napravo po dostopnej\u0161i ceni, medtem ko prispevate k zmanj\u0161evanju elektronskih odpadkov in varovanju okolja. Strokovna storitev obnove zagotavlja, da naprava ustreza strogim standardom kakovosti, kar pomeni, da je vsak izdelek pregledan in testiran za optimalno delovanje.<\/p>\n<p>Izberite Lenovo ThinkPad T490s za zanesljivo in u\u010dinkovito tehnolo\u0161ko re\u0161itev, ki ponuja dolgotrajno kakovost in visoko zmogljivost v elegantni obliki.&lt;h2&gt;A Kakovost&lt;\/h2&gt;&#13;<br \/>\n&lt;p&gt;Rahli znaki obrabe. Nadpovpre\u010dna kvaliteta. Ohi\u0161je lahko vsebuje minimalne nepravilnosti, kot je praska, ki je nevidna na razdalji 50 cm (pribli\u017eno dol\u017eina roke) ali ve\u010d. Zasloni so v delujo\u010dem stanju brezhibni.&lt;\/p&gt;&#13;<\/p>\n","protected":false},"excerpt":{"rendered":"<p>Intel\u00ae Core\u2122 i5-8365U \/ 1,6 GHz \/ Quad-Core (4C\/8T) \/ 4,1 GHz TurboBoost, 8 GB DDR4 SODIMM, 256 GB NVMe SSD, 35,6 cm (14\u2033), Matiran (AntiGlare, matt), FHD \/ 1920 x 1080, Intel\u00ae UHD Graphics 620, HDMI, USB-C, Thunderbolt, 2x USB, backlit_kb, bluetooth, No OS Installed &#8211; Win10P COA<\/p>\n","protected":false},"featured_media":102152,"template":"","meta":[],"product_brand":[18],"product_cat":[1299,1204,1291,1964,1959,1286,1224],"product_tag":[1811],"class_list":{"0":"post-98872","1":"product","2":"type-product","3":"status-publish","4":"has-post-thumbnail","6":"product_brand-lenovo","7":"product_cat-lenovo-prenosniki","8":"product_cat-prenosniki","9":"product_cat-prenosniki-i5","10":"product_cat-prenosniki-ultrabook","11":"product_cat-prenosniki-za-poslovno-uporabo","12":"product_cat-priljubljena-iskanja","13":"product_cat-rabljeni-prenosniki","14":"product_tag-pp","15":"pa_odgovorna-oseba-v-eu-lenovo-tehnicna-regulativna-ekipa","17":"first","18":"instock","19":"taxable","20":"shipping-taxable","21":"purchasable","22":"product-type-simple"},"_links":{"self":[{"href":"https:\/\/pracek.si\/racunalniskatrgovina\/wp-json\/wp\/v2\/product\/98872","targetHints":{"allow":["GET"]}}],"collection":[{"href":"https:\/\/pracek.si\/racunalniskatrgovina\/wp-json\/wp\/v2\/product"}],"about":[{"href":"https:\/\/pracek.si\/racunalniskatrgovina\/wp-json\/wp\/v2\/types\/product"}],"version-history":[{"count":2,"href":"https:\/\/pracek.si\/racunalniskatrgovina\/wp-json\/wp\/v2\/product\/98872\/revisions"}],"predecessor-version":[{"id":99410,"href":"https:\/\/pracek.si\/racunalniskatrgovina\/wp-json\/wp\/v2\/product\/98872\/revisions\/99410"}],"wp:featuredmedia":[{"embeddable":true,"href":"https:\/\/pracek.si\/racunalniskatrgovina\/wp-json\/wp\/v2\/media\/102152"}],"wp:attachment":[{"href":"https:\/\/pracek.si\/racunalniskatrgovina\/wp-json\/wp\/v2\/media?parent=98872"}],"wp:term":[{"taxonomy":"product_brand","embeddable":true,"href":"https:\/\/pracek.si\/racunalniskatrgovina\/wp-json\/wp\/v2\/product_brand?post=98872"},{"taxonomy":"product_cat","embeddable":true,"href":"https:\/\/pracek.si\/racunalniskatrgovina\/wp-json\/wp\/v2\/product_cat?post=98872"},{"taxonomy":"product_tag","embeddable":true,"href":"https:\/\/pracek.si\/racunalniskatrgovina\/wp-json\/wp\/v2\/product_tag?post=98872"}],"curies":[{"name":"wp","href":"https:\/\/api.w.org\/{rel}","templated":true}]}}