{"id":98975,"date":"2026-04-04T10:16:06","date_gmt":"2026-04-04T09:16:06","guid":{"rendered":"https:\/\/pracek.si\/racunalniskatrgovina\/izdelek\/monitor-lenovo-l22i-40-546-cm-215%e2%80%b3-fhd-ips-led-75-hz\/"},"modified":"2026-04-04T10:16:17","modified_gmt":"2026-04-04T09:16:17","slug":"monitor-lenovo-l22i-40-546-cm-215%e2%80%b3-fhd-ips-led-75-hz","status":"publish","type":"product","link":"https:\/\/pracek.si\/racunalniskatrgovina\/izdelek\/monitor-lenovo-l22i-40-546-cm-215%e2%80%b3-fhd-ips-led-75-hz\/","title":{"rendered":"Monitor Lenovo L22i-40 54,6 cm (21,5\u2033) FHD IPS LED 75 Hz"},"content":{"rendered":"<p>54,6 cm (21,5&quot;), 1920 x 1080, 4 ms, HDMI, VGA, static contrast: 1000:1 \/ dynamic contrast: , 250 cd\/m2, 178\u00b0\/178\u00b0&lt;h2&gt;Odprta embala\u017ea&lt;\/h2&gt;&#13;<br \/>\n&lt;p&gt;Skoraj nobenih znakov obrabe. Tovarni\u0161ka kvaliteta. V ve\u010dini primerov gre za prese\u017eek proizvodnje in neprodane zaloge, pri katerih razlike v primerjavi z novimi napravami niso opazne.&lt;\/p&gt;&#13;<\/p>\n","protected":false},"excerpt":{"rendered":"<p>54,6 cm (21,5&#8243;), 1920 x 1080, 4 ms, HDMI, VGA, s: 1000:1 \/ d: , 250 cd\/m2, 178\u00b0\/178\u00b0<\/p>\n","protected":false},"featured_media":98977,"template":"","meta":[],"product_brand":[18],"product_cat":[1149],"product_tag":[1811],"class_list":{"0":"post-98975","1":"product","2":"type-product","3":"status-publish","4":"has-post-thumbnail","6":"product_brand-lenovo","7":"product_cat-monitorji","8":"product_tag-pp","9":"pa_odgovorna-oseba-v-eu-lenovo-tehnicna-regulativna-ekipa","11":"first","12":"instock","13":"taxable","14":"shipping-taxable","15":"purchasable","16":"product-type-simple"},"_links":{"self":[{"href":"https:\/\/pracek.si\/racunalniskatrgovina\/wp-json\/wp\/v2\/product\/98975","targetHints":{"allow":["GET"]}}],"collection":[{"href":"https:\/\/pracek.si\/racunalniskatrgovina\/wp-json\/wp\/v2\/product"}],"about":[{"href":"https:\/\/pracek.si\/racunalniskatrgovina\/wp-json\/wp\/v2\/types\/product"}],"version-history":[{"count":2,"href":"https:\/\/pracek.si\/racunalniskatrgovina\/wp-json\/wp\/v2\/product\/98975\/revisions"}],"predecessor-version":[{"id":99060,"href":"https:\/\/pracek.si\/racunalniskatrgovina\/wp-json\/wp\/v2\/product\/98975\/revisions\/99060"}],"wp:featuredmedia":[{"embeddable":true,"href":"https:\/\/pracek.si\/racunalniskatrgovina\/wp-json\/wp\/v2\/media\/98977"}],"wp:attachment":[{"href":"https:\/\/pracek.si\/racunalniskatrgovina\/wp-json\/wp\/v2\/media?parent=98975"}],"wp:term":[{"taxonomy":"product_brand","embeddable":true,"href":"https:\/\/pracek.si\/racunalniskatrgovina\/wp-json\/wp\/v2\/product_brand?post=98975"},{"taxonomy":"product_cat","embeddable":true,"href":"https:\/\/pracek.si\/racunalniskatrgovina\/wp-json\/wp\/v2\/product_cat?post=98975"},{"taxonomy":"product_tag","embeddable":true,"href":"https:\/\/pracek.si\/racunalniskatrgovina\/wp-json\/wp\/v2\/product_tag?post=98975"}],"curies":[{"name":"wp","href":"https:\/\/api.w.org\/{rel}","templated":true}]}}