{"id":99040,"date":"2026-04-04T10:16:06","date_gmt":"2026-04-04T09:16:06","guid":{"rendered":"https:\/\/pracek.si\/racunalniskatrgovina\/izdelek\/prenosnik-hp-omen-max-gaming-laptop-16-ah0012ns-i9-ram-32-gb-ssd-disk-160-wqxga-4\/"},"modified":"2026-04-04T10:16:16","modified_gmt":"2026-04-04T09:16:16","slug":"prenosnik-hp-omen-max-gaming-laptop-16-ah0012ns-ultra-9-ram-32-gb-ssd-disk-160-wqxga-2","status":"publish","type":"product","link":"https:\/\/pracek.si\/racunalniskatrgovina\/izdelek\/prenosnik-hp-omen-max-gaming-laptop-16-ah0012ns-ultra-9-ram-32-gb-ssd-disk-160-wqxga-2\/","title":{"rendered":"Prenosnik HP Omen MAX Gaming Laptop 16-ah0012ns \/ Ultra 9 \/ RAM 32 GB \/ SSD Disk \/ 16,0&#8243; WQXGA"},"content":{"rendered":"<p>Odkrijte vrhunsko zmogljivost in eleganco s prenosnikom HP Omen MAX Gaming Laptop 16-ah0012ns. Ta vrhunska naprava je zasnovana za vse, ki i\u0161\u010dete zmogljivost, zanesljivost in brezhibno uporabni\u0161ko izku\u0161njo. S kombinacijo superiornega procesorja in napredne grafi\u010dne kartice zagotavlja neustavljivo mo\u010d in osupljivo vizualno do\u017eivetje.<\/p>\n<p><H2>Najve\u010dje prednosti<\/H2><br \/>\n<ul><br \/>\n<li><b>Izjemna zmogljivost:<\/b> U\u017eivajte v nadvse teko\u010dem delovanju zahvaljujo\u010d zmogljivemu procesorju in napredni grafi\u010dni kartici, kar poskrbi za hitrost in odzivnost v najzahtevnej\u0161ih aplikacijah in igrah.<\/li><br \/>\n<li><b>Osupljiva vizualna izku\u0161nja:<\/b> 16,0-pal\u010dni matiran zaslon WQXGA z lo\u010dljivostjo 2560 x 1600 omogo\u010da, da u\u017eivate v briljantnih in jasnih vizualnih detajlih.<\/li><br \/>\n<li><b>Hitrost in zanesljivost:<\/b> NVMe SSD disk, ki ponuja bliskovito hitro shranjevanje in prenos podatkov, poskrbi, da je prenos podatkov opravil hitrej\u0161i kot kdajkoli prej.<\/li><br \/>\n<li><b>Elegantna in robustna zasnova:<\/b> Z moderno obliko in robustno zasnovo je ta prenosnik prava pa\u0161a za o\u010di in odli\u010den sopotnik za vsakogar.<\/li><br \/>\n<\/ul><\/p>\n<p><H2>Kdo kupuje ta izdelek<\/H2><br \/>\nNe glede na to, ali ste strasten igralec video iger, ustvarjalec vsebin ali profesionalec, ki zahteva vrhunski prenosnik za delo, je ta naprava zasnovana prav za vas. Zagotavlja mo\u010d in zmogljivost, ki sta potrebna za profesionalno delo ter nepozabno igralno izku\u0161njo.<\/p>\n<p><H2>Mo\u017enosti nadgradnje<\/H2><br \/>\nPrenosnik ponuja enostavne mo\u017enosti nadgradnje diska in pomnilnika, kar omogo\u010da, da prilagodite zmogljivosti svojim potrebam. <i>Pred izvedbo nadgradnje se vedno posvetujte s strokovnjakom.<\/i><\/p>\n<p><H2>Zakaj izbrati obnovljeno napravo<\/H2><br \/>\nIzbira obnovljene naprave je okolju prijazna odlo\u010ditev, ki prispeva k zmanj\u0161anju odpadkov in ohranjanju virov. Na\u0161e strokovno prenovljene naprave izpolnjujejo vi\u0161je standardizirane kriterije kakovosti, kar zagotavlja zanesljivost in odli\u010dnost. Pove\u010dajte svojo vrednost za denar, medtem ko dajete pozitiven prispevek k na\u0161emu planetu.<h2>Odprta embala\u017ea<\/h2>&#13;<br \/>\n<p>Skoraj nobenih znakov obrabe. Tovarni\u0161ka kvaliteta. V ve\u010dini primerov gre za prese\u017eek proizvodnje in neprodane zaloge, pri katerih razlike v primerjavi z novimi napravami niso opazne.<\/p>&#13;<\/p>\n","protected":false},"excerpt":{"rendered":"<p>Intel Core Ultra 9 275HX | 8 performance cores | 16 Efficient cores | 2.1 GHz \/ Turboboost 5.4 GHz, 32 GB DDR5 SODIMM, 1 TB NVMe SSD, 40,64 cm (16,0\u2033), Matiran (AntiGlare, matt), WQXGA \/ 2560 x 1600, NVIDIA\u00ae GeForce RTX\u2122 5080 (16 GB GDDR7), HDMI, Thunderbolt, 2x USB, Backlit keyboard, bluetooth, Microsoft Windows 11 Home (64-bit)<\/p>\n","protected":false},"featured_media":99863,"template":"","meta":[],"product_brand":[26],"product_cat":[1296,1204,1962],"product_tag":[1811],"class_list":{"0":"post-99040","1":"product","2":"type-product","3":"status-publish","4":"has-post-thumbnail","6":"product_brand-hewlett-packard","7":"product_cat-hp-prenosniki","8":"product_cat-prenosniki","9":"product_cat-prenosniki-za-igranje-iger-gaming-prenosniki","10":"product_tag-pp","11":"pa_odgovorna-oseba-v-eu-hp-tehnicna-regulativna-ekipa","13":"first","14":"instock","15":"taxable","16":"shipping-taxable","17":"purchasable","18":"product-type-simple"},"_links":{"self":[{"href":"https:\/\/pracek.si\/racunalniskatrgovina\/wp-json\/wp\/v2\/product\/99040","targetHints":{"allow":["GET"]}}],"collection":[{"href":"https:\/\/pracek.si\/racunalniskatrgovina\/wp-json\/wp\/v2\/product"}],"about":[{"href":"https:\/\/pracek.si\/racunalniskatrgovina\/wp-json\/wp\/v2\/types\/product"}],"version-history":[{"count":3,"href":"https:\/\/pracek.si\/racunalniskatrgovina\/wp-json\/wp\/v2\/product\/99040\/revisions"}],"predecessor-version":[{"id":99868,"href":"https:\/\/pracek.si\/racunalniskatrgovina\/wp-json\/wp\/v2\/product\/99040\/revisions\/99868"}],"wp:featuredmedia":[{"embeddable":true,"href":"https:\/\/pracek.si\/racunalniskatrgovina\/wp-json\/wp\/v2\/media\/99863"}],"wp:attachment":[{"href":"https:\/\/pracek.si\/racunalniskatrgovina\/wp-json\/wp\/v2\/media?parent=99040"}],"wp:term":[{"taxonomy":"product_brand","embeddable":true,"href":"https:\/\/pracek.si\/racunalniskatrgovina\/wp-json\/wp\/v2\/product_brand?post=99040"},{"taxonomy":"product_cat","embeddable":true,"href":"https:\/\/pracek.si\/racunalniskatrgovina\/wp-json\/wp\/v2\/product_cat?post=99040"},{"taxonomy":"product_tag","embeddable":true,"href":"https:\/\/pracek.si\/racunalniskatrgovina\/wp-json\/wp\/v2\/product_tag?post=99040"}],"curies":[{"name":"wp","href":"https:\/\/api.w.org\/{rel}","templated":true}]}}