{"id":99155,"date":"2026-04-04T10:02:06","date_gmt":"2026-04-04T09:02:06","guid":{"rendered":"https:\/\/pracek.si\/racunalniskatrgovina\/izdelek\/monitor-monitor-dell-24-u2412mc-lcd-lcd\/"},"modified":"2026-04-04T10:02:11","modified_gmt":"2026-04-04T09:02:11","slug":"monitor-monitor-dell-24-u2412mc-lcd-lcd","status":"publish","type":"product","link":"https:\/\/pracek.si\/racunalniskatrgovina\/izdelek\/monitor-monitor-dell-24-u2412mc-lcd-lcd\/","title":{"rendered":"Monitor Monitor Dell 24&#8221; U2412MC LCD LCD"},"content":{"rendered":"<p>60.96 cm (24&quot;), IPS matte display, Max resolution 1920\u00d71200, response time 8 ms, VGA , DVI, DisplayPort, 4x USB 2.x 1x USB-B<h2>A Kakovost<\/h2>&#13;<br \/>\n<p>Rahli znaki obrabe. Nadpovpre\u010dna kvaliteta. Ohi\u0161je lahko vsebuje minimalne nepravilnosti, kot je praska, ki je nevidna na razdalji 50 cm (pribli\u017eno dol\u017eina roke) ali ve\u010d. Zasloni so v delujo\u010dem stanju brezhibni.<\/p>&#13;<\/p>\n","protected":false},"excerpt":{"rendered":"<p>60.96 cm (24&#8243;), IPS matte display, Max resolution 1920&#215;1200, response time 8 ms, VGA , DVI, DisplayPort, 4x USB 2.x 1x USB-B<\/p>\n","protected":false},"featured_media":99157,"template":"","meta":[],"product_brand":[21],"product_cat":[1836,1149],"product_tag":[1811],"class_list":{"0":"post-99155","1":"product","2":"type-product","3":"status-publish","4":"has-post-thumbnail","6":"product_brand-dell","7":"product_cat-izpostavljeno","8":"product_cat-monitorji","9":"product_tag-pp","10":"pa_odgovorna-oseba-v-eu-dell-tehnicna-regulativna-ekipa","12":"first","13":"instock","14":"taxable","15":"shipping-taxable","16":"purchasable","17":"product-type-simple"},"_links":{"self":[{"href":"https:\/\/pracek.si\/racunalniskatrgovina\/wp-json\/wp\/v2\/product\/99155","targetHints":{"allow":["GET"]}}],"collection":[{"href":"https:\/\/pracek.si\/racunalniskatrgovina\/wp-json\/wp\/v2\/product"}],"about":[{"href":"https:\/\/pracek.si\/racunalniskatrgovina\/wp-json\/wp\/v2\/types\/product"}],"version-history":[{"count":1,"href":"https:\/\/pracek.si\/racunalniskatrgovina\/wp-json\/wp\/v2\/product\/99155\/revisions"}],"predecessor-version":[{"id":99156,"href":"https:\/\/pracek.si\/racunalniskatrgovina\/wp-json\/wp\/v2\/product\/99155\/revisions\/99156"}],"wp:featuredmedia":[{"embeddable":true,"href":"https:\/\/pracek.si\/racunalniskatrgovina\/wp-json\/wp\/v2\/media\/99157"}],"wp:attachment":[{"href":"https:\/\/pracek.si\/racunalniskatrgovina\/wp-json\/wp\/v2\/media?parent=99155"}],"wp:term":[{"taxonomy":"product_brand","embeddable":true,"href":"https:\/\/pracek.si\/racunalniskatrgovina\/wp-json\/wp\/v2\/product_brand?post=99155"},{"taxonomy":"product_cat","embeddable":true,"href":"https:\/\/pracek.si\/racunalniskatrgovina\/wp-json\/wp\/v2\/product_cat?post=99155"},{"taxonomy":"product_tag","embeddable":true,"href":"https:\/\/pracek.si\/racunalniskatrgovina\/wp-json\/wp\/v2\/product_tag?post=99155"}],"curies":[{"name":"wp","href":"https:\/\/api.w.org\/{rel}","templated":true}]}}