{"id":99167,"date":"2026-04-04T10:02:13","date_gmt":"2026-04-04T09:02:13","guid":{"rendered":"https:\/\/pracek.si\/racunalniskatrgovina\/izdelek\/monitor-dell-24-u2412mc-lcd\/"},"modified":"2026-04-04T10:02:15","modified_gmt":"2026-04-04T09:02:15","slug":"monitor-dell-24-u2412mc-lcd","status":"publish","type":"product","link":"https:\/\/pracek.si\/racunalniskatrgovina\/izdelek\/monitor-dell-24-u2412mc-lcd\/","title":{"rendered":"Monitor Dell 24&#8221; U2412MC LCD"},"content":{"rendered":"<p>60.96 cm (24&quot;), IPS matte display, Max resolution 1920\u00d71200, response time 8 ms, VGA , DVI, DisplayPort, 4x USB 2.x 1x USB-B<h2>A- Kakovost<\/h2>&#13;<br \/>\n<p>Znaki obrabe. Najbolj\u0161e razmerje med kvaliteto in ceno. Ohi\u0161je lahko vsebuje manj\u0161e nepravilnosti, kot so vidne praske, ki pa ne vplivajo na delovanje naprave. Zasloni imajo lahko rahle nepravilnosti, ki so nekoliko opazne, vendar ne motijo uporabni\u0161ke izku\u0161nje.<\/p><\/p>\n","protected":false},"excerpt":{"rendered":"<p>60.96 cm (24&#8243;), IPS matte display, Max resolution 1920&#215;1200, response time 8 ms, VGA , DVI, DisplayPort, 4x USB 2.x 1x USB-B<\/p>\n","protected":false},"featured_media":99169,"template":"","meta":[],"product_brand":[21],"product_cat":[1836,1149],"product_tag":[1811],"class_list":{"0":"post-99167","1":"product","2":"type-product","3":"status-publish","4":"has-post-thumbnail","6":"product_brand-dell","7":"product_cat-izpostavljeno","8":"product_cat-monitorji","9":"product_tag-pp","10":"pa_odgovorna-oseba-v-eu-dell-tehnicna-regulativna-ekipa","12":"first","13":"instock","14":"taxable","15":"shipping-taxable","16":"purchasable","17":"product-type-simple"},"_links":{"self":[{"href":"https:\/\/pracek.si\/racunalniskatrgovina\/wp-json\/wp\/v2\/product\/99167","targetHints":{"allow":["GET"]}}],"collection":[{"href":"https:\/\/pracek.si\/racunalniskatrgovina\/wp-json\/wp\/v2\/product"}],"about":[{"href":"https:\/\/pracek.si\/racunalniskatrgovina\/wp-json\/wp\/v2\/types\/product"}],"version-history":[{"count":1,"href":"https:\/\/pracek.si\/racunalniskatrgovina\/wp-json\/wp\/v2\/product\/99167\/revisions"}],"predecessor-version":[{"id":99168,"href":"https:\/\/pracek.si\/racunalniskatrgovina\/wp-json\/wp\/v2\/product\/99167\/revisions\/99168"}],"wp:featuredmedia":[{"embeddable":true,"href":"https:\/\/pracek.si\/racunalniskatrgovina\/wp-json\/wp\/v2\/media\/99169"}],"wp:attachment":[{"href":"https:\/\/pracek.si\/racunalniskatrgovina\/wp-json\/wp\/v2\/media?parent=99167"}],"wp:term":[{"taxonomy":"product_brand","embeddable":true,"href":"https:\/\/pracek.si\/racunalniskatrgovina\/wp-json\/wp\/v2\/product_brand?post=99167"},{"taxonomy":"product_cat","embeddable":true,"href":"https:\/\/pracek.si\/racunalniskatrgovina\/wp-json\/wp\/v2\/product_cat?post=99167"},{"taxonomy":"product_tag","embeddable":true,"href":"https:\/\/pracek.si\/racunalniskatrgovina\/wp-json\/wp\/v2\/product_tag?post=99167"}],"curies":[{"name":"wp","href":"https:\/\/api.w.org\/{rel}","templated":true}]}}