{"id":99193,"date":"2026-04-04T10:02:19","date_gmt":"2026-04-04T09:02:19","guid":{"rendered":"https:\/\/pracek.si\/racunalniskatrgovina\/izdelek\/monitor-dell-p2414h\/"},"modified":"2026-04-04T10:02:22","modified_gmt":"2026-04-04T09:02:22","slug":"monitor-dell-p2414h","status":"publish","type":"product","link":"https:\/\/pracek.si\/racunalniskatrgovina\/izdelek\/monitor-dell-p2414h\/","title":{"rendered":"Monitor DELL P2414H"},"content":{"rendered":"<p>60,5 cm (23,8\u2033), 1920 x 1080, 5 ms, HDMi, DisplayPort, VGA, USB-A 3.0, s: 1000:1 \/ d: , 250 cd\/m2, 178\u00b0\/178\u00b0<h2>A- Kakovost<\/h2>&#13;<br \/>\n<p>Znaki obrabe. Najbolj\u0161e razmerje med kvaliteto in ceno. Ohi\u0161je lahko vsebuje manj\u0161e nepravilnosti, kot so vidne praske, ki pa ne vplivajo na delovanje naprave. Zasloni imajo lahko rahle nepravilnosti, ki so nekoliko opazne, vendar ne motijo uporabni\u0161ke izku\u0161nje.<\/p><\/p>\n","protected":false},"excerpt":{"rendered":"<p>60,5 cm (23,8\u2033), 1920 x 1080, 5 ms, DisplayPort, VGA, USB-A 3.0, s: 1000:1 \/ d: , 250 cd\/m2, 178\u00b0\/178\u00b0<\/p>\n","protected":false},"featured_media":99195,"template":"","meta":[],"product_brand":[21],"product_cat":[1836,1149],"product_tag":[1811],"class_list":{"0":"post-99193","1":"product","2":"type-product","3":"status-publish","4":"has-post-thumbnail","6":"product_brand-dell","7":"product_cat-izpostavljeno","8":"product_cat-monitorji","9":"product_tag-pp","10":"pa_odgovorna-oseba-v-eu-dell-tehnicna-regulativna-ekipa","12":"first","13":"instock","14":"taxable","15":"shipping-taxable","16":"purchasable","17":"product-type-simple"},"_links":{"self":[{"href":"https:\/\/pracek.si\/racunalniskatrgovina\/wp-json\/wp\/v2\/product\/99193","targetHints":{"allow":["GET"]}}],"collection":[{"href":"https:\/\/pracek.si\/racunalniskatrgovina\/wp-json\/wp\/v2\/product"}],"about":[{"href":"https:\/\/pracek.si\/racunalniskatrgovina\/wp-json\/wp\/v2\/types\/product"}],"version-history":[{"count":1,"href":"https:\/\/pracek.si\/racunalniskatrgovina\/wp-json\/wp\/v2\/product\/99193\/revisions"}],"predecessor-version":[{"id":99194,"href":"https:\/\/pracek.si\/racunalniskatrgovina\/wp-json\/wp\/v2\/product\/99193\/revisions\/99194"}],"wp:featuredmedia":[{"embeddable":true,"href":"https:\/\/pracek.si\/racunalniskatrgovina\/wp-json\/wp\/v2\/media\/99195"}],"wp:attachment":[{"href":"https:\/\/pracek.si\/racunalniskatrgovina\/wp-json\/wp\/v2\/media?parent=99193"}],"wp:term":[{"taxonomy":"product_brand","embeddable":true,"href":"https:\/\/pracek.si\/racunalniskatrgovina\/wp-json\/wp\/v2\/product_brand?post=99193"},{"taxonomy":"product_cat","embeddable":true,"href":"https:\/\/pracek.si\/racunalniskatrgovina\/wp-json\/wp\/v2\/product_cat?post=99193"},{"taxonomy":"product_tag","embeddable":true,"href":"https:\/\/pracek.si\/racunalniskatrgovina\/wp-json\/wp\/v2\/product_tag?post=99193"}],"curies":[{"name":"wp","href":"https:\/\/api.w.org\/{rel}","templated":true}]}}