{"id":99253,"date":"2026-04-04T10:04:39","date_gmt":"2026-04-04T09:04:39","guid":{"rendered":"https:\/\/pracek.si\/racunalniskatrgovina\/izdelek\/prenosnik-asus-chromebook-cx1500cka-ej0161-intel-pentium-ram-4-gb-156%e2%80%b3-fhd\/"},"modified":"2026-04-04T10:04:40","modified_gmt":"2026-04-04T09:04:40","slug":"prenosnik-asus-chromebook-cx1500cka-ej0161-intel-pentium-ram-4-gb-156%e2%80%b3-fhd","status":"publish","type":"product","link":"https:\/\/pracek.si\/racunalniskatrgovina\/izdelek\/prenosnik-asus-chromebook-cx1500cka-ej0161-intel-pentium-ram-4-gb-156%e2%80%b3-fhd\/","title":{"rendered":"Prenosnik ASUS ChromeBook CX1500CKA-EJ0161 \/ Intel\u00ae Pentium\u00ae \/ RAM 4 GB \/ 15,6\u2033 FHD"},"content":{"rendered":"<p>ASUS ChromeBook CX1500CKA-EJ0161 prina\u0161a odli\u010dno kombinacijo zmogljivosti, prenosljivosti in uporabnosti. Ta prenosnik z diagonalo zaslona 15,6 palca z matiranim premazom omogo\u010da maksimalno izku\u0161njo gledanja brez mote\u010dega ble\u0161\u010danja. Vse, kar potrebujete za delo ali zabavo, je na dosegu roke, zahvaljujo\u010d intuitivni zasnovi in u\u010dinkoviti zmogljivosti.<\/p>\n<p>&lt;H2&gt;Najve\u010dje prednosti&lt;\/H2&gt;<br \/>\n&lt;ul&gt;<br \/>\n  &lt;li&gt;&lt;b&gt;Velik zaslon&lt;\/b&gt;: 15,6-pal\u010dni FHD zaslon z mat premazom za optimalno gledanje&lt;\/li&gt;<br \/>\n  &lt;li&gt;&lt;b&gt;Priklju\u010dki&lt;\/b&gt;: Razli\u010dne mo\u017enosti povezovanja z USB-C, dvema USB priklju\u010dkoma in bralcem kartic&lt;\/li&gt;<br \/>\n  &lt;li&gt;&lt;b&gt;Prena\u0161anje in povezovanje&lt;\/b&gt;: Vgrajen bluetooth omogo\u010da hitro povezovanje z drugimi napravami&lt;\/li&gt;<br \/>\n&lt;\/ul&gt;<\/p>\n<p>&lt;H2&gt;Kdo kupuje ta izdelek&lt;\/H2&gt;<br \/>\nASUS ChromeBook je idealna izbira za \u0161tudente, ki potrebujejo zanesljivost in u\u010dinkovitost pri delu na projektih ali udele\u017ebi na spletnih predavanjih. Primeren je tudi za uporabnike, ki potrebujejo prenosnik za doma\u010do uporabo, brskanje po spletu ter u\u017eivanje ob multimedijskih vsebinah.<\/p>\n<p>&lt;H2&gt;Mo\u017enosti nadgradnje&lt;\/H2&gt;<br \/>\nPrenosnik omogo\u010da \u0161iritev kapacitete diska in pomnilnika, kar vam daje fleksibilnost pri uporabi zahtevnej\u0161e programske opreme ali shranjevanju ve\u010djih koli\u010din podatkov. &lt;b&gt;Pred izvedbo nadgradnje se vedno posvetujte s strokovnjakom.&lt;\/b&gt;<\/p>\n<p>&lt;H2&gt;Zakaj izbrati obnovljeno napravo&lt;\/H2&gt;<br \/>\nIzbira obnovljenega ASUS ChromeBooka prina\u0161a \u0161tevilne prednosti. S pomo\u010djo strokovne storitve obnove vsaka naprava prestane temeljit pregled in se oceni po standardiziranem sistemu kakovosti, kar zagotavlja brezhibno delovanje. Ob nakupu obnovljenega prenosnika ne le var\u010dujete, ampak tudi podpirate trajnostno potro\u0161njo, saj s tem dajete napravi novo \u017eivljenje.<\/p>\n<p>ASUS ChromeBook CX1500CKA-EJ0161 je prenosnik, ki zdru\u017euje zanesljivost in sodobne funkcionalnosti v privla\u010dni obliki. Primeren je za \u0161irok spekter uporabnikov in s tem zagotavlja odli\u010dno razmerje med ceno in uporabnostjo.&lt;h2&gt;Odprta embala\u017ea&lt;\/h2&gt;&#13;<br \/>\n&lt;p&gt;Skoraj nobenih znakov obrabe. Tovarni\u0161ka kvaliteta. V ve\u010dini primerov gre za prese\u017eek proizvodnje in neprodane zaloge, pri katerih razlike v primerjavi z novimi napravami niso opazne.&lt;\/p&gt;&#13;<\/p>\n","protected":false},"excerpt":{"rendered":"<p>Intel\u00ae Pentium\u00ae Silver N6000 1.1 GHz \/ Turboboost 3.3 GHz, 4 GB LPDDR4, 128 GB Onboard, 39,6 cm (15,6\u2033), Matiran (AntiGlare, matt), FHD \/ 1920 x 1080, Intel UHD Graphics, USB-C, 2x USB, Card reader, bluetooth, Chrome OS<\/p>\n","protected":false},"featured_media":99255,"template":"","meta":[],"product_brand":[35],"product_cat":[1315,1204,1301,1964,1958,1286],"product_tag":[1811],"class_list":{"0":"post-99253","1":"product","2":"type-product","3":"status-publish","4":"has-post-thumbnail","6":"product_brand-asus","7":"product_cat-asus-prenosniki","8":"product_cat-prenosniki","9":"product_cat-prenosniki-15-palcni","10":"product_cat-prenosniki-ultrabook","11":"product_cat-prenosniki-za-domaco-uporabo","12":"product_cat-priljubljena-iskanja","13":"product_tag-pp","14":"pa_odgovorna-oseba-v-eu-asus-tehnicna-regulativna-ekipa","16":"first","17":"instock","18":"taxable","19":"shipping-taxable","20":"purchasable","21":"product-type-simple"},"_links":{"self":[{"href":"https:\/\/pracek.si\/racunalniskatrgovina\/wp-json\/wp\/v2\/product\/99253","targetHints":{"allow":["GET"]}}],"collection":[{"href":"https:\/\/pracek.si\/racunalniskatrgovina\/wp-json\/wp\/v2\/product"}],"about":[{"href":"https:\/\/pracek.si\/racunalniskatrgovina\/wp-json\/wp\/v2\/types\/product"}],"version-history":[{"count":1,"href":"https:\/\/pracek.si\/racunalniskatrgovina\/wp-json\/wp\/v2\/product\/99253\/revisions"}],"predecessor-version":[{"id":99254,"href":"https:\/\/pracek.si\/racunalniskatrgovina\/wp-json\/wp\/v2\/product\/99253\/revisions\/99254"}],"wp:featuredmedia":[{"embeddable":true,"href":"https:\/\/pracek.si\/racunalniskatrgovina\/wp-json\/wp\/v2\/media\/99255"}],"wp:attachment":[{"href":"https:\/\/pracek.si\/racunalniskatrgovina\/wp-json\/wp\/v2\/media?parent=99253"}],"wp:term":[{"taxonomy":"product_brand","embeddable":true,"href":"https:\/\/pracek.si\/racunalniskatrgovina\/wp-json\/wp\/v2\/product_brand?post=99253"},{"taxonomy":"product_cat","embeddable":true,"href":"https:\/\/pracek.si\/racunalniskatrgovina\/wp-json\/wp\/v2\/product_cat?post=99253"},{"taxonomy":"product_tag","embeddable":true,"href":"https:\/\/pracek.si\/racunalniskatrgovina\/wp-json\/wp\/v2\/product_tag?post=99253"}],"curies":[{"name":"wp","href":"https:\/\/api.w.org\/{rel}","templated":true}]}}