{"id":99257,"date":"2026-04-04T10:04:39","date_gmt":"2026-04-04T09:04:39","guid":{"rendered":"https:\/\/pracek.si\/racunalniskatrgovina\/izdelek\/racunalnik-hp-proone-440-g9-nt-aio-i5-14500t-i5-ram-16-gb-ssd-disk\/"},"modified":"2026-04-04T10:04:46","modified_gmt":"2026-04-04T09:04:46","slug":"racunalnik-hp-proone-440-g9-nt-aio-i5-14500t-i5-ram-16-gb-ssd-disk","status":"publish","type":"product","link":"https:\/\/pracek.si\/racunalniskatrgovina\/izdelek\/racunalnik-hp-proone-440-g9-nt-aio-i5-14500t-i5-ram-16-gb-ssd-disk\/","title":{"rendered":"Ra\u010dunalnik HP ProOne 440 G9 NT AiO  | i5-14500T \/ i5 \/ RAM 16 GB \/ SSD Disk"},"content":{"rendered":"<p>Ra\u010dunalnik HP ProOne 440 G9 NT AiO je izjemna re\u0161itev za tiste, ki potrebujejo zmogljivo in zanesljivo napravo v kompaktni obliki. S svojim elegantnim in funkcionalnim 23,8-pal\u010dnim FHD zaslonom ponuja odli\u010dne vizualne izku\u0161nje, ki so hkrati tudi prijetne za o\u010di. Z vgrajeno tehnologijo proti ble\u0161\u010danju je primeren za dolgotrajno uporabo tako v pisarni kot doma.<\/p>\n<p>&lt;H2&gt;Najve\u010dje prednosti&lt;\/H2&gt;<br \/>\n&lt;ul&gt;<br \/>\n  &lt;li&gt;&lt;b&gt;Kompaktna oblika&lt;\/b&gt;: Vse v enem dizajnu, ki zagotavlja prihranek prostora.&lt;\/li&gt;<br \/>\n  &lt;li&gt;&lt;b&gt;Hiter SSD disk&lt;\/b&gt; s povezljivostjo NVMe za izjemno hitrost delovanja.&lt;\/li&gt;<br \/>\n  &lt;li&gt;&lt;b&gt;\u0160iroka povezljivost&lt;\/b&gt;: Opremljen z razli\u010dnimi USB vhodi, HDMI in DisplayPort priklju\u010dkom za maksimalno prilagodljivost.&lt;\/li&gt;<br \/>\n  &lt;li&gt;&lt;b&gt;Vgrajena kamera&lt;\/b&gt; in brez\u017ei\u010dna povezava (Wi-Fi, Bluetooth) za nemoteno komunikacijo.&lt;\/li&gt;<br \/>\n&lt;\/ul&gt;<\/p>\n<p>&lt;H2&gt;Kdo kupuje ta izdelek&lt;\/H2&gt;<br \/>\nTa ra\u010dunalnik je idealna izbira za poslovne\u017ee, ustvarjalce vsebin in \u0161tudente, ki potrebujejo zanesljivo napravo z odli\u010dnim delovanjem. Primeren je za profesionalce, ki i\u0161\u010dejo zmogljivost, in za doma\u010do uporabo, kjer je potrebna u\u010dinkovitost in enostavno upravljanje.<\/p>\n<p>&lt;H2&gt;Mo\u017enosti nadgradnje&lt;\/H2&gt;<br \/>\nRa\u010dunalnik omogo\u010da nadaljnje pove\u010danje kapacitet z dodatnim prostim M.2 slotom za raz\u0161iritev diskovne pomnilni\u0161ke enote. Prav tako je mo\u017ena nadgradnja pomnilnika za izbolj\u0161anje zmogljivosti. &lt;b&gt;Pred izvedbo nadgradnje se vedno posvetujte s strokovnjakom.&lt;\/b&gt;<\/p>\n<p>&lt;H2&gt;Zakaj izbrati obnovljeno napravo&lt;\/H2&gt;<br \/>\nIzbira obnovljenega ra\u010dunalnika prina\u0161a \u0161tevilne prednosti. Tako pridobite visoko kakovostno napravo, ki je natan\u010dno pregledana in obnovljena s strani strokovnjakov. Standardiziran sistem kakovostnih ocen zagotavlja, da izpolnjuje vse potrebne standarde zmogljivosti in zanesljivosti. Obenem prispevate k trajnosti in zmanj\u0161anju elektronskih odpadkov s pametno in odgovorno odlo\u010ditvijo.&lt;h2&gt;Odprta embala\u017ea&lt;\/h2&gt;&#13;<br \/>\n&lt;p&gt;Skoraj nobenih znakov obrabe. Tovarni\u0161ka kvaliteta. V ve\u010dini primerov gre za prese\u017eek proizvodnje in neprodane zaloge, pri katerih razlike v primerjavi z novimi napravami niso opazne.&lt;\/p&gt;&#13;<\/p>\n","protected":false},"excerpt":{"rendered":"<p>Intel Core i5-14500T (1,7 GHz), 60,45 cm (23,8&#8221;) FHD (1920&#215;1080) AG LED 60 Hz, 16 GB DDR5-4800, SSD 512 GB M.2 PCIe NVMe (+1 free M.2 slot), Intel\u00ae UHD Graphics 770 (IGP), 1x DisplayPort, 1x HDMI, no ODD, 3x USB-A 3.2 Gen2 (10Gbps), 1x USB-C 3.2 (10Gbps), 2x USB-A 3.2 Gen1 (5Gbps), Wi-Fi 6, Bluetooth 5.3, Gb LAN, Webcam, Microsoft Windows 11 Pro (64-bit)<\/p>\n","protected":false},"featured_media":99259,"template":"","meta":[],"product_brand":[26],"product_cat":[1287,1286,1218,1288,1961],"product_tag":[1811],"class_list":{"0":"post-99257","1":"product","2":"type-product","3":"status-publish","4":"has-post-thumbnail","6":"product_brand-hewlett-packard","7":"product_cat-hp-racunalniki","8":"product_cat-priljubljena-iskanja","9":"product_cat-racunalniki","10":"product_cat-racunalniki-i7","11":"product_cat-racunalniki-za-poslovno-uporabo","12":"product_tag-pp","13":"pa_odgovorna-oseba-v-eu-hp-reg-23010","15":"first","16":"instock","17":"taxable","18":"shipping-taxable","19":"purchasable","20":"product-type-simple"},"_links":{"self":[{"href":"https:\/\/pracek.si\/racunalniskatrgovina\/wp-json\/wp\/v2\/product\/99257","targetHints":{"allow":["GET"]}}],"collection":[{"href":"https:\/\/pracek.si\/racunalniskatrgovina\/wp-json\/wp\/v2\/product"}],"about":[{"href":"https:\/\/pracek.si\/racunalniskatrgovina\/wp-json\/wp\/v2\/types\/product"}],"version-history":[{"count":1,"href":"https:\/\/pracek.si\/racunalniskatrgovina\/wp-json\/wp\/v2\/product\/99257\/revisions"}],"predecessor-version":[{"id":99258,"href":"https:\/\/pracek.si\/racunalniskatrgovina\/wp-json\/wp\/v2\/product\/99257\/revisions\/99258"}],"wp:featuredmedia":[{"embeddable":true,"href":"https:\/\/pracek.si\/racunalniskatrgovina\/wp-json\/wp\/v2\/media\/99259"}],"wp:attachment":[{"href":"https:\/\/pracek.si\/racunalniskatrgovina\/wp-json\/wp\/v2\/media?parent=99257"}],"wp:term":[{"taxonomy":"product_brand","embeddable":true,"href":"https:\/\/pracek.si\/racunalniskatrgovina\/wp-json\/wp\/v2\/product_brand?post=99257"},{"taxonomy":"product_cat","embeddable":true,"href":"https:\/\/pracek.si\/racunalniskatrgovina\/wp-json\/wp\/v2\/product_cat?post=99257"},{"taxonomy":"product_tag","embeddable":true,"href":"https:\/\/pracek.si\/racunalniskatrgovina\/wp-json\/wp\/v2\/product_tag?post=99257"}],"curies":[{"name":"wp","href":"https:\/\/api.w.org\/{rel}","templated":true}]}}