{"id":99270,"date":"2026-04-04T10:04:48","date_gmt":"2026-04-04T09:04:48","guid":{"rendered":"https:\/\/pracek.si\/racunalniskatrgovina\/izdelek\/racunalnik-hp-proone-245-g10-aio-r7-7730u-win-11-pro-amd-ryzen-7-ram-8-gb-ssd-disk\/"},"modified":"2026-04-04T10:04:51","modified_gmt":"2026-04-04T09:04:51","slug":"racunalnik-hp-proone-245-g10-aio-r7-7730u-win-10-pro-amd-ryzen-7-ram-8-gb-ssd-disk","status":"publish","type":"product","link":"https:\/\/pracek.si\/racunalniskatrgovina\/izdelek\/racunalnik-hp-proone-245-g10-aio-r7-7730u-win-10-pro-amd-ryzen-7-ram-8-gb-ssd-disk\/","title":{"rendered":"Ra\u010dunalnik HP ProOne 245 G10 AiO | R7-7730U | Win 10 Pro \/ AMD Ryzen\u2122 7 \/ RAM 8 GB \/ SSD Disk"},"content":{"rendered":"<p>Izkusite brez\u010dasen dizajn, ki se s svojo eleganco poda v vsako delovno okolje. Ra\u010dunalnik HP ProOne 245 G10 AiO je idealen partner za pisarno, ponuja vse, kar potrebujete za u\u010dinkovitost in zmogljivost v enem samem napravnem sklopu.<\/p>\n<p><H2>Najve\u010dje prednosti<\/H2><br \/>\n<b>Kompleten ra\u010dunalni\u0161ki sistem<\/b> \u2013 Vse-v-enem oblika izbolj\u0161a estetiko delovnega prostora.<br \/>\n<b>Prostoren zaslon<\/b> \u2013 S 23,8-pal\u010dnim zaslonom FHD prikazuje slike z osupljivimi podrobnostmi.<br \/>\n<ul><br \/>\n  <li><b>Hitra odzivnost<\/b> \u2013 Z zanesljivim procesorjem dru\u017eine Ryzen zagotavlja teko\u010de izvajanje nalog.<\/li><br \/>\n  <li><b>Povezljivost na dosegu roke<\/b> \u2013 Vmesniki USB-C in USB-A omogo\u010dajo hitro povezovanje dodatne opreme.<\/li><br \/>\n  <li><b>Vsestranska grafika<\/b> \u2013 Integrirana grafi\u010dna kartica ponuja kakovostno vizualno izku\u0161njo.<\/li><br \/>\n  <li><b>Zanesljivo delovanje<\/b> \u2013 SSD z NVMe tehnologijo zagotavlja hiter dostop do podatkov.<\/li><br \/>\n<\/ul><\/p>\n<p><H2>Kdo kupuje ta izdelek<\/H2><br \/>\nRa\u010dunalnik HP ProOne 245 G10 AiO je idealen za profesionalce, podjetnike in vse, ki i\u0161\u010dejo robustno delovno postajo. Njegova oblikovna zasnova in zmogljivosti so kot nala\u0161\u010d za pisarni\u0161ka okolja, kjer sta prostor in u\u010dinkovitost klju\u010dni.<\/p>\n<p><H2>Mo\u017enosti nadgradnje<\/H2><br \/>\nHP ProOne 245 G10 AiO omogo\u010da nadgradnjo diska in pomnilnika, kar omogo\u010da prilagoditev glede na rasto\u010de potrebe po zmogljivosti. <b>Pred izvedbo nadgradnje se vedno posvetujte s strokovnjakom.<\/b><\/p>\n<p><H2>Zakaj izbrati obnovljeno napravo<\/H2><br \/>\nIzbira obnovljene naprave prina\u0161a tako ekolo\u0161ke kot ekonomi\u010dne koristi. Te naprave so bile strokovno obnovljene, s preverjanjem kakovosti, ki ustreza strogim standardom. To zagotavlja tudi zanesljivost in dolgo \u017eivljenjsko dobo naprave, hkrati pa zmanj\u0161uje vpliv na okolje. Obnovljena naprava je tudi odli\u010den na\u010din, da dobite vrhunsko tehnologijo po bolj dostopni ceni. Pridru\u017eite se tistim, ki izberejo pametno in odgovorno.<h2>Odprta embala\u017ea<\/h2>&#13;<br \/>\n<p>Skoraj nobenih znakov obrabe. Tovarni\u0161ka kvaliteta. V ve\u010dini primerov gre za prese\u017eek proizvodnje in neprodane zaloge, pri katerih razlike v primerjavi z novimi napravami niso opazne.<\/p>&#13;<\/p>\n","protected":false},"excerpt":{"rendered":"<p>AMD Ryzen 7 7730U (2,0 GHz), 60,5 cm (23,8&#8221;) FHD (1920&#215;1080) AG LED, 8 GB DDR4-3200, SSD 512 GB M.2 PCIe NVMe, AMD Radeon Graphics (IGP), HDMI, 1x USB-C Gen1 (5Gbps), 2x USB-A 3.2 Gen1 (5Gbps), 2x USB-A 2.0, Wi-Fi, Bluetooth, Webcam, Wired Kbd., Microsoft Windows 10 Pro (64-bit)<\/p>\n","protected":false},"featured_media":99272,"template":"","meta":[],"product_brand":[26],"product_cat":[1287,1286,1218,1961],"product_tag":[1811],"class_list":{"0":"post-99270","1":"product","2":"type-product","3":"status-publish","4":"has-post-thumbnail","6":"product_brand-hewlett-packard","7":"product_cat-hp-racunalniki","8":"product_cat-priljubljena-iskanja","9":"product_cat-racunalniki","10":"product_cat-racunalniki-za-poslovno-uporabo","11":"product_tag-pp","12":"pa_odgovorna-oseba-v-eu-hp-reg-23010","14":"first","15":"instock","16":"taxable","17":"shipping-taxable","18":"purchasable","19":"product-type-simple"},"_links":{"self":[{"href":"https:\/\/pracek.si\/racunalniskatrgovina\/wp-json\/wp\/v2\/product\/99270","targetHints":{"allow":["GET"]}}],"collection":[{"href":"https:\/\/pracek.si\/racunalniskatrgovina\/wp-json\/wp\/v2\/product"}],"about":[{"href":"https:\/\/pracek.si\/racunalniskatrgovina\/wp-json\/wp\/v2\/types\/product"}],"version-history":[{"count":2,"href":"https:\/\/pracek.si\/racunalniskatrgovina\/wp-json\/wp\/v2\/product\/99270\/revisions"}],"predecessor-version":[{"id":99793,"href":"https:\/\/pracek.si\/racunalniskatrgovina\/wp-json\/wp\/v2\/product\/99270\/revisions\/99793"}],"wp:featuredmedia":[{"embeddable":true,"href":"https:\/\/pracek.si\/racunalniskatrgovina\/wp-json\/wp\/v2\/media\/99272"}],"wp:attachment":[{"href":"https:\/\/pracek.si\/racunalniskatrgovina\/wp-json\/wp\/v2\/media?parent=99270"}],"wp:term":[{"taxonomy":"product_brand","embeddable":true,"href":"https:\/\/pracek.si\/racunalniskatrgovina\/wp-json\/wp\/v2\/product_brand?post=99270"},{"taxonomy":"product_cat","embeddable":true,"href":"https:\/\/pracek.si\/racunalniskatrgovina\/wp-json\/wp\/v2\/product_cat?post=99270"},{"taxonomy":"product_tag","embeddable":true,"href":"https:\/\/pracek.si\/racunalniskatrgovina\/wp-json\/wp\/v2\/product_tag?post=99270"}],"curies":[{"name":"wp","href":"https:\/\/api.w.org\/{rel}","templated":true}]}}