{"id":99385,"date":"2026-04-04T10:14:27","date_gmt":"2026-04-04T09:14:27","guid":{"rendered":"https:\/\/pracek.si\/racunalniskatrgovina\/izdelek\/racunalnik-hp-proone-240-g10-aio-i5-1334u-win10-pro-i5-ram-16-gb-ssd-disk\/"},"modified":"2026-04-04T10:14:32","modified_gmt":"2026-04-04T09:14:32","slug":"racunalnik-hp-proone-240-g10-aio-i5-1334u-win10-pro-i5-ram-16-gb-ssd-disk","status":"publish","type":"product","link":"https:\/\/pracek.si\/racunalniskatrgovina\/izdelek\/racunalnik-hp-proone-240-g10-aio-i5-1334u-win10-pro-i5-ram-16-gb-ssd-disk\/","title":{"rendered":"Ra\u010dunalnik HP ProOne 240 G10 AiO | i5-1334U | Win10 Pro \/ i5 \/ RAM 16 GB \/ SSD Disk"},"content":{"rendered":"<p>HP ProOne 240 G10 AiO je elegantna in zmogljiva naprava za va\u0161o pisarno ali dom. Omogo\u010da vam, da se zanesljivo spopadate z vsakodnevnimi nalogami in procesi. Z zaslonom velikosti 23,8 palcev in polno HD kakovostjo prina\u0161a jasnost in udobje.<\/p>\n<p>&lt;H2&gt;Najve\u010dje prednosti&lt;\/H2&gt;<br \/>\nRa\u010dunalnik HP ProOne 240 G10 AiO izstopa po svoji vse-v-enem zasnovi, ki prihrani prostor, a ne na ra\u010dun zmogljivosti. \u010ce i\u0161\u010dete napravo z vsemi potrebnimi povezavami, ta model nudi:<br \/>\n&lt;ul&gt;<br \/>\n&lt;li&gt;&lt;b&gt;Visoka hitrost prenosa podatkov&lt;\/b&gt;: PCIe NVMe SSD disk omogo\u010da izjemno hitro delovanje sistema in hitro shranjevanje datotek.&lt;\/li&gt;<br \/>\n&lt;li&gt;&lt;b&gt;Odli\u010dna grafika&lt;\/b&gt;: Izku\u0161nje so izpopolnjene z Intel Iris Xe grafiko, ki zagotavlja zanesljivo vizualno zmogljivost.&lt;\/li&gt;<br \/>\n&lt;li&gt;&lt;b&gt;Povezljivost&lt;\/b&gt;: Vgrajeni Wi-Fi 6 in Bluetooth 5.3 za sodobno povezovanje.&lt;\/li&gt;<br \/>\n&lt;li&gt;&lt;b&gt;Prilagodljivost&lt;\/b&gt;: Vklju\u010duje ve\u010d USB priklju\u010dkov, vklju\u010dno z USB-C 3.2 za hitro povezljivost.&lt;\/li&gt;<br \/>\n&lt;\/ul&gt;<\/p>\n<p>&lt;H2&gt;Kdo kupuje ta izdelek&lt;\/H2&gt;<br \/>\nTa ra\u010dunalnik je idealen za profesionalce, ki potrebujejo zanesljivo in u\u010dinkovito platformo za delo. Njegova zasnova je prav tako privla\u010dna za doma\u010de uporabnike, ki i\u0161\u010dejo vsestransko in zmogljivo napravo za doma\u010do pisarno ali vsakodnevno uporabo.<\/p>\n<p>&lt;H2&gt;Mo\u017enosti nadgradnje&lt;\/H2&gt;<br \/>\nHP ProOne 240 G10 AiO omogo\u010da nadgradnjo diskovnega in pomnilni\u0161kega prostora, kar zagotavlja dodatno fleksibilnost pri prilagajanju va\u0161im specifi\u010dnim potrebam. Pred izvedbo nadgradnje se vedno posvetujte s strokovnjakom.<\/p>\n<p>&lt;H2&gt;Zakaj izbrati obnovljeno napravo&lt;\/H2&gt;<br \/>\nIzbira obnovljene naprave prina\u0161a \u0161tevilne koristi. Pridobivate izdelek, ki je bil predmet strokovne obnove, kar zagotavlja, da ustreza strogo standardiziranim kakovostnim ocenam. Poleg tega je to prijazna izbira za okolje, saj prispeva k zmanj\u0161anju elektronskih odpadkov. Obnovljene naprave pogosto ponujajo vrhunsko kakovost po dostopnej\u0161i ceni, kar jih postavlja kot pametno izbiro.&lt;h2&gt;Odprta embala\u017ea&lt;\/h2&gt;&#13;<br \/>\n&lt;p&gt;Skoraj nobenih znakov obrabe. Tovarni\u0161ka kvaliteta. V ve\u010dini primerov gre za prese\u017eek proizvodnje in neprodane zaloge, pri katerih razlike v primerjavi z novimi napravami niso opazne.&lt;\/p&gt;&#13;<\/p>\n","protected":false},"excerpt":{"rendered":"<p>Intel Core i5-1334U (1,3 GHz), 16\u00a0GB DDR4-3200, SSD 512\u00a0GB PCIe NVMe, Intel Iris Xe Graphics (IGP), Wi-Fi 6 (802.11ax), Bluetooth 5.3, Webcam, 60,5 cm (23,8&#8243;) FHD (1920&#215;1080) AG LED, HDMI, 1x USB-C 3.2 Gen1 (5Gbps), 2x USB-A 3.2 Gen2 (5Gbps), 2x USB-A 2.0,\u00a0Microsoft Windows 10 Pro (64-bit)<\/p>\n","protected":false},"featured_media":99387,"template":"","meta":[],"product_brand":[26],"product_cat":[1287,1286,1218,1288,1957,1961],"product_tag":[1811],"class_list":{"0":"post-99385","1":"product","2":"type-product","3":"status-publish","4":"has-post-thumbnail","6":"product_brand-hewlett-packard","7":"product_cat-hp-racunalniki","8":"product_cat-priljubljena-iskanja","9":"product_cat-racunalniki","10":"product_cat-racunalniki-i7","11":"product_cat-racunalniki-za-domaco-uporabo","12":"product_cat-racunalniki-za-poslovno-uporabo","13":"product_tag-pp","14":"pa_odgovorna-oseba-v-eu-hp-tehnicna-regulativna-ekipa","16":"first","17":"instock","18":"taxable","19":"shipping-taxable","20":"purchasable","21":"product-type-simple"},"_links":{"self":[{"href":"https:\/\/pracek.si\/racunalniskatrgovina\/wp-json\/wp\/v2\/product\/99385","targetHints":{"allow":["GET"]}}],"collection":[{"href":"https:\/\/pracek.si\/racunalniskatrgovina\/wp-json\/wp\/v2\/product"}],"about":[{"href":"https:\/\/pracek.si\/racunalniskatrgovina\/wp-json\/wp\/v2\/types\/product"}],"version-history":[{"count":1,"href":"https:\/\/pracek.si\/racunalniskatrgovina\/wp-json\/wp\/v2\/product\/99385\/revisions"}],"predecessor-version":[{"id":99386,"href":"https:\/\/pracek.si\/racunalniskatrgovina\/wp-json\/wp\/v2\/product\/99385\/revisions\/99386"}],"wp:featuredmedia":[{"embeddable":true,"href":"https:\/\/pracek.si\/racunalniskatrgovina\/wp-json\/wp\/v2\/media\/99387"}],"wp:attachment":[{"href":"https:\/\/pracek.si\/racunalniskatrgovina\/wp-json\/wp\/v2\/media?parent=99385"}],"wp:term":[{"taxonomy":"product_brand","embeddable":true,"href":"https:\/\/pracek.si\/racunalniskatrgovina\/wp-json\/wp\/v2\/product_brand?post=99385"},{"taxonomy":"product_cat","embeddable":true,"href":"https:\/\/pracek.si\/racunalniskatrgovina\/wp-json\/wp\/v2\/product_cat?post=99385"},{"taxonomy":"product_tag","embeddable":true,"href":"https:\/\/pracek.si\/racunalniskatrgovina\/wp-json\/wp\/v2\/product_tag?post=99385"}],"curies":[{"name":"wp","href":"https:\/\/api.w.org\/{rel}","templated":true}]}}