{"id":99423,"date":"2026-04-04T10:16:20","date_gmt":"2026-04-04T09:16:20","guid":{"rendered":"https:\/\/pracek.si\/racunalniskatrgovina\/izdelek\/prenosnik-hp-elitebook-x360-1040-g6-i5-ram-16-gb-ssd-disk-140%e2%80%b3-fhd-2\/"},"modified":"2026-04-04T10:16:21","modified_gmt":"2026-04-04T09:16:21","slug":"prenosnik-hp-elitebook-x360-1040-g6-i5-ram-16-gb-ssd-disk-140%e2%80%b3-fhd-2","status":"publish","type":"product","link":"https:\/\/pracek.si\/racunalniskatrgovina\/izdelek\/prenosnik-hp-elitebook-x360-1040-g6-i5-ram-16-gb-ssd-disk-140%e2%80%b3-fhd-2\/","title":{"rendered":"Prenosnik HP Elitebook X360 1040 G6 \/ i5 \/ RAM 16 GB \/ SSD Disk \/ 14,0\u2033 FHD"},"content":{"rendered":"<p>HP Elitebook X360 1040 G6 je prenosnik, ki zdru\u017euje eleganco, vsestranskost in zmogljivost v eni napravi. S svojim 14-pal\u010dnim matiranim zaslonom na dotik ponuja kristalno \u010disto sliko v polni visoki lo\u010dljivosti, kar ga naredi popolnega za delo na poti ali doma.<\/p>\n<p>&lt;H2&gt;Najve\u010dje prednosti&lt;\/H2&gt;<br \/>\n&lt;ul&gt;<br \/>\n&lt;li&gt;Stilsko dovr\u0161en kovinski dizajn, ki zagotavlja trpe\u017enost in eleganco.&lt;\/li&gt;<br \/>\n&lt;li&gt;14-pal\u010dni FHD zaslon na dotik, ki omogo\u010da interaktivno uporabo in bolj\u0161o produktivnost.&lt;\/li&gt;<br \/>\n&lt;li&gt;Hitri vhod\/izhod zahvaljujo\u010d Thunderbolt ter ve\u010d USB priklju\u010dkom.&lt;\/li&gt;<br \/>\n&lt;li&gt;Ozko zasnovana tipkovnica z osvetljenjem za udobno delo v vseh svetlobnih pogojih.&lt;\/li&gt;<br \/>\n&lt;li&gt;Brez operacijskega sistema, kar omogo\u010da popolno personalizacijo glede na \u017eelje uporabnika.&lt;\/li&gt;<br \/>\n&lt;li&gt;Hitra in zanesljiva &lt;b&gt;NVMe&lt;\/b&gt; tehnologija poskrbi za bliskovit dostop do podatkov.&lt;\/li&gt;<br \/>\n&lt;\/ul&gt;<\/p>\n<p>&lt;H2&gt;Kdo kupuje ta izdelek&lt;\/H2&gt;<br \/>\nPrenosnik HP Elitebook X360 1040 G6 je idealen za profesionalce in \u0161tudente, ki potrebujejo zmogljivo in zanesljivo napravo za vsakodnevno delo. Primerno je tako za poslovne potnike, ki cenijo mobilnost in fleksibilnost, kot tudi za kreativce, ki i\u0161\u010dejo kombinacijo stila in funkcionalnosti.<\/p>\n<p>&lt;H2&gt;Mo\u017enosti nadgradnje&lt;\/H2&gt;<br \/>\nTa prenosnik omogo\u010da nadgradnjo pomnilnika in diska, kar zagotavlja dolgotrajno uporabnost in prilagodljivost naprave glede na va\u0161e potrebe. &lt;i&gt;Pred izvedbo nadgradnje se vedno posvetujte s strokovnjakom.&lt;\/i&gt;<\/p>\n<p>&lt;H2&gt;Zakaj izbrati obnovljeno napravo&lt;\/H2&gt;<br \/>\nObnovljena naprava je trajnostna izbira, ki podpira kro\u017eno gospodarstvo in hkrati zagotavlja izjemno vrednost za denar. Z obnovljenim prenosnikom zagotavljamo, da je bil vsak kos temeljito pregledan in popravljen, \u010de je potrebno, kar zagotavlja standardizirano kakovost in brezhibno delovanje. Tak\u0161ne naprave pomenijo pametno nalo\u017ebo za vsakogar, ki \u017eeli zmogljivost po ugodnej\u0161i ceni. Izberi obnovljeno napravo in prispevaj k ohranjanju okolja brez sklepanja kompromisov pri kakovosti.&lt;h2&gt;A Kakovost&lt;\/h2&gt;&#13;<br \/>\n&lt;p&gt;Rahli znaki obrabe. Nadpovpre\u010dna kvaliteta. Ohi\u0161je lahko vsebuje minimalne nepravilnosti, kot je praska, ki je nevidna na razdalji 50 cm (pribli\u017eno dol\u017eina roke) ali ve\u010d. Zasloni so v delujo\u010dem stanju brezhibni.&lt;\/p&gt;&#13;<\/p>\n","protected":false},"excerpt":{"rendered":"<p>Intel\u00ae Core\u2122 i5-8365U \/ 1,6 GHz \/ Quad-Core (4C\/8T) \/ 4,1 GHz TurboBoost, 16 GB DDR4 SODIMM, 256 GB NVME SSD, 35,6 cm (14,0\u2033), Matiran (AntiGlare, matt), Touch, FHD 1920 x 1080, Intel UHD Graphics 620, HDMI, Thunderbolt, 2x USB, backlit_kb, bluetooth, No OS Installed &#8211; Win10P COA<\/p>\n","protected":false},"featured_media":99419,"template":"","meta":[],"product_brand":[26],"product_cat":[1296,1204,1291,1286,1224],"product_tag":[1811],"class_list":{"0":"post-99423","1":"product","2":"type-product","3":"status-publish","4":"has-post-thumbnail","6":"product_brand-hewlett-packard","7":"product_cat-hp-prenosniki","8":"product_cat-prenosniki","9":"product_cat-prenosniki-i5","10":"product_cat-priljubljena-iskanja","11":"product_cat-rabljeni-prenosniki","12":"product_tag-pp","13":"pa_odgovorna-oseba-v-eu-hp-tehnicna-regulativna-ekipa","15":"first","16":"instock","17":"taxable","18":"shipping-taxable","19":"purchasable","20":"product-type-simple"},"_links":{"self":[{"href":"https:\/\/pracek.si\/racunalniskatrgovina\/wp-json\/wp\/v2\/product\/99423","targetHints":{"allow":["GET"]}}],"collection":[{"href":"https:\/\/pracek.si\/racunalniskatrgovina\/wp-json\/wp\/v2\/product"}],"about":[{"href":"https:\/\/pracek.si\/racunalniskatrgovina\/wp-json\/wp\/v2\/types\/product"}],"version-history":[{"count":1,"href":"https:\/\/pracek.si\/racunalniskatrgovina\/wp-json\/wp\/v2\/product\/99423\/revisions"}],"predecessor-version":[{"id":99424,"href":"https:\/\/pracek.si\/racunalniskatrgovina\/wp-json\/wp\/v2\/product\/99423\/revisions\/99424"}],"wp:featuredmedia":[{"embeddable":true,"href":"https:\/\/pracek.si\/racunalniskatrgovina\/wp-json\/wp\/v2\/media\/99419"}],"wp:attachment":[{"href":"https:\/\/pracek.si\/racunalniskatrgovina\/wp-json\/wp\/v2\/media?parent=99423"}],"wp:term":[{"taxonomy":"product_brand","embeddable":true,"href":"https:\/\/pracek.si\/racunalniskatrgovina\/wp-json\/wp\/v2\/product_brand?post=99423"},{"taxonomy":"product_cat","embeddable":true,"href":"https:\/\/pracek.si\/racunalniskatrgovina\/wp-json\/wp\/v2\/product_cat?post=99423"},{"taxonomy":"product_tag","embeddable":true,"href":"https:\/\/pracek.si\/racunalniskatrgovina\/wp-json\/wp\/v2\/product_tag?post=99423"}],"curies":[{"name":"wp","href":"https:\/\/api.w.org\/{rel}","templated":true}]}}