{"id":99544,"date":"2026-04-04T10:16:35","date_gmt":"2026-04-04T09:16:35","guid":{"rendered":"https:\/\/pracek.si\/racunalniskatrgovina\/izdelek\/monitor-hp-e24m-g4-605-cm-238%e2%80%b3-fhd-ips-led-75-hz-webcam\/"},"modified":"2026-04-04T10:16:36","modified_gmt":"2026-04-04T09:16:36","slug":"monitor-hp-e24m-g4-605-cm-238%e2%80%b3-fhd-ips-led-75-hz-webcam","status":"publish","type":"product","link":"https:\/\/pracek.si\/racunalniskatrgovina\/izdelek\/monitor-hp-e24m-g4-605-cm-238%e2%80%b3-fhd-ips-led-75-hz-webcam\/","title":{"rendered":"Monitor HP E24m G4 60,5 cm (23,8\u2033) FHD IPS LED 75 Hz Webcam"},"content":{"rendered":"<p>60,5 cm (23,8\u2033), 1920 x 1080, 5 ms, HDMI, 2x DisplayPort, USB-C, USB-A 3.0, static contrast: 1000:1 \/ dynamic contrast: , 300 cd\/m2, 178\u00b0\/178\u00b0&lt;h2&gt;Odprta embala\u017ea&lt;\/h2&gt;&#13;<br \/>\n&lt;p&gt;Skoraj nobenih znakov obrabe. Tovarni\u0161ka kvaliteta. V ve\u010dini primerov gre za prese\u017eek proizvodnje in neprodane zaloge, pri katerih razlike v primerjavi z novimi napravami niso opazne.&lt;\/p&gt;&#13;<\/p>\n","protected":false},"excerpt":{"rendered":"<p>60,5 cm (23,8\u2033), 1920 x 1080, 5 ms, HDMI, 2x DisplayPort, USB-C, USB-A 3.0, s: 1000:1 \/ d: , 300 cd\/m2, 178\u00b0\/178\u00b0<\/p>\n","protected":false},"featured_media":99546,"template":"","meta":[],"product_brand":[26],"product_cat":[1149],"product_tag":[1811],"class_list":{"0":"post-99544","1":"product","2":"type-product","3":"status-publish","4":"has-post-thumbnail","6":"product_brand-hewlett-packard","7":"product_cat-monitorji","8":"product_tag-pp","9":"pa_odgovorna-oseba-v-eu-hp-tehnicna-regulativna-ekipa","11":"first","12":"instock","13":"taxable","14":"shipping-taxable","15":"purchasable","16":"product-type-simple"},"_links":{"self":[{"href":"https:\/\/pracek.si\/racunalniskatrgovina\/wp-json\/wp\/v2\/product\/99544","targetHints":{"allow":["GET"]}}],"collection":[{"href":"https:\/\/pracek.si\/racunalniskatrgovina\/wp-json\/wp\/v2\/product"}],"about":[{"href":"https:\/\/pracek.si\/racunalniskatrgovina\/wp-json\/wp\/v2\/types\/product"}],"version-history":[{"count":1,"href":"https:\/\/pracek.si\/racunalniskatrgovina\/wp-json\/wp\/v2\/product\/99544\/revisions"}],"predecessor-version":[{"id":99545,"href":"https:\/\/pracek.si\/racunalniskatrgovina\/wp-json\/wp\/v2\/product\/99544\/revisions\/99545"}],"wp:featuredmedia":[{"embeddable":true,"href":"https:\/\/pracek.si\/racunalniskatrgovina\/wp-json\/wp\/v2\/media\/99546"}],"wp:attachment":[{"href":"https:\/\/pracek.si\/racunalniskatrgovina\/wp-json\/wp\/v2\/media?parent=99544"}],"wp:term":[{"taxonomy":"product_brand","embeddable":true,"href":"https:\/\/pracek.si\/racunalniskatrgovina\/wp-json\/wp\/v2\/product_brand?post=99544"},{"taxonomy":"product_cat","embeddable":true,"href":"https:\/\/pracek.si\/racunalniskatrgovina\/wp-json\/wp\/v2\/product_cat?post=99544"},{"taxonomy":"product_tag","embeddable":true,"href":"https:\/\/pracek.si\/racunalniskatrgovina\/wp-json\/wp\/v2\/product_tag?post=99544"}],"curies":[{"name":"wp","href":"https:\/\/api.w.org\/{rel}","templated":true}]}}