{"id":99574,"date":"2026-04-04T10:16:35","date_gmt":"2026-04-04T09:16:35","guid":{"rendered":"https:\/\/pracek.si\/racunalniskatrgovina\/izdelek\/monitor-hp-series-7-pro-724pn-605-cm-238%e2%80%b3-wuxga-ips-led-100-hz\/"},"modified":"2026-04-04T10:16:39","modified_gmt":"2026-04-04T09:16:39","slug":"monitor-hp-series-7-pro-724pn-605-cm-238%e2%80%b3-wuxga-ips-led-100-hz","status":"publish","type":"product","link":"https:\/\/pracek.si\/racunalniskatrgovina\/izdelek\/monitor-hp-series-7-pro-724pn-605-cm-238%e2%80%b3-wuxga-ips-led-100-hz\/","title":{"rendered":"Monitor HP Series 7 Pro 724pn 60,5 cm (23,8\u2033) WUXGA IPS LED 100 Hz"},"content":{"rendered":"<p>60,5 cm (23,8\u2033), 1920 x 1200, 5 ms, HDMI, DisplayPort, USB-B, 4x USB-A, static contrast: 1500:1 \/ dynamic contrast: , 350 cd\/m2, 178\u00b0\/178\u00b0&lt;h2&gt;Odprta embala\u017ea&lt;\/h2&gt;&#13;<br \/>\n&lt;p&gt;Skoraj nobenih znakov obrabe. Tovarni\u0161ka kvaliteta. V ve\u010dini primerov gre za prese\u017eek proizvodnje in neprodane zaloge, pri katerih razlike v primerjavi z novimi napravami niso opazne.&lt;\/p&gt;&#13;<\/p>\n","protected":false},"excerpt":{"rendered":"<p>60,5 cm (23,8\u2033), 1920 x 1200, 5 ms, HDMI, DisplayPort, USB-B, 4x USB-A, s: 1500:1 \/ d: , 350 cd\/m2, 178\u00b0\/178\u00b0<\/p>\n","protected":false},"featured_media":99576,"template":"","meta":[],"product_brand":[26],"product_cat":[1149],"product_tag":[1811],"class_list":{"0":"post-99574","1":"product","2":"type-product","3":"status-publish","4":"has-post-thumbnail","6":"product_brand-hewlett-packard","7":"product_cat-monitorji","8":"product_tag-pp","9":"pa_odgovorna-oseba-v-eu-hp-tehnicna-regulativna-ekipa","11":"first","12":"instock","13":"taxable","14":"shipping-taxable","15":"purchasable","16":"product-type-simple"},"_links":{"self":[{"href":"https:\/\/pracek.si\/racunalniskatrgovina\/wp-json\/wp\/v2\/product\/99574","targetHints":{"allow":["GET"]}}],"collection":[{"href":"https:\/\/pracek.si\/racunalniskatrgovina\/wp-json\/wp\/v2\/product"}],"about":[{"href":"https:\/\/pracek.si\/racunalniskatrgovina\/wp-json\/wp\/v2\/types\/product"}],"version-history":[{"count":1,"href":"https:\/\/pracek.si\/racunalniskatrgovina\/wp-json\/wp\/v2\/product\/99574\/revisions"}],"predecessor-version":[{"id":99575,"href":"https:\/\/pracek.si\/racunalniskatrgovina\/wp-json\/wp\/v2\/product\/99574\/revisions\/99575"}],"wp:featuredmedia":[{"embeddable":true,"href":"https:\/\/pracek.si\/racunalniskatrgovina\/wp-json\/wp\/v2\/media\/99576"}],"wp:attachment":[{"href":"https:\/\/pracek.si\/racunalniskatrgovina\/wp-json\/wp\/v2\/media?parent=99574"}],"wp:term":[{"taxonomy":"product_brand","embeddable":true,"href":"https:\/\/pracek.si\/racunalniskatrgovina\/wp-json\/wp\/v2\/product_brand?post=99574"},{"taxonomy":"product_cat","embeddable":true,"href":"https:\/\/pracek.si\/racunalniskatrgovina\/wp-json\/wp\/v2\/product_cat?post=99574"},{"taxonomy":"product_tag","embeddable":true,"href":"https:\/\/pracek.si\/racunalniskatrgovina\/wp-json\/wp\/v2\/product_tag?post=99574"}],"curies":[{"name":"wp","href":"https:\/\/api.w.org\/{rel}","templated":true}]}}