{"id":99581,"date":"2026-04-04T10:16:40","date_gmt":"2026-04-04T09:16:40","guid":{"rendered":"https:\/\/pracek.si\/racunalniskatrgovina\/izdelek\/monitor-hp-e27m-g4-686-cm-27%e2%80%b3-wqhd-ips-led-75-hz-webcam\/"},"modified":"2026-04-04T10:16:41","modified_gmt":"2026-04-04T09:16:41","slug":"monitor-hp-e27m-g4-686-cm-27%e2%80%b3-wqhd-ips-led-75-hz-webcam","status":"publish","type":"product","link":"https:\/\/pracek.si\/racunalniskatrgovina\/izdelek\/monitor-hp-e27m-g4-686-cm-27%e2%80%b3-wqhd-ips-led-75-hz-webcam\/","title":{"rendered":"Monitor HP E27m G4 68,6 cm (27\u2033) WQHD IPS LED 75 Hz Webcam"},"content":{"rendered":"<p>68,58 cm (27\u2033), 2560 x 1440, 5 ms, HDMI, 2x DisplayPort, USB-C, 4x USB-A 3.0, RJ-45, static contrast: 1000:1 \/ dynamic contrast: , 300 cd\/m2, 178\u00b0\/178\u00b0&lt;h2&gt;Odprta embala\u017ea&lt;\/h2&gt;&#13;<br \/>\n&lt;p&gt;Skoraj nobenih znakov obrabe. Tovarni\u0161ka kvaliteta. V ve\u010dini primerov gre za prese\u017eek proizvodnje in neprodane zaloge, pri katerih razlike v primerjavi z novimi napravami niso opazne.&lt;\/p&gt;&#13;<\/p>\n","protected":false},"excerpt":{"rendered":"<p>68,58 cm (27\u2033), 2560 x 1440, 5 ms, HDMI, 2x DisplayPort, USB-C, 4x USB-A 3.0, RJ-45, s: 1000:1 \/ d: , 300 cd\/m2, 178\u00b0\/178\u00b0<\/p>\n","protected":false},"featured_media":99583,"template":"","meta":[],"product_brand":[26],"product_cat":[1149],"product_tag":[1811],"class_list":{"0":"post-99581","1":"product","2":"type-product","3":"status-publish","4":"has-post-thumbnail","6":"product_brand-hewlett-packard","7":"product_cat-monitorji","8":"product_tag-pp","9":"pa_odgovorna-oseba-v-eu-hp-tehnicna-regulativna-ekipa","11":"first","12":"instock","13":"taxable","14":"shipping-taxable","15":"purchasable","16":"product-type-simple"},"_links":{"self":[{"href":"https:\/\/pracek.si\/racunalniskatrgovina\/wp-json\/wp\/v2\/product\/99581","targetHints":{"allow":["GET"]}}],"collection":[{"href":"https:\/\/pracek.si\/racunalniskatrgovina\/wp-json\/wp\/v2\/product"}],"about":[{"href":"https:\/\/pracek.si\/racunalniskatrgovina\/wp-json\/wp\/v2\/types\/product"}],"version-history":[{"count":1,"href":"https:\/\/pracek.si\/racunalniskatrgovina\/wp-json\/wp\/v2\/product\/99581\/revisions"}],"predecessor-version":[{"id":99582,"href":"https:\/\/pracek.si\/racunalniskatrgovina\/wp-json\/wp\/v2\/product\/99581\/revisions\/99582"}],"wp:featuredmedia":[{"embeddable":true,"href":"https:\/\/pracek.si\/racunalniskatrgovina\/wp-json\/wp\/v2\/media\/99583"}],"wp:attachment":[{"href":"https:\/\/pracek.si\/racunalniskatrgovina\/wp-json\/wp\/v2\/media?parent=99581"}],"wp:term":[{"taxonomy":"product_brand","embeddable":true,"href":"https:\/\/pracek.si\/racunalniskatrgovina\/wp-json\/wp\/v2\/product_brand?post=99581"},{"taxonomy":"product_cat","embeddable":true,"href":"https:\/\/pracek.si\/racunalniskatrgovina\/wp-json\/wp\/v2\/product_cat?post=99581"},{"taxonomy":"product_tag","embeddable":true,"href":"https:\/\/pracek.si\/racunalniskatrgovina\/wp-json\/wp\/v2\/product_tag?post=99581"}],"curies":[{"name":"wp","href":"https:\/\/api.w.org\/{rel}","templated":true}]}}