{"id":99710,"date":"2026-04-04T10:16:40","date_gmt":"2026-04-04T09:16:40","guid":{"rendered":"https:\/\/pracek.si\/racunalniskatrgovina\/izdelek\/prenosnik-hp-omnibook-7-ngai-17-dc0795ng-u7-258v-rtx4050-6gb-ultra-7-ram-32-gb-ssd-disk-173%e2%80%b3-fhd\/"},"modified":"2026-04-04T10:16:45","modified_gmt":"2026-04-04T09:16:45","slug":"prenosnik-hp-omnibook-7-ngai-17-dc0795ng-u7-258v-rtx4050-6gb-ultra-7-ram-32-gb-ssd-disk-173%e2%80%b3-fhd","status":"publish","type":"product","link":"https:\/\/pracek.si\/racunalniskatrgovina\/izdelek\/prenosnik-hp-omnibook-7-ngai-17-dc0795ng-u7-258v-rtx4050-6gb-ultra-7-ram-32-gb-ssd-disk-173%e2%80%b3-fhd\/","title":{"rendered":"Prenosnik HP OmniBook 7 NGAI 17-dc0795ng | U7 258V | RTX4050 (6GB) \/ Ultra 7 \/ RAM 32 GB \/ SSD Disk \/ 17,3\u2033 FHD"},"content":{"rendered":"<p>Prenosnik HP OmniBook 7 NGAI 17-dc0795ng zdru\u017euje izjemne zmogljivosti in elegantno zasnovo, kar ga postavlja v ospredje kot idealno izbiro za uporabnike, ki i\u0161\u010dejo robustno delo in zabavo v enem paketu. Z velikim, 43,9 cm (17,3&quot;) FHD zaslonom na dotik boste u\u017eivali v slikoviti jasnosti in izjemnih barvah, medtem ko vam mo\u010dan nabor komponent omogo\u010da ve\u010dopravilnost in poganjanje zahtevnej\u0161ih aplikacij.<\/p>\n<p>&lt;H2&gt;Najve\u010dje prednosti&lt;\/H2&gt;<br \/>\n&lt;ul&gt;<br \/>\n  &lt;li&gt;&lt;b&gt;Visoka zmogljivost&lt;\/b&gt;: Zahtevne naloge bodo v hipu opravljene s procesorjem, ki omogo\u010da hitro obdelavo in brezhibno delovanje.&lt;\/li&gt;<br \/>\n  &lt;li&gt;&lt;b&gt;Izjemna grafika&lt;\/b&gt;: NVIDIA RTX 4050 grafi\u010dna kartica poskrbi za ostre slike in gladko igranje iger ter delo z vizualno intenzivnimi programi.&lt;\/li&gt;<br \/>\n  &lt;li&gt;&lt;b&gt;Hiter prenos podatkov&lt;\/b&gt;: SSD s podporo NVMe zagotavlja neverjetno hitro shranjevanje in dostop do va\u0161ih datotek in programov.&lt;\/li&gt;<br \/>\n  &lt;li&gt;&lt;b&gt;Povezljivost&lt;\/b&gt;: Vmesniki, kot so Thunderbolt 4 in Wi-Fi 7, omogo\u010dajo vrhunsko povezovanje z drugimi napravami.&lt;\/li&gt;<br \/>\n  &lt;li&gt;&lt;b&gt;Osvetljena tipkovnica&lt;\/b&gt;: Olaj\u0161a delo v slab\u0161i svetlobi in izbolj\u0161uje uporabni\u0161ko izku\u0161njo.&lt;\/li&gt;<br \/>\n&lt;\/ul&gt;<\/p>\n<p>&lt;H2&gt;Kdo kupuje ta izdelek&lt;\/H2&gt;<br \/>\nPrenosnik je idealna izbira za profesionalce, ki potrebujejo prenosno postajo za zahtevne naloge, od oblikovalcev, programerjev do analitikov. Prav tako bo zadovoljil navdu\u0161ence nad igrami, ki potrebujejo napravo z u\u010dinkovitimi zmogljivostmi za igranje v visoki lo\u010dljivosti.<\/p>\n<p>&lt;H2&gt;Mo\u017enosti nadgradnje&lt;\/H2&gt;<br \/>\nTu je prostor za prilagoditve, saj omogo\u010da nadgradnjo pomnilnika in diska, kar pomeni, da lahko zlahka pove\u010da\u0161 zmogljivost svoje naprave. &lt;b&gt;Pred izvedbo nadgradnje se vedno posvetujte s strokovnjakom.&lt;\/b&gt;<\/p>\n<p>&lt;H2&gt;Zakaj izbrati obnovljeno napravo&lt;\/H2&gt;<br \/>\nIzbira obnovljenega izdelka prina\u0161a \u0161tevilne prednosti. Strokovnjaki so vsak prenosnik temeljito pregledali in obnovili, da deluje kot nov. S tem odlo\u010danjem podpira\u0161 trajnostni razvoj, zmanj\u0161a\u0161 elektronske odpadke in hkrati pridobi\u0161 odli\u010dne naprave po dostopni ceni. Produkti so ocenjeni po standardiziranem sistemu kakovostnih ocen, kar zagotavlja njihovo brezhibno delovanje.&lt;h2&gt;Odprta embala\u017ea&lt;\/h2&gt;&#13;<br \/>\n&lt;p&gt;Skoraj nobenih znakov obrabe. Tovarni\u0161ka kvaliteta. V ve\u010dini primerov gre za prese\u017eek proizvodnje in neprodane zaloge, pri katerih razlike v primerjavi z novimi napravami niso opazne.&lt;\/p&gt;&#13;<\/p>\n","protected":false},"excerpt":{"rendered":"<p>Intel Core Ultra 7 258V (2,2 GHz), 32 GB LPDDR5x-8533, SSD 2\u00a0TB PCIe NVMe, NVIDIA RTX 4050 (6GB GDDR6), 43,9 cm (17,3\u2033) FHD (1920&#215;1080) Multi-Touch IPS BV LED 60 Hz, HDMI 2.1, 1x Thunderbolt 4 (USB-C\/DisplayPort &#8211; 40Gbps), 3x USB-A 3.2 Gen2 (10Gbps), 1x USB-C 3.2 Gen2 (DisplayPort &#8211; 10Gbps),\u00a0Wi-Fi 7 BE201 (2&#215;2), Bluetooth 5,4, Backlit Kbd.,\u00a0Microsoft Windows 11 Pro (64-bit)<\/p>\n","protected":false},"featured_media":100345,"template":"","meta":[],"product_brand":[26],"product_cat":[1296,1204,1298,1958,1962,1286],"product_tag":[1811],"class_list":{"0":"post-99710","1":"product","2":"type-product","3":"status-publish","4":"has-post-thumbnail","6":"product_brand-hewlett-packard","7":"product_cat-hp-prenosniki","8":"product_cat-prenosniki","9":"product_cat-prenosniki-17-palcni","10":"product_cat-prenosniki-za-domaco-uporabo","11":"product_cat-prenosniki-za-igranje-iger-gaming-prenosniki","12":"product_cat-priljubljena-iskanja","13":"product_tag-pp","14":"pa_odgovorna-oseba-v-eu-hp-tehnicna-regulativna-ekipa","16":"first","17":"instock","18":"taxable","19":"shipping-taxable","20":"purchasable","21":"product-type-simple"},"_links":{"self":[{"href":"https:\/\/pracek.si\/racunalniskatrgovina\/wp-json\/wp\/v2\/product\/99710","targetHints":{"allow":["GET"]}}],"collection":[{"href":"https:\/\/pracek.si\/racunalniskatrgovina\/wp-json\/wp\/v2\/product"}],"about":[{"href":"https:\/\/pracek.si\/racunalniskatrgovina\/wp-json\/wp\/v2\/types\/product"}],"version-history":[{"count":1,"href":"https:\/\/pracek.si\/racunalniskatrgovina\/wp-json\/wp\/v2\/product\/99710\/revisions"}],"predecessor-version":[{"id":99711,"href":"https:\/\/pracek.si\/racunalniskatrgovina\/wp-json\/wp\/v2\/product\/99710\/revisions\/99711"}],"wp:featuredmedia":[{"embeddable":true,"href":"https:\/\/pracek.si\/racunalniskatrgovina\/wp-json\/wp\/v2\/media\/100345"}],"wp:attachment":[{"href":"https:\/\/pracek.si\/racunalniskatrgovina\/wp-json\/wp\/v2\/media?parent=99710"}],"wp:term":[{"taxonomy":"product_brand","embeddable":true,"href":"https:\/\/pracek.si\/racunalniskatrgovina\/wp-json\/wp\/v2\/product_brand?post=99710"},{"taxonomy":"product_cat","embeddable":true,"href":"https:\/\/pracek.si\/racunalniskatrgovina\/wp-json\/wp\/v2\/product_cat?post=99710"},{"taxonomy":"product_tag","embeddable":true,"href":"https:\/\/pracek.si\/racunalniskatrgovina\/wp-json\/wp\/v2\/product_tag?post=99710"}],"curies":[{"name":"wp","href":"https:\/\/api.w.org\/{rel}","templated":true}]}}