{"id":99783,"date":"2026-04-04T10:04:39","date_gmt":"2026-04-04T09:04:39","guid":{"rendered":"https:\/\/pracek.si\/racunalniskatrgovina\/izdelek\/prenosnik-hp-elitebook-840-g8-i5-ram-16-gb-ssd-disk-140%e2%80%b3-fhd\/"},"modified":"2026-04-04T10:04:43","modified_gmt":"2026-04-04T09:04:43","slug":"prenosnik-hp-elitebook-840-g8-i5-ram-16-gb-ssd-disk-140%e2%80%b3-fhd","status":"publish","type":"product","link":"https:\/\/pracek.si\/racunalniskatrgovina\/izdelek\/prenosnik-hp-elitebook-840-g8-i5-ram-16-gb-ssd-disk-140%e2%80%b3-fhd\/","title":{"rendered":"Prenosnik HP EliteBook 840 G8 \/ i5 \/ RAM 16 GB \/ SSD Disk \/ 14,0\u2033 FHD"},"content":{"rendered":"<p>Prenosnik HP Elitebook 840 G8 je eleganten in zmogljiv partner, zasnovan za potrebe dana\u0161njih dinami\u010dnih strokovnjakov. Opremljen z naprednim procesorjem, ponuja zanesljivo zmogljivost za vsako delovno nalogo. Njegova elegantna oblika z matiranim zaslonom FHD pa zagotavlja vrhunsko vizualno izku\u0161njo kjerkoli in kadarkoli.<\/p>\n<p><H2>Najve\u010dje prednosti<\/H2><br \/>\n<ul><br \/>\n  <li>Opremljen s procesorjem I5 za takoj\u0161njo odzivnost.<\/li><br \/>\n  <li>Raz\u0161irljiv pomnilnik in disk za prilagojeno zmogljivost.<\/li><br \/>\n  <li>Matiran zaslon FHD zagotavlja jasen prikaz brez odsevov.<\/li><br \/>\n  <li>Opremljen z Intel Iris XE Graphics za izvrstno video izku\u0161njo.<\/li><br \/>\n  <li>Priklju\u010dki, kot sta HDMI in Thunderbolt, ponujajo \u0161iroko povezljivost.<\/li><br \/>\n  <li>Osvetljena tipkovnica za delo v vseh svetlobnih pogojih.<\/li><br \/>\n<\/ul><\/p>\n<p><H2>Kdo kupuje ta izdelek<\/H2><br \/>\nPrenosnik HP Elitebook 840 G8 je idealen za poslovne\u017ee in profesionalce, ki potrebujejo zanesljivo napravo za obdelavo zahtevne poslovne programske opreme in multitasking. Prav tako je odli\u010dna izbira za \u0161tudente, ki cenijo prenosljivost kombinirano z dovolj zmogljivosti za vsakodnevne naloge.<\/p>\n<p><H2>Mo\u017enosti nadgradnje<\/H2><br \/>\nHP Elitebook ponuja mo\u017enost nadgradnje diska in pomnilnika, kar omogo\u010da, da napravo prilagodite svojim potrebam. <b>Hitrost NVMe diska<\/b> zagotavlja hitro zagonsko hitrost in prenos podatkov, kar obogati va\u0161o delovno izku\u0161njo. Pred izvedbo nadgradnje se vedno posvetujte s strokovnjakom.<\/p>\n<p><H2>Zakaj izbrati obnovljeno napravo<\/H2><br \/>\nOdlo\u010ditev za nakup obnovljene naprave, kot je HP Elitebook 840 G8, pomeni izbiro kakovosti in zanesljivosti po dostopnej\u0161i ceni. Na\u0161a strokovna ekipa skrbi za temeljito obnovo, pri \u010demer uporablja standardiziran sistem kakovostnih ocen, da zagotovi, da izdelek deluje skoraj kot nov, vendar po ni\u017eji ceni. S tem nakupom ne samo, da pridobite odli\u010den prenosnik, temve\u010d tudi prispevate k zmanj\u0161anju odpadkov, kar je korak proti bolj trajnostno naravnani potro\u0161nji.<h2>A- Kakovost<\/h2>&#13;<br \/>\n<p>Znaki obrabe. Najbolj\u0161e razmerje med kvaliteto in ceno. Ohi\u0161je lahko vsebuje manj\u0161e nepravilnosti, kot so vidne praske, ki pa ne vplivajo na delovanje naprave. Zasloni imajo lahko rahle nepravilnosti, ki so nekoliko opazne, vendar ne motijo uporabni\u0161ke izku\u0161nje.<\/p><\/p>\n","protected":false},"excerpt":{"rendered":"<p>Intel\u00ae Core\u2122 i5-1135G7 \/ 2,4 GHz \/ Quad-Core \/ 4,2 GHz TurboBoost \/ 2,4 GHz \/ Quad-Core \/ 4,2 GHz TurboBoost, 16 GB DDR4 SODIMM, 256 GB NVMe SSD, 35,6 cm (14,0\u2033), Matiran (AntiGlare, matt), FHD \/ 1920 x 1080, Intel(R) Iris(R) Xe Graphics, HDMI, Thunderbolt, 2x USB, backlit_kb, bluetooth, No OS Installed &#8211; Win10P COA<\/p>\n","protected":false},"featured_media":99785,"template":"","meta":[],"product_brand":[26],"product_cat":[1296,1204,1291,1964,1959,1286,1224],"product_tag":[1811],"class_list":{"0":"post-99783","1":"product","2":"type-product","3":"status-publish","4":"has-post-thumbnail","6":"product_brand-hewlett-packard","7":"product_cat-hp-prenosniki","8":"product_cat-prenosniki","9":"product_cat-prenosniki-i5","10":"product_cat-prenosniki-ultrabook","11":"product_cat-prenosniki-za-poslovno-uporabo","12":"product_cat-priljubljena-iskanja","13":"product_cat-rabljeni-prenosniki","14":"product_tag-pp","15":"pa_odgovorna-oseba-v-eu-hp-reg-23010","17":"first","18":"instock","19":"taxable","20":"shipping-taxable","21":"purchasable","22":"product-type-simple"},"_links":{"self":[{"href":"https:\/\/pracek.si\/racunalniskatrgovina\/wp-json\/wp\/v2\/product\/99783","targetHints":{"allow":["GET"]}}],"collection":[{"href":"https:\/\/pracek.si\/racunalniskatrgovina\/wp-json\/wp\/v2\/product"}],"about":[{"href":"https:\/\/pracek.si\/racunalniskatrgovina\/wp-json\/wp\/v2\/types\/product"}],"version-history":[{"count":1,"href":"https:\/\/pracek.si\/racunalniskatrgovina\/wp-json\/wp\/v2\/product\/99783\/revisions"}],"predecessor-version":[{"id":99784,"href":"https:\/\/pracek.si\/racunalniskatrgovina\/wp-json\/wp\/v2\/product\/99783\/revisions\/99784"}],"wp:featuredmedia":[{"embeddable":true,"href":"https:\/\/pracek.si\/racunalniskatrgovina\/wp-json\/wp\/v2\/media\/99785"}],"wp:attachment":[{"href":"https:\/\/pracek.si\/racunalniskatrgovina\/wp-json\/wp\/v2\/media?parent=99783"}],"wp:term":[{"taxonomy":"product_brand","embeddable":true,"href":"https:\/\/pracek.si\/racunalniskatrgovina\/wp-json\/wp\/v2\/product_brand?post=99783"},{"taxonomy":"product_cat","embeddable":true,"href":"https:\/\/pracek.si\/racunalniskatrgovina\/wp-json\/wp\/v2\/product_cat?post=99783"},{"taxonomy":"product_tag","embeddable":true,"href":"https:\/\/pracek.si\/racunalniskatrgovina\/wp-json\/wp\/v2\/product_tag?post=99783"}],"curies":[{"name":"wp","href":"https:\/\/api.w.org\/{rel}","templated":true}]}}