{"id":99790,"date":"2026-04-04T10:04:39","date_gmt":"2026-04-04T09:04:39","guid":{"rendered":"https:\/\/pracek.si\/racunalniskatrgovina\/izdelek\/prenosnik-hp-elitebook-840-g8-i5-ram-16-gb-ssd-disk-140%e2%80%b3-fhd-2\/"},"modified":"2026-04-04T10:04:45","modified_gmt":"2026-04-04T09:04:45","slug":"prenosnik-hp-elitebook-840-g8-i5-ram-16-gb-ssd-disk-140%e2%80%b3-fhd-2","status":"publish","type":"product","link":"https:\/\/pracek.si\/racunalniskatrgovina\/izdelek\/prenosnik-hp-elitebook-840-g8-i5-ram-16-gb-ssd-disk-140%e2%80%b3-fhd-2\/","title":{"rendered":"Prenosnik HP EliteBook 840 G8 \/ i5 \/ RAM 16 GB \/ SSD Disk \/ 14,0\u2033 FHD"},"content":{"rendered":"<p>Prenosnik HP Elitebook 840 G8 predstavlja zanesljivo izbiro za vse, ki i\u0161\u010dejo zmogljivo in elegantno napravo za delo ali \u0161tudij. Zdru\u017euje kompaktnost, sodobno tehnologijo in ve\u010dopravilnost, zaradi \u010desar je idealen za dinami\u010dne uporabnike.<\/p>\n<p><H2>Najve\u010dje prednosti<\/H2><br \/>\nPrenosnik se pona\u0161a z naprednim <b>I5 procesorjem<\/b>, ki omogo\u010da hitro in u\u010dinkovito obdelavo \u0161tevilnih nalog. K temu pripomore tudi <b>SSD disk<\/b> s tehnologijo NVMe, ki zagotavlja izjemno hitrost dostopa do podatkov. 14-pal\u010dni FHD zaslon z matirano povr\u0161ino poskrbi za jasen in neodseven prikaz, kar je \u0161e posebej priro\u010dno pri delu na prostem.<br \/>\nIzkusite brezhibno povezljivost in raz\u0161irljivost s priklju\u010dki, kot so HDMI, Thunderbolt in USB, ter u\u017eivajte v priro\u010dnosti osvetljene tipkovnice za delo v okolju s slab\u0161o osvetlitvijo. Bluetooth tehnologija omogo\u010da enostavno povezovanje z drugimi napravami.<\/p>\n<p><H2>Kdo kupuje ta izdelek<\/H2><br \/>\nTa prenosnik je popolna re\u0161itev za strokovnjake, ki potrebujejo zanesljivo napravo za slu\u017ebene poti, pa tudi za \u0161tudente, ki \u017eelijo zdru\u017eiti u\u010denje in zabavo. Zaradi svoje zmogljivosti ustreza uporabnikom, ki pogosto izvajajo kompleksnej\u0161a opravila, od programiranja do obdelave grafike.<\/p>\n<p><H2>Mo\u017enosti nadgradnje<\/H2><br \/>\nPrenosnik omogo\u010da nadgraditev pomnilnika in diska, kar omogo\u010da prilagoditev va\u0161im specifi\u010dnim potrebam. <br>Pred izvedbo nadgradnje se vedno posvetujte s strokovnjakom.<\/p>\n<p><H2>Zakaj izbrati obnovljeno napravo<\/H2><br \/>\nOdlo\u010ditev za obnovljeno napravo prina\u0161a \u0161tevilne koristi. Poleg izbolj\u0161anja razmerja med kakovostjo in ceno prispevate tudi k ohranjanju okolja. <ul><br \/>\n<li>Strokovna storitev obnove zagotavlja, da prenosnik izpolnjuje visoke standarde zmogljivosti in kakovosti.<\/li><br \/>\n<li>Standardiziran sistem ocen kakovosti potrjuje zanesljivost prenovljene naprave.<\/li><br \/>\n<li>S tem nakupom podpirate kro\u017eno gospodarstvo in zmanj\u0161ujete negativni vpliv na okolje.<\/li><br \/>\n<\/ul>  <\/p>\n<p>S prenosnikom HP Elitebook 840 G8 izku\u0161nje pri delu in zabavi postanejo udobje, funkcionalnost in zanesljivost v eni elegantni napravi.<h2>A Kakovost<\/h2>&#13;<br \/>\n<p>Rahli znaki obrabe. Nadpovpre\u010dna kvaliteta. Ohi\u0161je lahko vsebuje minimalne nepravilnosti, kot je praska, ki je nevidna na razdalji 50 cm (pribli\u017eno dol\u017eina roke) ali ve\u010d. Zasloni so v delujo\u010dem stanju brezhibni.<\/p>&#13;<\/p>\n","protected":false},"excerpt":{"rendered":"<p>Intel\u00ae Core\u2122 i5-1135G7 \/ 2,4 GHz \/ Quad-Core \/ 4,2 GHz TurboBoost \/ 2,4 GHz \/ Quad-Core \/ 4,2 GHz TurboBoost, 16 GB DDR4 SODIMM, 256 GB NVMe SSD, 35,6 cm (14,0\u2033), Matiran (AntiGlare, matt), FHD \/ 1920 x 1080, Intel(R) Iris(R) Xe Graphics, HDMI, Thunderbolt, 2x USB, backlit_kb, bluetooth, No OS Installed &#8211; Win10P COA<\/p>\n","protected":false},"featured_media":99785,"template":"","meta":[],"product_brand":[26],"product_cat":[1296,1204,1291,1964,1959,1286,1224],"product_tag":[1811],"class_list":{"0":"post-99790","1":"product","2":"type-product","3":"status-publish","4":"has-post-thumbnail","6":"product_brand-hewlett-packard","7":"product_cat-hp-prenosniki","8":"product_cat-prenosniki","9":"product_cat-prenosniki-i5","10":"product_cat-prenosniki-ultrabook","11":"product_cat-prenosniki-za-poslovno-uporabo","12":"product_cat-priljubljena-iskanja","13":"product_cat-rabljeni-prenosniki","14":"product_tag-pp","15":"pa_odgovorna-oseba-v-eu-hp-reg-23010","17":"first","18":"instock","19":"taxable","20":"shipping-taxable","21":"purchasable","22":"product-type-simple"},"_links":{"self":[{"href":"https:\/\/pracek.si\/racunalniskatrgovina\/wp-json\/wp\/v2\/product\/99790","targetHints":{"allow":["GET"]}}],"collection":[{"href":"https:\/\/pracek.si\/racunalniskatrgovina\/wp-json\/wp\/v2\/product"}],"about":[{"href":"https:\/\/pracek.si\/racunalniskatrgovina\/wp-json\/wp\/v2\/types\/product"}],"version-history":[{"count":1,"href":"https:\/\/pracek.si\/racunalniskatrgovina\/wp-json\/wp\/v2\/product\/99790\/revisions"}],"predecessor-version":[{"id":99791,"href":"https:\/\/pracek.si\/racunalniskatrgovina\/wp-json\/wp\/v2\/product\/99790\/revisions\/99791"}],"wp:featuredmedia":[{"embeddable":true,"href":"https:\/\/pracek.si\/racunalniskatrgovina\/wp-json\/wp\/v2\/media\/99785"}],"wp:attachment":[{"href":"https:\/\/pracek.si\/racunalniskatrgovina\/wp-json\/wp\/v2\/media?parent=99790"}],"wp:term":[{"taxonomy":"product_brand","embeddable":true,"href":"https:\/\/pracek.si\/racunalniskatrgovina\/wp-json\/wp\/v2\/product_brand?post=99790"},{"taxonomy":"product_cat","embeddable":true,"href":"https:\/\/pracek.si\/racunalniskatrgovina\/wp-json\/wp\/v2\/product_cat?post=99790"},{"taxonomy":"product_tag","embeddable":true,"href":"https:\/\/pracek.si\/racunalniskatrgovina\/wp-json\/wp\/v2\/product_tag?post=99790"}],"curies":[{"name":"wp","href":"https:\/\/api.w.org\/{rel}","templated":true}]}}