{"id":99818,"date":"2026-04-04T10:10:40","date_gmt":"2026-04-04T09:10:40","guid":{"rendered":"https:\/\/pracek.si\/racunalniskatrgovina\/izdelek\/prenosnik-hp-probook-440-g10-metal-i7-1355u-i7-ram-8-gb-ssd-disk-140%e2%80%b3-fhd\/"},"modified":"2026-04-04T10:10:47","modified_gmt":"2026-04-04T09:10:47","slug":"prenosnik-hp-probook-440-g10-metal-i7-1355u-i7-ram-8-gb-ssd-disk-140%e2%80%b3-fhd","status":"publish","type":"product","link":"https:\/\/pracek.si\/racunalniskatrgovina\/izdelek\/prenosnik-hp-probook-440-g10-metal-i7-1355u-i7-ram-8-gb-ssd-disk-140%e2%80%b3-fhd\/","title":{"rendered":"Prenosnik HP ProBook 440 G10 | Metal | i7-1355U \/ i7 \/ RAM 8 GB \/ SSD Disk \/ 14,0\u2033 FHD"},"content":{"rendered":"<p>Prenosnik HP ProBook 440 G10 je odli\u010dna izbira za vse, ki i\u0161\u010dejo zanesljivo, elegantno in zmogljivo napravo za svoje vsakodnevne potrebe. Z 14-pal\u010dnim FHD zaslonom in kovinskim ohi\u0161jem ta prenosnik zdru\u017euje prenosljivost in trpe\u017enost z naprednimi zmogljivostmi procesorja i7 in grafiko Intel Iris Xe.<\/p>\n<p>&lt;H2&gt;Najve\u010dje prednosti&lt;\/H2&gt;<br \/>\n&lt;ul&gt;<br \/>\n&lt;li&gt;&lt;b&gt;Zmogljiv procesor in grafika:&lt;\/b&gt; U\u017eivajte v visoki hitrosti procesiranja, ki zagotavlja nemoteno delovanje in ve\u010dopravilnost.&lt;\/li&gt;<br \/>\n&lt;li&gt;&lt;b&gt;14-pal\u010dni FHD zaslon:&lt;\/b&gt; Zagotavlja jasno in \u017eivahno sliko za u\u010dinkovito delo in zabavo.&lt;\/li&gt;<br \/>\n&lt;li&gt;&lt;b&gt;Priklju\u010dki in povezljivost:&lt;\/b&gt; Opremljen z 2x USB-C in 2x USB-A priklju\u010dki za hitro povezovanje in prenos podatkov.&lt;\/li&gt;<br \/>\n&lt;li&gt;&lt;b&gt;Napredna varnost:&lt;\/b&gt; Z vgrajenim senzorjem prstnih odtisov in osvetljeno tipkovnico.&lt;\/li&gt;<br \/>\n&lt;li&gt;&lt;b&gt;Wi-Fi 6E in Bluetooth 5.3:&lt;\/b&gt; Najnovej\u0161i standardi za hitro in stabilno brez\u017ei\u010dno povezljivost.&lt;\/li&gt;<br \/>\n&lt;li&gt;&lt;b&gt;Hitrost shranjevanja:&lt;\/b&gt; SSD disk z &lt;b&gt;izjemno hitrostjo NVMe&lt;\/b&gt; za hitro zagon in dostop do podatkov.&lt;\/li&gt;<br \/>\n&lt;li&gt;&lt;b&gt;Strokovna obnova:&lt;\/b&gt; Pri obnovljenih napravah se uporabljajo standardizirani sistemi kakovostnih ocen, kar zagotavlja zanesljivost in funkcionalnost.&lt;\/li&gt;<br \/>\n&lt;\/ul&gt;<\/p>\n<p>&lt;H2&gt;Kdo kupuje ta izdelek&lt;\/H2&gt;<br \/>\nTa prenosnik je popoln za profesionalce, ki potrebujejo zanesljivo napravo za delo na poti, \u0161tudente, ki i\u0161\u010dejo zmogljiv prenosnik za \u0161olske naloge, ter vsakogar, ki \u017eeli imeti zmogljivo napravo za doma\u010do uporabo, ne da bi se pri tem odpovedal kakovosti ali stilu.<\/p>\n<p>&lt;H2&gt;Mo\u017enosti nadgradnje&lt;\/H2&gt;<br \/>\nPrenosnik omogo\u010da nadgradnje diska in pomnilnika, kar uporabnikom omogo\u010da, da prilagodijo svojo napravo glede na prihodnje potrebe. &lt;b&gt;Pred izvedbo nadgradnje se vedno posvetujte s strokovnjakom.&lt;\/b&gt;<\/p>\n<p>&lt;H2&gt;Zakaj izbrati obnovljeno napravo&lt;\/H2&gt;<br \/>\nIzbira obnovljene naprave prina\u0161a \u0161tevilne prednosti. Poleg prihranka sredstev prenosnik HP ProBook 440 G10 ponuja enake zanesljivosti in zmogljivosti kot nova naprava. Prispevate tudi k zmanj\u0161evanju e-odpadkov, s \u010dimer podpirate trajnostni pristop k uporabi elektronskih naprav.&lt;h2&gt;Odprta embala\u017ea&lt;\/h2&gt;&#13;<br \/>\n&lt;p&gt;Skoraj nobenih znakov obrabe. Tovarni\u0161ka kvaliteta. V ve\u010dini primerov gre za prese\u017eek proizvodnje in neprodane zaloge, pri katerih razlike v primerjavi z novimi napravami niso opazne.&lt;\/p&gt;&#13;<\/p>\n","protected":false},"excerpt":{"rendered":"<p>Intel Core i7-1355U (1,7 GHz),  8 GB DDR4-3200, SSD 512 GB PCIe NVMe, 35,6 cm (14\u2033) FHD (1920&#215;1080) AG UWVA LED 60 Hz, Intel Iris Xe Graphics (IGP), 2x USB-C (DisplayPort 10Gbps), 2x USB-A 3.2 Gen1 (5Gbps), Webcam, Wi-Fi 6E, Bluetooth 5.3, Webcam, Fingerprint, Backlit Kbd., Microsoft Windows 10 Pro MAR (64-bit)<\/p>\n","protected":false},"featured_media":99820,"template":"","meta":[],"product_brand":[26],"product_cat":[1296,1204,1297,1964,1958,1959,1286],"product_tag":[1811],"class_list":{"0":"post-99818","1":"product","2":"type-product","3":"status-publish","4":"has-post-thumbnail","6":"product_brand-hewlett-packard","7":"product_cat-hp-prenosniki","8":"product_cat-prenosniki","9":"product_cat-prenosniki-i7","10":"product_cat-prenosniki-ultrabook","11":"product_cat-prenosniki-za-domaco-uporabo","12":"product_cat-prenosniki-za-poslovno-uporabo","13":"product_cat-priljubljena-iskanja","14":"product_tag-pp","15":"pa_odgovorna-oseba-v-eu-hp-tehnicna-regulativna-ekipa","17":"first","18":"instock","19":"taxable","20":"shipping-taxable","21":"purchasable","22":"product-type-simple"},"_links":{"self":[{"href":"https:\/\/pracek.si\/racunalniskatrgovina\/wp-json\/wp\/v2\/product\/99818","targetHints":{"allow":["GET"]}}],"collection":[{"href":"https:\/\/pracek.si\/racunalniskatrgovina\/wp-json\/wp\/v2\/product"}],"about":[{"href":"https:\/\/pracek.si\/racunalniskatrgovina\/wp-json\/wp\/v2\/types\/product"}],"version-history":[{"count":1,"href":"https:\/\/pracek.si\/racunalniskatrgovina\/wp-json\/wp\/v2\/product\/99818\/revisions"}],"predecessor-version":[{"id":99819,"href":"https:\/\/pracek.si\/racunalniskatrgovina\/wp-json\/wp\/v2\/product\/99818\/revisions\/99819"}],"wp:featuredmedia":[{"embeddable":true,"href":"https:\/\/pracek.si\/racunalniskatrgovina\/wp-json\/wp\/v2\/media\/99820"}],"wp:attachment":[{"href":"https:\/\/pracek.si\/racunalniskatrgovina\/wp-json\/wp\/v2\/media?parent=99818"}],"wp:term":[{"taxonomy":"product_brand","embeddable":true,"href":"https:\/\/pracek.si\/racunalniskatrgovina\/wp-json\/wp\/v2\/product_brand?post=99818"},{"taxonomy":"product_cat","embeddable":true,"href":"https:\/\/pracek.si\/racunalniskatrgovina\/wp-json\/wp\/v2\/product_cat?post=99818"},{"taxonomy":"product_tag","embeddable":true,"href":"https:\/\/pracek.si\/racunalniskatrgovina\/wp-json\/wp\/v2\/product_tag?post=99818"}],"curies":[{"name":"wp","href":"https:\/\/api.w.org\/{rel}","templated":true}]}}