{"id":99845,"date":"2026-04-04T10:14:37","date_gmt":"2026-04-04T09:14:37","guid":{"rendered":"https:\/\/pracek.si\/racunalniskatrgovina\/izdelek\/racunalnik-hp-proone-240-g10-aio-i7-1355u-w10-pro-i7-ram-16-gb-ssd-disk\/"},"modified":"2026-04-04T10:14:39","modified_gmt":"2026-04-04T09:14:39","slug":"racunalnik-hp-proone-240-g10-aio-i7-1355u-w10-pro-i7-ram-16-gb-ssd-disk","status":"publish","type":"product","link":"https:\/\/pracek.si\/racunalniskatrgovina\/izdelek\/racunalnik-hp-proone-240-g10-aio-i7-1355u-w10-pro-i7-ram-16-gb-ssd-disk\/","title":{"rendered":"Ra\u010dunalnik HP ProOne 240 G10 AiO | i7-1355U | W10 Pro \/ i7 \/ RAM 16 GB \/ SSD Disk"},"content":{"rendered":"<p>Eleganca in u\u010dinkovitost v enem, HP ProOne 240 G10 AiO je vse-v-enem re\u0161itev za sodobno delovno okolje. Z zmogljivim procesorjem in integralno grafiko ponuja izjemno uporabni\u0161ko izku\u0161njo na velikem 23,8-pal\u010dnem zaslonu. Kompakten dizajn in kakovostni materiali zagotavljajo zanesljivost in trajnost naprave.<\/p>\n<p>&lt;H2&gt;Najve\u010dje prednosti&lt;\/H2&gt;<br \/>\n&lt;ul&gt;<br \/>\n  &lt;li&gt;&lt;b&gt;Kompakten in eleganten dizajn&lt;\/b&gt; \u2013 Odli\u010dno se prilega kateri koli pisarni\u0161ki ali doma\u010di mizi.&lt;\/li&gt;<br \/>\n  &lt;li&gt;&lt;b&gt;Velik FHD ekran&lt;\/b&gt; \u2013 23,8-pal\u010dni zaslon omogo\u010da jasne vizualne prikaze.&lt;\/li&gt;<br \/>\n  &lt;li&gt;&lt;b&gt;Hiter NVMe SSD&lt;\/b&gt; \u2013 Izjemne hitrosti prenosa podatkov za nemoteno delo.&lt;\/li&gt;<br \/>\n  &lt;li&gt;&lt;b&gt;Wi-Fi 6 in Bluetooth 5.3&lt;\/b&gt; \u2013 Zanesljive in hitre povezave za vse va\u0161e brez\u017ei\u010dne naprave.&lt;\/li&gt;<br \/>\n&lt;\/ul&gt;<\/p>\n<p>&lt;H2&gt;Kdo kupuje ta izdelek&lt;\/H2&gt;<br \/>\nZa profesionalce in podjetja, ki potrebujejo zanesljivo in u\u010dinkovito delovno opremo. Idealna izbira za pisarni\u0161ka dela, poslovne uporabnike in kreativne strokovnjake, ki cenijo zmogljivost in varnost.<\/p>\n<p>&lt;H2&gt;Mo\u017enosti nadgradnje&lt;\/H2&gt;<br \/>\nNaprava omogo\u010da nadgradnje diska in pomnilnika, da zadostite specifi\u010dnim potrebam. Pred izvedbo nadgradnje se vedno posvetujte s strokovnjakom.<\/p>\n<p>&lt;H2&gt;Zakaj izbrati obnovljeno napravo&lt;\/H2&gt;<br \/>\nIzbira obnovljene naprave prina\u0161a \u0161tevilne prednosti. Tak izdelek prispeva k zmanj\u0161anju elektronskega odpadka in predstavlja okoljsko odgovorno izbiro. Strokovna storitev obnove zagotavlja, da naprava deluje kot nova. Standardiziran sistem kakovostnih ocen poskrbi, da prejmete visokokakovosten izdelek po ugodnej\u0161i ceni.<\/p>\n<p>HP ProOne 240 G10 AiO predstavlja zanesljivo izbiro za vse, ki potrebujejo moderno ra\u010dunalni\u0161ko opremo brez kompromisov pri kvaliteti in trajnosti.&lt;h2&gt;Odprta embala\u017ea&lt;\/h2&gt;&#13;<br \/>\n&lt;p&gt;Skoraj nobenih znakov obrabe. Tovarni\u0161ka kvaliteta. V ve\u010dini primerov gre za prese\u017eek proizvodnje in neprodane zaloge, pri katerih razlike v primerjavi z novimi napravami niso opazne.&lt;\/p&gt;&#13;<\/p>\n","protected":false},"excerpt":{"rendered":"<p>Intel Core i7-1355U (1,7 GHz), 16 GB\u00a0DDR4-3200, SSD 512 GB PCIe NVMe, Intel Iris Xe Graphics (IGP), Wi-Fi 6, Bluetooth 5.3, 60,5 cm (23,8&#8243;) FHD (1920&#215;1080) AG LED, HDMI 1.4, 1x USB-C 3.2 Gen1 (5Gbps), 2x USB-A 3.2 Gen1\u00a0(5Gbps), 2x USB-A 2.0, Microsoft\u00a0Windows 10 Pro (64-bit)<\/p>\n","protected":false},"featured_media":99847,"template":"","meta":[],"product_brand":[26],"product_cat":[1287,1286,1218,1957,1961],"product_tag":[1811],"class_list":{"0":"post-99845","1":"product","2":"type-product","3":"status-publish","4":"has-post-thumbnail","6":"product_brand-hewlett-packard","7":"product_cat-hp-racunalniki","8":"product_cat-priljubljena-iskanja","9":"product_cat-racunalniki","10":"product_cat-racunalniki-za-domaco-uporabo","11":"product_cat-racunalniki-za-poslovno-uporabo","12":"product_tag-pp","13":"pa_odgovorna-oseba-v-eu-hp-tehnicna-regulativna-ekipa","15":"first","16":"instock","17":"taxable","18":"shipping-taxable","19":"purchasable","20":"product-type-simple"},"_links":{"self":[{"href":"https:\/\/pracek.si\/racunalniskatrgovina\/wp-json\/wp\/v2\/product\/99845","targetHints":{"allow":["GET"]}}],"collection":[{"href":"https:\/\/pracek.si\/racunalniskatrgovina\/wp-json\/wp\/v2\/product"}],"about":[{"href":"https:\/\/pracek.si\/racunalniskatrgovina\/wp-json\/wp\/v2\/types\/product"}],"version-history":[{"count":1,"href":"https:\/\/pracek.si\/racunalniskatrgovina\/wp-json\/wp\/v2\/product\/99845\/revisions"}],"predecessor-version":[{"id":99846,"href":"https:\/\/pracek.si\/racunalniskatrgovina\/wp-json\/wp\/v2\/product\/99845\/revisions\/99846"}],"wp:featuredmedia":[{"embeddable":true,"href":"https:\/\/pracek.si\/racunalniskatrgovina\/wp-json\/wp\/v2\/media\/99847"}],"wp:attachment":[{"href":"https:\/\/pracek.si\/racunalniskatrgovina\/wp-json\/wp\/v2\/media?parent=99845"}],"wp:term":[{"taxonomy":"product_brand","embeddable":true,"href":"https:\/\/pracek.si\/racunalniskatrgovina\/wp-json\/wp\/v2\/product_brand?post=99845"},{"taxonomy":"product_cat","embeddable":true,"href":"https:\/\/pracek.si\/racunalniskatrgovina\/wp-json\/wp\/v2\/product_cat?post=99845"},{"taxonomy":"product_tag","embeddable":true,"href":"https:\/\/pracek.si\/racunalniskatrgovina\/wp-json\/wp\/v2\/product_tag?post=99845"}],"curies":[{"name":"wp","href":"https:\/\/api.w.org\/{rel}","templated":true}]}}