{"id":99947,"date":"2026-04-04T10:16:47","date_gmt":"2026-04-04T09:16:47","guid":{"rendered":"https:\/\/pracek.si\/racunalniskatrgovina\/izdelek\/racunalnik-hp-proone-240-g10-aio-i5-1334u-w10-pro-i5-ram-16-gb-ssd-disk\/"},"modified":"2026-04-04T10:16:52","modified_gmt":"2026-04-04T09:16:52","slug":"racunalnik-hp-proone-240-g10-aio-i5-1334u-w10-pro-i5-ram-16-gb-ssd-disk","status":"publish","type":"product","link":"https:\/\/pracek.si\/racunalniskatrgovina\/izdelek\/racunalnik-hp-proone-240-g10-aio-i5-1334u-w10-pro-i5-ram-16-gb-ssd-disk\/","title":{"rendered":"Ra\u010dunalnik HP ProOne 240 G10 AiO | i5-1334U | W10 Pro \/ i5 \/ RAM 16 GB \/ SSD Disk"},"content":{"rendered":"<p>Ra\u010dunalnik HP ProOne 240 G10 AiO je odli\u010dna izbira za tiste, ki \u017eelijo zmogljivo in elegantno re\u0161itev za svoje dnevne potrebe po ra\u010dunalni\u0161tvu. Z velikim 23,8-pal\u010dnim ekranom in sodobnim dizajnom se popolnoma prilega v vsak dom ali pisarno, hkrati pa zagotavlja brezhibno delovanje.<\/p>\n<p>&lt;H2&gt;Najve\u010dje prednosti&lt;\/H2&gt;<br \/>\n&lt;ul&gt;<br \/>\n&lt;li&gt;Velik, 23,8-pal\u010dni zaslon z LED osvetlitvijo in Full HD lo\u010dljivostjo, ki zagotavlja kristalno jasno sliko.&lt;\/li&gt;<br \/>\n&lt;li&gt;Integriran grafi\u010dni \u010dip zagotavlja odli\u010dno kakovost slike.&lt;\/li&gt;<br \/>\n&lt;li&gt;Zanesljiva hitrost procesiranja zahvaljujo\u010d &lt;b&gt;procesorju i5&lt;\/b&gt;.&lt;\/li&gt;<br \/>\n&lt;li&gt;Kompaktno ohi\u0161je, ki prihrani prostor in je enostavno za postavitev.&lt;\/li&gt;<br \/>\n&lt;li&gt;Zmogljivost prilagodljivosti z mo\u017enosti nadgradnje pomnilnika in diska.&lt;\/li&gt;<br \/>\n&lt;li&gt;Vgrajeni &lt;b&gt;Wi-Fi 6&lt;\/b&gt; in &lt;b&gt;Bluetooth 5.3&lt;\/b&gt; za hitro povezljivost.&lt;\/li&gt;<br \/>\n&lt;li&gt;Ve\u010d USB priklju\u010dkov, vklju\u010dno z &lt;b&gt;USB-C 3.2 Gen1&lt;\/b&gt;, ki omogo\u010dajo hitrej\u0161e prenose podatkov.&lt;\/li&gt;<br \/>\n&lt;\/ul&gt;<\/p>\n<p>&lt;H2&gt;Kdo kupuje ta izdelek&lt;\/H2&gt;<br \/>\nTa ra\u010dunalnik je pravo dopolnilo za pisarne, domove, ali izobra\u017eevalne ustanove, kjer robustnost in zanesljivost igrata klju\u010dno vlogo. Idealna re\u0161itev za profesionalce, ki i\u0161\u010dejo visokozmogljiv ra\u010dunalnik in dru\u017eine, ki potrebujejo zmogljivo napravo za ve\u010dpredstavnost.<\/p>\n<p>&lt;H2&gt;Mo\u017enosti nadgradnje&lt;\/H2&gt;<br \/>\nHP ProOne 240 G10 AiO omogo\u010da preprosto nadgradnjo pomnilnika in diska, kar pomeni, da lahko v prihodnosti pove\u010date zmogljivost naprave. Sistem &lt;b&gt;NVMe&lt;\/b&gt; omogo\u010da izjemno hitro delovanje, kar lahko dodatno izbolj\u0161ate z ve\u010djim pomnilnikom. Pred izvedbo nadgradnje se vedno posvetujte s strokovnjakom.<\/p>\n<p>&lt;H2&gt;Zakaj izbrati obnovljeno napravo&lt;\/H2&gt;<br \/>\nIzbira obnovljene naprave je trajnostna odlo\u010ditev, ki omogo\u010da, da tehnologija dose\u017ee svoj poln potencial, obenem pa prispeva k zmanj\u0161anju elektronskega odpada. Profesionalna obnova zagotavlja, da je naprava pregledana, testirana in pripravljena za optimalno delovanje. Poleg tega standardiziran sistem kakovostnih ocen poskrbi, da je vsaka naprava v odli\u010dnem stanju, s ceno, ki je vreden zaupanja.&lt;h2&gt;Odprta embala\u017ea&lt;\/h2&gt;&#13;<br \/>\n&lt;p&gt;Skoraj nobenih znakov obrabe. Tovarni\u0161ka kvaliteta. V ve\u010dini primerov gre za prese\u017eek proizvodnje in neprodane zaloge, pri katerih razlike v primerjavi z novimi napravami niso opazne.&lt;\/p&gt;&#13;<\/p>\n","protected":false},"excerpt":{"rendered":"<p>Intel Core i5-1334U (1,3 GHz), 16 GB DDR4-3200, SSD 512\u00a0GB PCIe NVMe, Intel Iris Xe Graphics (IGP), Wi-Fi 6 (802.11ax), Bluetooth 5.3, Webcam, 60,5 cm (23,8&#8243;) FHD (1920&#215;1080) AG LED 60Hz, HDMI, 1x USB-C 3.2 Gen1 (5Gbps), 2x USB-A 3.2 Gen2 (5Gbps),\u00a02x USB-A 2.0, Wired Kbd.,\u00a0Microsoft Windows 10 Pro (64-bit)<\/p>\n","protected":false},"featured_media":100358,"template":"","meta":[],"product_brand":[26],"product_cat":[1287,1286,1218,1288],"product_tag":[1811],"class_list":{"0":"post-99947","1":"product","2":"type-product","3":"status-publish","4":"has-post-thumbnail","6":"product_brand-hewlett-packard","7":"product_cat-hp-racunalniki","8":"product_cat-priljubljena-iskanja","9":"product_cat-racunalniki","10":"product_cat-racunalniki-i7","11":"product_tag-pp","12":"pa_odgovorna-oseba-v-eu-hp-tehnicna-regulativna-ekipa","14":"first","15":"instock","16":"taxable","17":"shipping-taxable","18":"purchasable","19":"product-type-simple"},"_links":{"self":[{"href":"https:\/\/pracek.si\/racunalniskatrgovina\/wp-json\/wp\/v2\/product\/99947","targetHints":{"allow":["GET"]}}],"collection":[{"href":"https:\/\/pracek.si\/racunalniskatrgovina\/wp-json\/wp\/v2\/product"}],"about":[{"href":"https:\/\/pracek.si\/racunalniskatrgovina\/wp-json\/wp\/v2\/types\/product"}],"version-history":[{"count":1,"href":"https:\/\/pracek.si\/racunalniskatrgovina\/wp-json\/wp\/v2\/product\/99947\/revisions"}],"predecessor-version":[{"id":99948,"href":"https:\/\/pracek.si\/racunalniskatrgovina\/wp-json\/wp\/v2\/product\/99947\/revisions\/99948"}],"wp:featuredmedia":[{"embeddable":true,"href":"https:\/\/pracek.si\/racunalniskatrgovina\/wp-json\/wp\/v2\/media\/100358"}],"wp:attachment":[{"href":"https:\/\/pracek.si\/racunalniskatrgovina\/wp-json\/wp\/v2\/media?parent=99947"}],"wp:term":[{"taxonomy":"product_brand","embeddable":true,"href":"https:\/\/pracek.si\/racunalniskatrgovina\/wp-json\/wp\/v2\/product_brand?post=99947"},{"taxonomy":"product_cat","embeddable":true,"href":"https:\/\/pracek.si\/racunalniskatrgovina\/wp-json\/wp\/v2\/product_cat?post=99947"},{"taxonomy":"product_tag","embeddable":true,"href":"https:\/\/pracek.si\/racunalniskatrgovina\/wp-json\/wp\/v2\/product_tag?post=99947"}],"curies":[{"name":"wp","href":"https:\/\/api.w.org\/{rel}","templated":true}]}}