{"id":99952,"date":"2026-04-04T10:16:54","date_gmt":"2026-04-04T09:16:54","guid":{"rendered":"https:\/\/pracek.si\/racunalniskatrgovina\/izdelek\/racunalnik-hp-proone-240-g10-aio-i5-1334u-freedos-i5-ram-16-gb-ssd-disk\/"},"modified":"2026-04-04T10:16:54","modified_gmt":"2026-04-04T09:16:54","slug":"racunalnik-hp-proone-240-g10-aio-i5-1334u-freedos-i5-ram-16-gb-ssd-disk","status":"publish","type":"product","link":"https:\/\/pracek.si\/racunalniskatrgovina\/izdelek\/racunalnik-hp-proone-240-g10-aio-i5-1334u-freedos-i5-ram-16-gb-ssd-disk\/","title":{"rendered":"Ra\u010dunalnik HP ProOne 240 G10 AiO | i5-1334U | FreeDOS \/ i5 \/ RAM 16 GB \/ SSD Disk"},"content":{"rendered":"<p>HP ProOne 240 G10 AiO zdru\u017euje eleganten dizajn, zmogljivost in vsestranskost v eni sami napravi. S svojim 23,8-pal\u010dnim zaslonom ponuja jasen in dinami\u010den prikaz, ki je idealen za tako delo kot zabavo. Ra\u010dunalnik je opremljen s sodobnim procesorjem, ki zagotavlja teko\u010de delovanje, zmogljiv pomnilnik in izjemno hiter SSD disk, zaradi \u010desar je primeren za \u0161iroko paleto uporabnikov.<\/p>\n<p><H2>Najve\u010dje prednosti<\/H2><br \/>\n<ul><br \/>\n  <li><b>Izjemno hiter NVMe SSD disk<\/b>: Zagotavlja hiter dostop do podatkov in izbolj\u0161ano odzivnost sistema.<\/li><br \/>\n  <li><b>23,8-pal\u010dni FHD zaslon<\/b>: Ponuja jasne in \u017eivahne slike, ne glede na to, ali delate ali u\u017eivate v multimedijskih vsebinah.<\/li><br \/>\n  <li><b>Wi-Fi 6 in Bluetooth 5.3 povezljivost<\/b>: U\u017eivajte v hitrih in zanesljivih brez\u017ei\u010dnih povezavah.<\/li><br \/>\n  <li><b>\u0160iroka paleta priklju\u010dkov<\/b>: Vklju\u010duje HDMI, USB-C 3.2, USB-A 3.2 in USB-A 2.0 za enostavno povezovanje z va\u0161imi napravami.<\/li><br \/>\n<\/ul><\/p>\n<p><H2>Kdo kupuje ta izdelek<\/H2><br \/>\nTa ra\u010dunalnik je primeren za profesionalce, ki potrebujejo zanesljivo in hitro napravo za vsakodnevna opravila. Prav tako je odli\u010dna izbira za \u0161tudente in doma\u010de uporabnike, ki i\u0161\u010dejo zmogljivo napravo za delo, \u0161tudij ali zabavo.<\/p>\n<p><H2>Mo\u017enosti nadgradnje<\/H2><br \/>\nRa\u010dunalnik HP ProOne 240 G10 AiO ponuja mo\u017enosti za nadgradnjo pomnilnika in diska, kar vam omogo\u010da prilagoditev naprave va\u0161im potrebam. Pred izvedbo nadgradnje se vedno posvetujte s strokovnjakom.<\/p>\n<p><H2>Zakaj izbrati obnovljeno napravo?<\/H2><br \/>\nIzbira obnovljene naprave je pametna odlo\u010ditev, saj prejmete kakovostno napravo, ki je bila strokovno pregledana in obnovljena po standardiziranem sistemu kakovostnih ocen. Tako prispevate k bolj trajnostni prihodnosti in pridobite odli\u010dno razmerje med ceno in zmogljivostjo.<\/p>\n<p>Izberite HP ProOne 240 G10 AiO kot svojo naslednjo ra\u010dunalni\u0161ko re\u0161itev, ki zdru\u017euje stil, u\u010dinkovitost in ekolo\u0161ko ozave\u0161\u010denost.<h2>Odprta embala\u017ea<\/h2>&#13;<br \/>\n<p>Skoraj nobenih znakov obrabe. Tovarni\u0161ka kvaliteta. V ve\u010dini primerov gre za prese\u017eek proizvodnje in neprodane zaloge, pri katerih razlike v primerjavi z novimi napravami niso opazne.<\/p>&#13;<\/p>\n","protected":false},"excerpt":{"rendered":"<p>Intel Core i5-1334U (1,3 GHz), 16 GB DDR4-3200, SSD 512\u00a0GB PCIe NVMe, Intel Iris Xe Graphics (IGP), Wi-Fi 6 (802.11ax), Bluetooth 5.3, Webcam, 60,5 cm (23,8&#8243;) FHD (1920&#215;1080) AG LED 60Hz, HDMI, 1x USB-C 3.2 Gen1 (5Gbps), 2x USB-A 3.2 Gen2 (5Gbps),\u00a02x USB-A 2.0, Wired Kbd., Free DOS<\/p>\n","protected":false},"featured_media":99954,"template":"","meta":[],"product_brand":[26],"product_cat":[1287,1286,1218,1288],"product_tag":[1811],"class_list":{"0":"post-99952","1":"product","2":"type-product","3":"status-publish","4":"has-post-thumbnail","6":"product_brand-hewlett-packard","7":"product_cat-hp-racunalniki","8":"product_cat-priljubljena-iskanja","9":"product_cat-racunalniki","10":"product_cat-racunalniki-i7","11":"product_tag-pp","12":"pa_odgovorna-oseba-v-eu-hp-tehnicna-regulativna-ekipa","14":"first","15":"instock","16":"taxable","17":"shipping-taxable","18":"purchasable","19":"product-type-simple"},"_links":{"self":[{"href":"https:\/\/pracek.si\/racunalniskatrgovina\/wp-json\/wp\/v2\/product\/99952","targetHints":{"allow":["GET"]}}],"collection":[{"href":"https:\/\/pracek.si\/racunalniskatrgovina\/wp-json\/wp\/v2\/product"}],"about":[{"href":"https:\/\/pracek.si\/racunalniskatrgovina\/wp-json\/wp\/v2\/types\/product"}],"version-history":[{"count":1,"href":"https:\/\/pracek.si\/racunalniskatrgovina\/wp-json\/wp\/v2\/product\/99952\/revisions"}],"predecessor-version":[{"id":99953,"href":"https:\/\/pracek.si\/racunalniskatrgovina\/wp-json\/wp\/v2\/product\/99952\/revisions\/99953"}],"wp:featuredmedia":[{"embeddable":true,"href":"https:\/\/pracek.si\/racunalniskatrgovina\/wp-json\/wp\/v2\/media\/99954"}],"wp:attachment":[{"href":"https:\/\/pracek.si\/racunalniskatrgovina\/wp-json\/wp\/v2\/media?parent=99952"}],"wp:term":[{"taxonomy":"product_brand","embeddable":true,"href":"https:\/\/pracek.si\/racunalniskatrgovina\/wp-json\/wp\/v2\/product_brand?post=99952"},{"taxonomy":"product_cat","embeddable":true,"href":"https:\/\/pracek.si\/racunalniskatrgovina\/wp-json\/wp\/v2\/product_cat?post=99952"},{"taxonomy":"product_tag","embeddable":true,"href":"https:\/\/pracek.si\/racunalniskatrgovina\/wp-json\/wp\/v2\/product_tag?post=99952"}],"curies":[{"name":"wp","href":"https:\/\/api.w.org\/{rel}","templated":true}]}}