{"id":99985,"date":"2026-04-04T10:16:54","date_gmt":"2026-04-04T09:16:54","guid":{"rendered":"https:\/\/pracek.si\/racunalniskatrgovina\/izdelek\/racunalnik-hp-proone-240-g10-aio-i5-1334u-w11-pro-i5-ram-16-gb-ssd-disk-2\/"},"modified":"2026-04-04T10:16:57","modified_gmt":"2026-04-04T09:16:57","slug":"racunalnik-hp-proone-240-g10-aio-i5-1334u-w11-pro-i5-ram-16-gb-ssd-disk-2","status":"publish","type":"product","link":"https:\/\/pracek.si\/racunalniskatrgovina\/izdelek\/racunalnik-hp-proone-240-g10-aio-i5-1334u-w11-pro-i5-ram-16-gb-ssd-disk-2\/","title":{"rendered":"Ra\u010dunalnik HP ProOne 240 G10 AiO | i5-1334U | W11 Pro \/ i5 \/ RAM 16 GB \/ SSD Disk"},"content":{"rendered":"<p>Ra\u010dunalnik HP ProOne 240 G10 AiO zdru\u017euje eleganten dizajn in zmogljivo tehnologijo v eni napravi. Njegova kompaktna oblika se prilega v vsak prostor, medtem ko 60,5 cm (23,8&quot;) FHD zaslon nudi jasno sliko in do\u017eivetje brez primere. S podporo za hitro povezovanje, kot je Wi-Fi 6, in naprednimi grafi\u010dnimi zmogljivostmi, je ta ra\u010dunalnik idealna izbira za \u0161irok spekter uporabnikov.<\/p>\n<p>&lt;H2&gt;Najve\u010dje prednosti&lt;\/H2&gt;<br \/>\n&lt;ul&gt;<br \/>\n  &lt;li&gt;&lt;b&gt;Vsestranskost zmogljivosti&lt;\/b&gt;: I5 procesor v kombinaciji z napredno grafiko omogo\u010da nemoteno delo in zabavo.&lt;\/li&gt;<br \/>\n  &lt;li&gt;&lt;b&gt;Hiter SSD&lt;\/b&gt;: Integracija SSD diska s podporo NVMe tehnologiji zagotavlja bliskovito hiter dostop do podatkov in hitro nalaganje aplikacij.&lt;\/li&gt;<br \/>\n  &lt;li&gt;&lt;b&gt;Elegantna zasnova&lt;\/b&gt;: Funkcionalna zasnova z vgrajeno spletno kamero je odli\u010dna za profesionalne video klice in zasebne pogovore.&lt;\/li&gt;<br \/>\n  &lt;li&gt;&lt;b&gt;Raz\u0161irljive povezljivosti&lt;\/b&gt;: Ve\u010d USB priklju\u010dkov, vklju\u010dno s sodobnim USB-C, omogo\u010da hitro povezovanje in prenos podatkov.&lt;\/li&gt;<br \/>\n&lt;\/ul&gt;<\/p>\n<p>&lt;H2&gt;Kdo kupuje ta izdelek&lt;\/H2&gt;<br \/>\nRa\u010dunalnik HP ProOne 240 je primeren za profesionalce, ki i\u0161\u010dejo zanesljivo delovno postajo, ali za dru\u017eine, ki potrebujejo sredi\u0161\u010de zabave. Prav tako odli\u010dno slu\u017ei \u0161tudentom ali u\u010diteljem, ki potrebujejo napravo za raziskovanje, u\u010denje ali ustvarjanje multimedijskih vsebin.<\/p>\n<p>&lt;H2&gt;Mo\u017enosti nadgradnje&lt;\/H2&gt;<br \/>\nTa ra\u010dunalnik omogo\u010da nadgradnjo tako diska kot pomnilnika, kar omogo\u010da prilagoditev glede na va\u0161e potrebe. Pred izvedbo nadgradnje se vedno posvetujte s strokovnjakom.<\/p>\n<p>&lt;H2&gt;Zakaj izbrati obnovljeno napravo&lt;\/H2&gt;<br \/>\nIzbira obnovljene naprave je okoljska in gospodarna odlo\u010ditev. Vsak ra\u010dunalnik je bil ob skrbni obnovi podvr\u017een strogi kontroli kakovosti z uporabo standardiziranega sistema ocenjevanja. Tako pridobite izdelek, ki je kot nov, vendar po dostopnej\u0161i ceni. To omogo\u010da dodatne prihranke, medtem ko prispeva k zmanj\u0161evanju elektronskih odpadkov in skrbi za okolje.&lt;h2&gt;Odprta embala\u017ea&lt;\/h2&gt;&#13;<br \/>\n&lt;p&gt;Skoraj nobenih znakov obrabe. Tovarni\u0161ka kvaliteta. V ve\u010dini primerov gre za prese\u017eek proizvodnje in neprodane zaloge, pri katerih razlike v primerjavi z novimi napravami niso opazne.&lt;\/p&gt;&#13;<\/p>\n","protected":false},"excerpt":{"rendered":"<p>Intel Core i5-1334U (1,3 GHz), 16 GB DDR4-3200, SSD 512\u00a0GB PCIe NVMe, Intel Iris Xe Graphics (IGP), Wi-Fi 6 (802.11ax), Bluetooth 5.3, Webcam, 60,5 cm (23,8&#8243;) FHD (1920&#215;1080) AG LED 60Hz, HDMI, 1x USB-C 3.2 Gen1 (5Gbps), 2x USB-A 3.2 Gen2 (5Gbps),\u00a02x USB-A 2.0, Wired Kbd.,\u00a0Microsoft Windows 11\u00a0Pro (64-bit)<\/p>\n","protected":false},"featured_media":99987,"template":"","meta":[],"product_brand":[26],"product_cat":[1287,1286,1218,1288],"product_tag":[1811],"class_list":{"0":"post-99985","1":"product","2":"type-product","3":"status-publish","4":"has-post-thumbnail","6":"product_brand-hewlett-packard","7":"product_cat-hp-racunalniki","8":"product_cat-priljubljena-iskanja","9":"product_cat-racunalniki","10":"product_cat-racunalniki-i7","11":"product_tag-pp","12":"pa_odgovorna-oseba-v-eu-hp-tehnicna-regulativna-ekipa","14":"first","15":"instock","16":"taxable","17":"shipping-taxable","18":"purchasable","19":"product-type-simple"},"_links":{"self":[{"href":"https:\/\/pracek.si\/racunalniskatrgovina\/wp-json\/wp\/v2\/product\/99985","targetHints":{"allow":["GET"]}}],"collection":[{"href":"https:\/\/pracek.si\/racunalniskatrgovina\/wp-json\/wp\/v2\/product"}],"about":[{"href":"https:\/\/pracek.si\/racunalniskatrgovina\/wp-json\/wp\/v2\/types\/product"}],"version-history":[{"count":1,"href":"https:\/\/pracek.si\/racunalniskatrgovina\/wp-json\/wp\/v2\/product\/99985\/revisions"}],"predecessor-version":[{"id":99986,"href":"https:\/\/pracek.si\/racunalniskatrgovina\/wp-json\/wp\/v2\/product\/99985\/revisions\/99986"}],"wp:featuredmedia":[{"embeddable":true,"href":"https:\/\/pracek.si\/racunalniskatrgovina\/wp-json\/wp\/v2\/media\/99987"}],"wp:attachment":[{"href":"https:\/\/pracek.si\/racunalniskatrgovina\/wp-json\/wp\/v2\/media?parent=99985"}],"wp:term":[{"taxonomy":"product_brand","embeddable":true,"href":"https:\/\/pracek.si\/racunalniskatrgovina\/wp-json\/wp\/v2\/product_brand?post=99985"},{"taxonomy":"product_cat","embeddable":true,"href":"https:\/\/pracek.si\/racunalniskatrgovina\/wp-json\/wp\/v2\/product_cat?post=99985"},{"taxonomy":"product_tag","embeddable":true,"href":"https:\/\/pracek.si\/racunalniskatrgovina\/wp-json\/wp\/v2\/product_tag?post=99985"}],"curies":[{"name":"wp","href":"https:\/\/api.w.org\/{rel}","templated":true}]}}