{"id":99991,"date":"2026-04-04T10:16:54","date_gmt":"2026-04-04T09:16:54","guid":{"rendered":"https:\/\/pracek.si\/racunalniskatrgovina\/izdelek\/racunalnik-hp-proone-440-g9-aio-i5-13500t-win-11-pro-i5-ram-16-gb-ssd-disk-2\/"},"modified":"2026-04-04T10:17:00","modified_gmt":"2026-04-04T09:17:00","slug":"racunalnik-hp-proone-440-g9-aio-i5-13500t-win-11-pro-i5-ram-16-gb-ssd-disk-2","status":"publish","type":"product","link":"https:\/\/pracek.si\/racunalniskatrgovina\/izdelek\/racunalnik-hp-proone-440-g9-aio-i5-13500t-win-11-pro-i5-ram-16-gb-ssd-disk-2\/","title":{"rendered":"Ra\u010dunalnik HP ProOne 440 G9 AiO | i5-13500T | Win 11 Pro \/ i5 \/ RAM 16 GB \/ SSD Disk"},"content":{"rendered":"<p>Ra\u010dunalnik HP ProOne 440 G9 AiO prina\u0161a izjemno zmogljivost in elegantno zasnovo v enem. Ponuja napredne funkcionalnosti z integracijo zmogljivega I5 procesorja in impresivnim 23,8&quot; FHD zaslonom, ki zagotavlja ostre in jasne slike. Ta vse-v-enem naprava je popolna izbira za delovna okolja, kjer sta u\u010dinkovitost in estetika klju\u010dnega pomena.<\/p>\n<p><H2>Najve\u010dje prednosti<\/H2><br \/>\n<ul><br \/>\n  <li><b>Prostorsko var\u010dna zasnova:<\/b> Celovit sistem v kompaktni obliki, ki ustreza vsakemu delovnemu ali doma\u010demu okolju.<\/li><br \/>\n  <li><b>Visoka zmogljivost:<\/b> I5 procesor poskrbi za nemoteno izvajanje ve\u010dopravilnostnih nalog.<\/li><br \/>\n  <li><b>Svetel in \u010dist zaslon:<\/b> 23,8&quot; FHD zaslon prina\u0161a izjemno vizualno izku\u0161njo s \u0161irokim vidnim kotom.<\/li><br \/>\n  <li><b>Hitrost pomnilnika:<\/b> DDR4 tehnologija omogo\u010da teko\u010de prehode med aplikacijami.<\/li><br \/>\n  <li><b>Izjemna hitrost NVMe diska:<\/b> Omogo\u010da hitro nalaganje in shranjevanje podatkov.<\/li><br \/>\n  <li><b>Povezljivost:<\/b> Vmesniki, kot so USB, HDMI in DisplayPort, zagotavljajo enostavno povezovanje z dodatnimi napravami.<\/li><br \/>\n<\/ul><\/p>\n<p><H2>Kdo kupuje ta izdelek<\/H2><br \/>\nTa ra\u010dunalnik je idealen za poslovne uporabnike in doma\u010de pisarne, kjer so hitrost, zanesljivost in funkcionalnost klju\u010dnega pomena. Prav tako ga bodo cenili ustvarjalci digitalnih vsebin in profesionalci, ki potrebujejo zmogljivo re\u0161itev za obdelavo ve\u010djih datotek in izvedbo kompleksnih nalog.<\/p>\n<p><H2>Mo\u017enosti nadgradnje<\/H2><br \/>\nZa tiste, ki \u017eelijo \u0161e bolj prilagoditi svoje delovno okolje, HP ProOne 440 G9 AiO ponuja mo\u017enost nadgradnje diska in pomnilnika, kar vam omogo\u010da, da sistem \u0161e bolj uskladite z va\u0161imi potrebami. <b>Pred izvedbo nadgradnje se vedno posvetujte s strokovnjakom.<\/b><\/p>\n<p><H2>Zakaj izbrati obnovljeno napravo<\/H2><br \/>\nOdlo\u010ditev za obnovljeno napravo pomeni izbiro kakovosti po ugodnej\u0161i ceni in prispevek k trajnostnosti. Te naprave so skrbno pregledane in obnovljene po standardiziranem sistemu kakovostnih ocen, kar zagotavlja njihovo zanesljivost in dolgo \u017eivljenjsko dobo. S tem ne samo da optimizirate va\u0161 prora\u010dun, ampak tudi podpirate ravnanje, ki je prijazno do okolja.<h2>Odprta embala\u017ea<\/h2>&#13;<br \/>\n<p>Skoraj nobenih znakov obrabe. Tovarni\u0161ka kvaliteta. V ve\u010dini primerov gre za prese\u017eek proizvodnje in neprodane zaloge, pri katerih razlike v primerjavi z novimi napravami niso opazne.<\/p>&#13;<\/p>\n","protected":false},"excerpt":{"rendered":"<p>Intel\u00a0Core i5-13500T (1,6 &#8211; 4,6 GHz), 60,45 cm (23,8\u2033) FHD (1920&#215;1080) LED 60 Hz, 16\u00a0GB DDR4-3200, SSD 512 GB\u00a0M.2 PCIe NVMe, no ODD\u00a0Intel\u00a0UHD Graphics 770 (IGP), 1x DisplayPort, 1x HDMI 1.4, 3x USB-A 3.2 Gen2 (10Gbps), 1x USB-C 3.2 (10Gbps), 2x USB-A 3.2 Gen1 (5Gbps), Wi-Fi 6, Bluetooth 5.3, Gb LAN, Webcam, Wired Kbd.,\u00a0Microsoft Windows 11\u00a0Pro (64-bit)<\/p>\n","protected":false},"featured_media":99993,"template":"","meta":[],"product_brand":[26],"product_cat":[1287,1286,1218,1288],"product_tag":[1811],"class_list":{"0":"post-99991","1":"product","2":"type-product","3":"status-publish","4":"has-post-thumbnail","6":"product_brand-hewlett-packard","7":"product_cat-hp-racunalniki","8":"product_cat-priljubljena-iskanja","9":"product_cat-racunalniki","10":"product_cat-racunalniki-i7","11":"product_tag-pp","12":"pa_odgovorna-oseba-v-eu-hp-tehnicna-regulativna-ekipa","14":"first","15":"instock","16":"taxable","17":"shipping-taxable","18":"purchasable","19":"product-type-simple"},"_links":{"self":[{"href":"https:\/\/pracek.si\/racunalniskatrgovina\/wp-json\/wp\/v2\/product\/99991","targetHints":{"allow":["GET"]}}],"collection":[{"href":"https:\/\/pracek.si\/racunalniskatrgovina\/wp-json\/wp\/v2\/product"}],"about":[{"href":"https:\/\/pracek.si\/racunalniskatrgovina\/wp-json\/wp\/v2\/types\/product"}],"version-history":[{"count":1,"href":"https:\/\/pracek.si\/racunalniskatrgovina\/wp-json\/wp\/v2\/product\/99991\/revisions"}],"predecessor-version":[{"id":99992,"href":"https:\/\/pracek.si\/racunalniskatrgovina\/wp-json\/wp\/v2\/product\/99991\/revisions\/99992"}],"wp:featuredmedia":[{"embeddable":true,"href":"https:\/\/pracek.si\/racunalniskatrgovina\/wp-json\/wp\/v2\/media\/99993"}],"wp:attachment":[{"href":"https:\/\/pracek.si\/racunalniskatrgovina\/wp-json\/wp\/v2\/media?parent=99991"}],"wp:term":[{"taxonomy":"product_brand","embeddable":true,"href":"https:\/\/pracek.si\/racunalniskatrgovina\/wp-json\/wp\/v2\/product_brand?post=99991"},{"taxonomy":"product_cat","embeddable":true,"href":"https:\/\/pracek.si\/racunalniskatrgovina\/wp-json\/wp\/v2\/product_cat?post=99991"},{"taxonomy":"product_tag","embeddable":true,"href":"https:\/\/pracek.si\/racunalniskatrgovina\/wp-json\/wp\/v2\/product_tag?post=99991"}],"curies":[{"name":"wp","href":"https:\/\/api.w.org\/{rel}","templated":true}]}}