{"id":132,"date":"2026-04-09T10:21:07","date_gmt":"2026-04-09T09:21:07","guid":{"rendered":"https:\/\/pracek.si\/rezervni-deli-za-telefone\/?post_type=product&#038;p=132"},"modified":"2026-05-03T18:18:04","modified_gmt":"2026-05-03T17:18:04","slug":"oled-assembly-for-iphone-13-refurbished","status":"publish","type":"product","link":"https:\/\/pracek.si\/rezervni-deli-za-telefone\/izdelek\/oled-assembly-for-iphone-13-refurbished\/","title":{"rendered":"OLED Assembly For iPhone 13 (Refurbished)"},"content":{"rendered":"\n<p>Ta OLED zaslon (assembly) je obnovljen (refurbished) rezervni del za iPhone 13, namenjen zamenjavi po\u0161kodovanega ali nedelujo\u010dega zaslona. Zagotavlja vrhunsko kakovost slike, globoke kontraste in odziven touch za nemoteno uporabo.<\/p>\n\n\n\n<p>Obnovljen zaslon je strokovno testiran in popolnoma funkcionalen, hkrati pa predstavlja cenovno ugodnej\u0161o alternativo novemu originalnemu delu. Idealen je za vse, ki \u017eelijo kakovostno popravilo po dostopnej\u0161i ceni.<\/p>\n\n\n\n<p>Prednosti izdelka:<\/p>\n\n\n\n<p>OLED zaslon (assembly)<br>Obnovljen (refurbished) in testiran<br>Popolna zdru\u017eljivost z iPhone 13<br>Odli\u010dna kakovost slike (\u017eivahne barve in kontrast)<br>Natan\u010den in hiter odziv na dotik<br>Cenovno ugodna re\u0161itev<\/p>\n\n\n\n<p>Primerno za odpravo te\u017eav:<\/p>\n\n\n\n<p>po\u010den ali razbit zaslon<br>\u010drn zaslon ali brez slike<br>neodziven ali slab touch<br>mrtvi piksli, lise ali napake v prikazu<\/p>\n\n\n\n<p>Izdelek je primeren za profesionalne serviserje in izku\u0161ene uporabnike. Priporo\u010damo strokovno vgradnjo, saj lahko nepravilna monta\u017ea povzro\u010di dodatne po\u0161kodbe naprave.<\/p>\n\n\n\n<p>\u010ce i\u0161\u010de\u0161 zanesljiv in ugoden zaslon za iPhone 13, je ta obnovljen OLED odli\u010dna izbira.<\/p>\n","protected":false},"excerpt":{"rendered":"<p>Obnovljen OLED zaslon za iPhone 13, ki zagotavlja vrhunsko sliko, mo\u010dan kontrast in odziven touch. Idealna re\u0161itev za zamenjavo po\u0161kodovanega ali nedelujo\u010dega zaslona po ugodnej\u0161i ceni.<\/p>\n","protected":false},"featured_media":143,"template":"","meta":[],"product_brand":[],"product_cat":[],"product_tag":[],"class_list":{"0":"post-132","1":"product","2":"type-product","3":"status-publish","4":"has-post-thumbnail","7":"first","8":"outofstock","9":"taxable","10":"shipping-taxable","11":"purchasable","12":"product-type-simple"},"_links":{"self":[{"href":"https:\/\/pracek.si\/rezervni-deli-za-telefone\/wp-json\/wp\/v2\/product\/132","targetHints":{"allow":["GET"]}}],"collection":[{"href":"https:\/\/pracek.si\/rezervni-deli-za-telefone\/wp-json\/wp\/v2\/product"}],"about":[{"href":"https:\/\/pracek.si\/rezervni-deli-za-telefone\/wp-json\/wp\/v2\/types\/product"}],"wp:featuredmedia":[{"embeddable":true,"href":"https:\/\/pracek.si\/rezervni-deli-za-telefone\/wp-json\/wp\/v2\/media\/143"}],"wp:attachment":[{"href":"https:\/\/pracek.si\/rezervni-deli-za-telefone\/wp-json\/wp\/v2\/media?parent=132"}],"wp:term":[{"taxonomy":"product_brand","embeddable":true,"href":"https:\/\/pracek.si\/rezervni-deli-za-telefone\/wp-json\/wp\/v2\/product_brand?post=132"},{"taxonomy":"product_cat","embeddable":true,"href":"https:\/\/pracek.si\/rezervni-deli-za-telefone\/wp-json\/wp\/v2\/product_cat?post=132"},{"taxonomy":"product_tag","embeddable":true,"href":"https:\/\/pracek.si\/rezervni-deli-za-telefone\/wp-json\/wp\/v2\/product_tag?post=132"}],"curies":[{"name":"wp","href":"https:\/\/api.w.org\/{rel}","templated":true}]}}