{"id":112,"date":"2025-11-24T10:15:34","date_gmt":"2025-11-24T09:15:34","guid":{"rendered":"https:\/\/pracek.si\/servis-telefonov\/?page_id=112"},"modified":"2025-11-29T15:31:27","modified_gmt":"2025-11-29T14:31:27","slug":"servis-telefonov-po-posti","status":"publish","type":"page","link":"https:\/\/pracek.si\/servis-telefonov\/servis-telefonov-po-posti\/","title":{"rendered":"Servis telefonov po po\u0161ti"},"content":{"rendered":"<table style=\"width:100%; border-collapse:collapse; text-align:center;\">\n<tr>\n<td style=\"border:1px solid #ccc; padding:10px;\">\n      <a href=\"https:\/\/pracek.si\/servis-telefonov\/\" style=\"text-decoration:underline;\">Ajdov\u0161\u010dina<\/a>\n    <\/td>\n<td style=\"border:1px solid #ccc; padding:10px;\">\n      <a href=\"https:\/\/share.google\/LvT9VzdziwNs0rTRZ\" style=\"text-decoration:underline;\" target=\"_blank\" rel=\"noopener\">Ljubljana<\/a>\n    <\/td>\n<td style=\"border:1px solid #ccc; padding:10px;\">\n      <a href=\"https:\/\/pracek.si\/racunalniski-servis-postojna\/\" style=\"text-decoration:underline;\">Postojna<\/a>\n    <\/td>\n<td style=\"border:1px solid #ccc; padding:10px;\">\n      <a href=\"https:\/\/pracek.si\/servis-telefonov\/servis-telefonov-po-posti\/\" style=\"text-decoration:underline;\">Po po\u0161ti<\/a>\n    <\/td>\n<\/tr>\n<\/table>\n\n\n\n\n<p>\u010ce ne morete osebno pripeljati telefona v na\u0161 servis, lahko napravo <strong>po\u0161ljete po po\u0161ti<\/strong> v na\u0161 glavni servis <strong>v Ajdov\u0161\u010dino<\/strong>. Postopek je enostaven in hiter \u2013 ve\u010dino popravil opravimo v <strong>enem do dveh dneh<\/strong> po prejemu naprave.<\/p>\n\n\n\n<h4 class=\"wp-block-heading\">Postopek po\u0161iljanja:<\/h4>\n\n\n\n<ol class=\"wp-block-list\">\n<li><strong>Najprej nas kontaktirajte<\/strong> \u2013 izpolnite obrazec spodaj in sporo\u010dite te\u017eavo s telefonom.<\/li>\n\n\n\n<li>Po prejemu va\u0161ega povpra\u0161evanja vam po\u0161ljemo <strong>navodila za po\u0161iljanje<\/strong> in naslov servisa.<\/li>\n\n\n\n<li>Telefon <strong>varno zapakirajte<\/strong> (brez polnilca in dodatkov, po mo\u017enosti zavit v mehur\u010dasto folijo ali za\u0161\u010ditno embala\u017eo).<\/li>\n\n\n\n<li>Po\u0161ljite paket z izbranim ponudnikom (Po\u0161ta Slovenije, GLS, DPD, ipd.).<\/li>\n<\/ol>\n\n\n\n<figure class=\"wp-block-image aligncenter size-full is-resized\"><a href=\"https:\/\/pracek.si\/servis-telefonov\/kontakt\/#povprasevanje\"><img loading=\"lazy\" decoding=\"async\" width=\"956\" height=\"335\" src=\"https:\/\/pracek.si\/servis-telefonov\/wp-content\/uploads\/2025\/11\/povprasevanje.png\" alt=\"\" class=\"wp-image-91\" style=\"width:385px;height:auto\" srcset=\"https:\/\/pracek.si\/servis-telefonov\/wp-content\/uploads\/2025\/11\/povprasevanje.png 956w, https:\/\/pracek.si\/servis-telefonov\/wp-content\/uploads\/2025\/11\/povprasevanje-300x105.png 300w, https:\/\/pracek.si\/servis-telefonov\/wp-content\/uploads\/2025\/11\/povprasevanje-768x269.png 768w\" sizes=\"auto, (max-width: 956px) 100vw, 956px\" \/><\/a><\/figure>\n\n\n\n<p>Po kon\u010danem servisu vam telefon <strong>po\u0161ljemo nazaj<\/strong> (po\u0161tnina brezpla\u010dna) na va\u0161 naslov.<\/p>\n\n\n\n<p><strong>Hitro, varno in brez nepotrebnih poti \u2013 va\u0161 telefon popravimo, vi pa prihranite \u010das.<\/strong><\/p>\n","protected":false},"excerpt":{"rendered":"<p>\u010ce ne morete osebno pripeljati telefona v na\u0161 servis, lahko napravo po\u0161ljete po po\u0161ti v na\u0161 glavni servis v Ajdov\u0161\u010dino. Postopek je enostaven in hiter \u2013 ve\u010dino popravil opravimo v enem do dveh dneh po prejemu naprave. Postopek po\u0161iljanja: Po kon\u010danem servisu vam telefon po\u0161ljemo nazaj (po\u0161tnina brezpla\u010dna) na va\u0161 naslov. Hitro, varno in brez [&hellip;]<\/p>\n","protected":false},"author":1,"featured_media":0,"parent":0,"menu_order":0,"comment_status":"closed","ping_status":"closed","template":"","meta":{"footnotes":""},"class_list":["post-112","page","type-page","status-publish","hentry"],"_links":{"self":[{"href":"https:\/\/pracek.si\/servis-telefonov\/wp-json\/wp\/v2\/pages\/112","targetHints":{"allow":["GET"]}}],"collection":[{"href":"https:\/\/pracek.si\/servis-telefonov\/wp-json\/wp\/v2\/pages"}],"about":[{"href":"https:\/\/pracek.si\/servis-telefonov\/wp-json\/wp\/v2\/types\/page"}],"author":[{"embeddable":true,"href":"https:\/\/pracek.si\/servis-telefonov\/wp-json\/wp\/v2\/users\/1"}],"replies":[{"embeddable":true,"href":"https:\/\/pracek.si\/servis-telefonov\/wp-json\/wp\/v2\/comments?post=112"}],"version-history":[{"count":3,"href":"https:\/\/pracek.si\/servis-telefonov\/wp-json\/wp\/v2\/pages\/112\/revisions"}],"predecessor-version":[{"id":209,"href":"https:\/\/pracek.si\/servis-telefonov\/wp-json\/wp\/v2\/pages\/112\/revisions\/209"}],"wp:attachment":[{"href":"https:\/\/pracek.si\/servis-telefonov\/wp-json\/wp\/v2\/media?parent=112"}],"curies":[{"name":"wp","href":"https:\/\/api.w.org\/{rel}","templated":true}]}}